{"id":137334,"date":"2025-11-20T14:39:38","date_gmt":"2025-11-20T13:39:38","guid":{"rendered":"https:\/\/poppers-online.ch\/produkt\/fuck-fist-ff-hybrid-relax-500ml\/"},"modified":"2025-11-20T16:14:08","modified_gmt":"2025-11-20T15:14:08","slug":"fuck-fist-ff-hybrid-relax-500ml","status":"publish","type":"product","link":"https:\/\/dev.poppers-online.ch\/fr\/produit\/fuck-fist-ff-hybrid-relax-500ml\/","title":{"rendered":"Fuck &amp; Fist &#8211; FF Hybrid Relax 500ml"},"content":{"rendered":"","protected":false},"excerpt":{"rendered":"<p data-start=\"205\" data-end=\"1005\">Des sessions FF ? Jamais aussi facile !<br data-start=\"286\" data-end=\"289\">Le <strong data-start=\"293\" data-end=\"326\">Fuck &amp; Fist &#8211; FF Hybrid Relax 500ml<\/strong> dans son flacon g\u00e9n\u00e9reux de 500 ml est votre gel lubrifiant fiable pour le fisting et le jeu anal intense. Gr\u00e2ce \u00e0 l&rsquo;effet l\u00e9g\u00e8rement rafra\u00eechissant du menthol, il procure une sensation de douceur et de d\u00e9tente &#8211; id\u00e9al pour ceux qui pr\u00e9f\u00e8rent un confort suppl\u00e9mentaire. La formule hybride de haute qualit\u00e9 \u00e0 base d&rsquo;eau et de silicone offre une lubrification exceptionnellement lisse et durable, qui reste fiable m\u00eame en cas d&rsquo;utilisation intensive.<br data-start=\"742\" data-end=\"745\">La texture cr\u00e9meuse et stable s&rsquo;\u00e9tale en douceur et reste l\u00e0 o\u00f9 vous en avez besoin, sans couler. Comme le gel est compatible avec le latex, vous pouvez l&rsquo;utiliser de mani\u00e8re polyvalente et en toute s\u00e9curit\u00e9 &#8211; parfait pour les utilisateurs* exp\u00e9riment\u00e9s comme pour les curieux.    <\/p>\n<p data-start=\"1007\" data-end=\"1151\">\u2714 Gel hybride eau &amp; silicone<br data-start=\"1040\" data-end=\"1043\">\u2714 Id\u00e9al pour le sexe anal &amp; le FF-Play<br data-start=\"1072\" data-end=\"1075\">\u2714 Doux rafra\u00eechissement gr\u00e2ce au menthol<br data-start=\"1104\" data-end=\"1107\">\u2714 Tr\u00e8s \u00e9conomique<br data-start=\"1122\" data-end=\"1125\">\u2714 Bo\u00eete g\u00e9n\u00e9reuse de 500 ml<\/p>\n","protected":false},"featured_media":137330,"comment_status":"open","ping_status":"closed","template":"","meta":{"_acf_changed":false,"_glsr_average":0,"_glsr_ranking":0,"_glsr_reviews":0},"product_brand":[],"product_cat":[2067,166],"product_tag":[],"class_list":{"0":"post-137334","1":"product","2":"type-product","3":"status-publish","4":"has-post-thumbnail","6":"product_cat-lubrifiant","7":"product_cat-droguerie","9":"first","10":"outofstock","11":"taxable","12":"shipping-taxable","13":"purchasable","14":"product-type-simple"},"acf":[],"_links":{"self":[{"href":"https:\/\/dev.poppers-online.ch\/fr\/wp-json\/wp\/v2\/product\/137334","targetHints":{"allow":["GET"]}}],"collection":[{"href":"https:\/\/dev.poppers-online.ch\/fr\/wp-json\/wp\/v2\/product"}],"about":[{"href":"https:\/\/dev.poppers-online.ch\/fr\/wp-json\/wp\/v2\/types\/product"}],"replies":[{"embeddable":true,"href":"https:\/\/dev.poppers-online.ch\/fr\/wp-json\/wp\/v2\/comments?post=137334"}],"wp:featuredmedia":[{"embeddable":true,"href":"https:\/\/dev.poppers-online.ch\/fr\/wp-json\/wp\/v2\/media\/137330"}],"wp:attachment":[{"href":"https:\/\/dev.poppers-online.ch\/fr\/wp-json\/wp\/v2\/media?parent=137334"}],"wp:term":[{"taxonomy":"product_brand","embeddable":true,"href":"https:\/\/dev.poppers-online.ch\/fr\/wp-json\/wp\/v2\/product_brand?post=137334"},{"taxonomy":"product_cat","embeddable":true,"href":"https:\/\/dev.poppers-online.ch\/fr\/wp-json\/wp\/v2\/product_cat?post=137334"},{"taxonomy":"product_tag","embeddable":true,"href":"https:\/\/dev.poppers-online.ch\/fr\/wp-json\/wp\/v2\/product_tag?post=137334"}],"curies":[{"name":"wp","href":"https:\/\/api.w.org\/{rel}","templated":true}]}}