{"id":138196,"date":"2025-11-27T12:26:29","date_gmt":"2025-11-27T11:26:29","guid":{"rendered":"https:\/\/poppers-online.ch\/produkt\/lubrifiant-a-base-deau-fuck-fist-250ml\/"},"modified":"2025-11-30T14:07:18","modified_gmt":"2025-11-30T13:07:18","slug":"lubrifiant-a-base-deau-fuck-fist-250ml","status":"publish","type":"product","link":"https:\/\/dev.poppers-online.ch\/fr\/produit\/lubrifiant-a-base-deau-fuck-fist-250ml\/","title":{"rendered":"Lubrifiant \u00e0 base d&rsquo;eau Fuck &amp; Fist 250ml"},"content":{"rendered":"","protected":false},"excerpt":{"rendered":"<p data-start=\"112\" data-end=\"201\"><strong data-start=\"112\" data-end=\"201\">Fuck &amp; Fist Waterbased Lube 250ml &#8211; le partenaire parfait pour des moments profonds et intenses<\/strong><\/p>\n<p data-start=\"203\" data-end=\"499\">Ce gel lubrifiant \u00e0 base d&rsquo;eau convainc par sa texture agr\u00e9ablement fluide et t&rsquo;offre un confort maximal lors du fisting, d&rsquo;un jeu anal intense ou d&rsquo;autres sessions passionn\u00e9es. Sans film gras, sans coller &#8211; juste un pur plaisir de glisse souple qui te fait avancer en douceur et de mani\u00e8re fiable. <\/p>\n<p data-start=\"501\" data-end=\"853\">Le flacon-pompe pratique garantit une utilisation facile et propre : une pression et tu es imm\u00e9diatement pr\u00eat pour la prochaine tourn\u00e9e. Bien s\u00fbr, le gel est compatible avec les pr\u00e9servatifs, tu peux donc te d\u00e9fouler en toute d\u00e9contraction et en toute s\u00e9curit\u00e9. Peu importe jusqu&rsquo;o\u00f9 tu iras, <strong data-start=\"750\" data-end=\"787\">Fuck &amp; Fist Waterbased Lube 250ml<\/strong> restera \u00e0 tes c\u00f4t\u00e9s et te soutiendra jusqu&rsquo;\u00e0 tes limites.<\/p>\n<p data-start=\"855\" data-end=\"996\"><strong data-start=\"855\" data-end=\"877\">Points forts du produit<\/strong><br data-start=\"877\" data-end=\"880\">\u2714 Lubrifiant \u00e0 base d&rsquo;eau<br data-start=\"906\" data-end=\"909\">\u2714 Id\u00e9al pour le sexe anal &amp; le FF-Play<br data-start=\"938\" data-end=\"941\">\u2714 Parfait pour des moments de plaisir intense<br data-start=\"976\" data-end=\"979\">\u2714 Tr\u00e8s \u00e9conomique<\/p>\n","protected":false},"featured_media":138192,"comment_status":"open","ping_status":"closed","template":"","meta":{"_acf_changed":false,"_glsr_average":0,"_glsr_ranking":0,"_glsr_reviews":0},"product_brand":[],"product_cat":[2067,166],"product_tag":[],"class_list":{"0":"post-138196","1":"product","2":"type-product","3":"status-publish","4":"has-post-thumbnail","6":"product_cat-lubrifiant","7":"product_cat-droguerie","9":"first","10":"instock","11":"taxable","12":"shipping-taxable","13":"purchasable","14":"product-type-simple"},"acf":[],"_links":{"self":[{"href":"https:\/\/dev.poppers-online.ch\/fr\/wp-json\/wp\/v2\/product\/138196","targetHints":{"allow":["GET"]}}],"collection":[{"href":"https:\/\/dev.poppers-online.ch\/fr\/wp-json\/wp\/v2\/product"}],"about":[{"href":"https:\/\/dev.poppers-online.ch\/fr\/wp-json\/wp\/v2\/types\/product"}],"replies":[{"embeddable":true,"href":"https:\/\/dev.poppers-online.ch\/fr\/wp-json\/wp\/v2\/comments?post=138196"}],"wp:featuredmedia":[{"embeddable":true,"href":"https:\/\/dev.poppers-online.ch\/fr\/wp-json\/wp\/v2\/media\/138192"}],"wp:attachment":[{"href":"https:\/\/dev.poppers-online.ch\/fr\/wp-json\/wp\/v2\/media?parent=138196"}],"wp:term":[{"taxonomy":"product_brand","embeddable":true,"href":"https:\/\/dev.poppers-online.ch\/fr\/wp-json\/wp\/v2\/product_brand?post=138196"},{"taxonomy":"product_cat","embeddable":true,"href":"https:\/\/dev.poppers-online.ch\/fr\/wp-json\/wp\/v2\/product_cat?post=138196"},{"taxonomy":"product_tag","embeddable":true,"href":"https:\/\/dev.poppers-online.ch\/fr\/wp-json\/wp\/v2\/product_tag?post=138196"}],"curies":[{"name":"wp","href":"https:\/\/api.w.org\/{rel}","templated":true}]}}