{"id":138283,"date":"2025-11-27T16:44:15","date_gmt":"2025-11-27T15:44:15","guid":{"rendered":"https:\/\/poppers-online.ch\/produkt\/sissy-trainer-cock-lock-x-short-rose\/"},"modified":"2025-11-30T14:34:00","modified_gmt":"2025-11-30T13:34:00","slug":"sissy-trainer-cock-lock-x-short-rose","status":"publish","type":"product","link":"https:\/\/dev.poppers-online.ch\/fr\/produit\/sissy-trainer-cock-lock-x-short-rose\/","title":{"rendered":"Sissy Trainer Cock Lock X-Short rose"},"content":{"rendered":"","protected":false},"excerpt":{"rendered":"<p data-start=\"261\" data-end=\"1110\">Le <strong data-start=\"265\" data-end=\"305\">Sissy Trainer Cock Lock X-Short Pink<\/strong> de EXTREME by HIDDEN DESIRE est une pi\u00e8ce provocante de Chasity Gear, con\u00e7ue pour ceux qui assument pleinement la soumission et la f\u00e9minisation. Cette Cock Cage ultra plate a \u00e9t\u00e9 cr\u00e9\u00e9e pour r\u00e9primer la masculinit\u00e9 et rendre visible ton c\u00f4t\u00e9 f\u00e9minin et ob\u00e9issant. <\/p>\n<p>L&rsquo;avant lisse et moul\u00e9 montre une silhouette vaginale d\u00e9licate et transforme le contr\u00f4le en une d\u00e9claration visuelle. Le syst\u00e8me de verrouillage fiable contient tes pulsions et d\u00e9finit ton r\u00f4le de mani\u00e8re absolument claire. <\/p>\n<p>Choisis parmi quatre tailles d&rsquo;anneau pour garantir un ajustement serr\u00e9 et bien ferm\u00e9. Mince et discr\u00e8te, la cage dispara\u00eet discr\u00e8tement sous les v\u00eatements &#8211; parfaite pour surfer en silence toute la journ\u00e9e. Plonge plus profond\u00e9ment dans la d\u00e9votion et vis pleinement ton moi Sissy avec le Sissy Trainer Cock Lock X-Short Pink.  <\/p>\n<p data-start=\"1112\" data-end=\"1233\"><strong>Longueur totale :<\/strong> 3 cm<br data-start=\"1129\" data-end=\"1132\"><strong>Longueur ins\u00e9rable :<\/strong> 2 cm<br data-start=\"1155\" data-end=\"1158\"><strong>Diam\u00e8tre ins\u00e9rable :<\/strong> 4 &#8211; 4,5 &#8211; 4,8 &#8211; 5,2 cm<br data-start=\"1206\" data-end=\"1209\"><strong>Mat\u00e9riau :<\/strong> plastique ABS<\/p>\n","protected":false},"featured_media":138278,"comment_status":"open","ping_status":"closed","template":"","meta":{"_acf_changed":false,"_glsr_average":0,"_glsr_ranking":0,"_glsr_reviews":0},"product_brand":[],"product_cat":[2091,171],"product_tag":[],"class_list":{"0":"post-138283","1":"product","2":"type-product","3":"status-publish","4":"has-post-thumbnail","6":"product_cat-cock-play","7":"product_cat-sex-toys","9":"first","10":"instock","11":"taxable","12":"shipping-taxable","13":"purchasable","14":"product-type-simple"},"acf":[],"_links":{"self":[{"href":"https:\/\/dev.poppers-online.ch\/fr\/wp-json\/wp\/v2\/product\/138283","targetHints":{"allow":["GET"]}}],"collection":[{"href":"https:\/\/dev.poppers-online.ch\/fr\/wp-json\/wp\/v2\/product"}],"about":[{"href":"https:\/\/dev.poppers-online.ch\/fr\/wp-json\/wp\/v2\/types\/product"}],"replies":[{"embeddable":true,"href":"https:\/\/dev.poppers-online.ch\/fr\/wp-json\/wp\/v2\/comments?post=138283"}],"wp:featuredmedia":[{"embeddable":true,"href":"https:\/\/dev.poppers-online.ch\/fr\/wp-json\/wp\/v2\/media\/138278"}],"wp:attachment":[{"href":"https:\/\/dev.poppers-online.ch\/fr\/wp-json\/wp\/v2\/media?parent=138283"}],"wp:term":[{"taxonomy":"product_brand","embeddable":true,"href":"https:\/\/dev.poppers-online.ch\/fr\/wp-json\/wp\/v2\/product_brand?post=138283"},{"taxonomy":"product_cat","embeddable":true,"href":"https:\/\/dev.poppers-online.ch\/fr\/wp-json\/wp\/v2\/product_cat?post=138283"},{"taxonomy":"product_tag","embeddable":true,"href":"https:\/\/dev.poppers-online.ch\/fr\/wp-json\/wp\/v2\/product_tag?post=138283"}],"curies":[{"name":"wp","href":"https:\/\/api.w.org\/{rel}","templated":true}]}}