{"id":24406,"date":"2022-03-29T18:50:24","date_gmt":"2022-03-29T16:50:24","guid":{"rendered":"https:\/\/poppers-online.ch\/?post_type=product&#038;p=24406"},"modified":"2025-10-23T12:39:14","modified_gmt":"2025-10-23T10:39:14","slug":"wings-brown-poppers-limited-edition-10ml","status":"publish","type":"product","link":"https:\/\/dev.poppers-online.ch\/fr\/produit\/wings-brown-poppers-limited-edition-10ml\/","title":{"rendered":"Wings Brown Poppers Limited Edition 10ml"},"content":{"rendered":"<p><span data-sheets-value=\"{&quot;1&quot;:2,&quot;2&quot;:&quot;Le Wings Brown Poppers 10ml est de retour dans une \u00e9dition limit\u00e9e. \u00c0 l'origine, le nom fait r\u00e9f\u00e9rence au magazine Wings de Mister B. Wings Poppers ne te donne pas seulement des ailes, mais de v\u00e9ritables envol\u00e9es. La base de la Canadian Pentyl Formula du fabricant canadien Lockerroom y veille.&quot;}\" data-sheets-userformat=\"{&quot;2&quot;:515,&quot;3&quot;:{&quot;1&quot;:0},&quot;4&quot;:{&quot;1&quot;:2,&quot;2&quot;:65535},&quot;12&quot;:0}\">Le Wings Brown Poppers 10ml est de retour dans une \u00e9dition limit\u00e9e. \u00c0 l&rsquo;origine, le nom fait r\u00e9f\u00e9rence au magazine Wings de Mister B. Wings Poppers ne te donne pas seulement des ailes, mais de v\u00e9ritables envol\u00e9es. La base de la Canadian Pentyl Formula du fabricant canadien Lockerroom y veille.<\/span><\/p>\n","protected":false},"excerpt":{"rendered":"<p>Le Wings Brown Poppers 10ml est de retour dans une \u00e9dition limit\u00e9e. \u00c0 l&rsquo;origine, le nom fait r\u00e9f\u00e9rence au magazine Wings de Mister B. Wings Poppers ne te donne pas seulement des ailes, mais de v\u00e9ritables envol\u00e9es. La base de la Canadian Pentyl Formula du fabricant canadien Lockerroom y veille.<\/p>\n","protected":false},"featured_media":136955,"comment_status":"open","ping_status":"closed","template":"","meta":{"_acf_changed":false,"_glsr_average":0,"_glsr_ranking":0,"_glsr_reviews":0},"product_brand":[],"product_cat":[78],"product_tag":[],"class_list":{"0":"post-24406","1":"product","2":"type-product","3":"status-publish","4":"has-post-thumbnail","6":"product_cat-petits-flacons","7":"pa_flaschenform-rond-petit","8":"pa_gewindegroesse-small","9":"pa_inhalt-10ml","10":"pa_inhaltsstoffe-formule-canadienne-de-pentyle","11":"pa_marke-lockerroom-poppers","12":"pa_staerke-90","14":"first","15":"instock","16":"sale","17":"taxable","18":"shipping-taxable","19":"purchasable","20":"product-type-simple"},"acf":[],"_links":{"self":[{"href":"https:\/\/dev.poppers-online.ch\/fr\/wp-json\/wp\/v2\/product\/24406","targetHints":{"allow":["GET"]}}],"collection":[{"href":"https:\/\/dev.poppers-online.ch\/fr\/wp-json\/wp\/v2\/product"}],"about":[{"href":"https:\/\/dev.poppers-online.ch\/fr\/wp-json\/wp\/v2\/types\/product"}],"replies":[{"embeddable":true,"href":"https:\/\/dev.poppers-online.ch\/fr\/wp-json\/wp\/v2\/comments?post=24406"}],"wp:featuredmedia":[{"embeddable":true,"href":"https:\/\/dev.poppers-online.ch\/fr\/wp-json\/wp\/v2\/media\/136955"}],"wp:attachment":[{"href":"https:\/\/dev.poppers-online.ch\/fr\/wp-json\/wp\/v2\/media?parent=24406"}],"wp:term":[{"taxonomy":"product_brand","embeddable":true,"href":"https:\/\/dev.poppers-online.ch\/fr\/wp-json\/wp\/v2\/product_brand?post=24406"},{"taxonomy":"product_cat","embeddable":true,"href":"https:\/\/dev.poppers-online.ch\/fr\/wp-json\/wp\/v2\/product_cat?post=24406"},{"taxonomy":"product_tag","embeddable":true,"href":"https:\/\/dev.poppers-online.ch\/fr\/wp-json\/wp\/v2\/product_tag?post=24406"}],"curies":[{"name":"wp","href":"https:\/\/api.w.org\/{rel}","templated":true}]}}