{"id":24411,"date":"2022-03-29T19:21:19","date_gmt":"2022-03-29T17:21:19","guid":{"rendered":"https:\/\/poppers-online.ch\/?post_type=product&#038;p=24411"},"modified":"2025-10-23T12:39:30","modified_gmt":"2025-10-23T10:39:30","slug":"wings-black-poppers-limited-edition-10ml","status":"publish","type":"product","link":"https:\/\/dev.poppers-online.ch\/fr\/produit\/wings-black-poppers-limited-edition-10ml\/","title":{"rendered":"Wings Black Poppers \u00c9dition limit\u00e9e 10ml"},"content":{"rendered":"<p>Le Wings Black Poppers 10ml est de retour dans une \u00e9dition limit\u00e9e. \u00c0 l&rsquo;origine, le nom fait r\u00e9f\u00e9rence au magazine Wings de Mister B. Wings Poppers ne te donne pas seulement des ailes, mais de v\u00e9ritables envol\u00e9es. La base de la Canadian Pentyl Formula du fabricant canadien Lockerroom y veille.<\/p>\n","protected":false},"excerpt":{"rendered":"<p>Le Wings Black Poppers Limited Edition 10ml est de retour dans une \u00e9dition limit\u00e9e. \u00c0 l&rsquo;origine, le nom provient du magazine Wings de Mister B. Il s&rsquo;agit d&rsquo;une revue de presse qui s&rsquo;adresse \u00e0 un large public. Wings Poppers ne te donne pas seulement des ailes, mais de v\u00e9ritables envol\u00e9es. La base de la Canadian Pentyl Formula du fabricant canadien Lockerroom y veille.<\/p>\n<p>Pour des raisons de r\u00e9glementation, ce produit est remplac\u00e9 par un produit de m\u00eame force lors de l&rsquo;envoi en Suisse. Si tu habites en Suisse et que tu souhaites tout de m\u00eame ce produit, merci d&rsquo;\u00e9crire dans le champ de commentaire de la commande \u00ab Veuillez exp\u00e9dier depuis l&rsquo;\u00e9tranger \u00bb.<\/p>\n","protected":false},"featured_media":136959,"comment_status":"open","ping_status":"closed","template":"","meta":{"_acf_changed":false,"_glsr_average":0,"_glsr_ranking":0,"_glsr_reviews":0},"product_brand":[],"product_cat":[78],"product_tag":[],"class_list":{"0":"post-24411","1":"product","2":"type-product","3":"status-publish","4":"has-post-thumbnail","6":"product_cat-petits-flacons","7":"pa_flaschenform-rond-petit","8":"pa_gewindegroesse-small","9":"pa_inhalt-10ml","10":"pa_inhaltsstoffe-formule-canadienne-de-pentyle","11":"pa_marke-lockerroom-poppers","12":"pa_staerke-91","14":"first","15":"instock","16":"taxable","17":"shipping-taxable","18":"purchasable","19":"product-type-simple"},"acf":[],"_links":{"self":[{"href":"https:\/\/dev.poppers-online.ch\/fr\/wp-json\/wp\/v2\/product\/24411","targetHints":{"allow":["GET"]}}],"collection":[{"href":"https:\/\/dev.poppers-online.ch\/fr\/wp-json\/wp\/v2\/product"}],"about":[{"href":"https:\/\/dev.poppers-online.ch\/fr\/wp-json\/wp\/v2\/types\/product"}],"replies":[{"embeddable":true,"href":"https:\/\/dev.poppers-online.ch\/fr\/wp-json\/wp\/v2\/comments?post=24411"}],"wp:featuredmedia":[{"embeddable":true,"href":"https:\/\/dev.poppers-online.ch\/fr\/wp-json\/wp\/v2\/media\/136959"}],"wp:attachment":[{"href":"https:\/\/dev.poppers-online.ch\/fr\/wp-json\/wp\/v2\/media?parent=24411"}],"wp:term":[{"taxonomy":"product_brand","embeddable":true,"href":"https:\/\/dev.poppers-online.ch\/fr\/wp-json\/wp\/v2\/product_brand?post=24411"},{"taxonomy":"product_cat","embeddable":true,"href":"https:\/\/dev.poppers-online.ch\/fr\/wp-json\/wp\/v2\/product_cat?post=24411"},{"taxonomy":"product_tag","embeddable":true,"href":"https:\/\/dev.poppers-online.ch\/fr\/wp-json\/wp\/v2\/product_tag?post=24411"}],"curies":[{"name":"wp","href":"https:\/\/api.w.org\/{rel}","templated":true}]}}