{"id":26617,"date":"2022-04-30T13:58:36","date_gmt":"2022-04-30T11:58:36","guid":{"rendered":"https:\/\/poppers-online.ch\/?post_type=product&#038;p=26617"},"modified":"2025-10-23T12:50:19","modified_gmt":"2025-10-23T10:50:19","slug":"deep2suck-xtrm-deep-throat-spray-30ml","status":"publish","type":"product","link":"https:\/\/dev.poppers-online.ch\/fr\/produit\/deep2suck-xtrm-deep-throat-spray-30ml\/","title":{"rendered":"Deep2Suck XTRM Deep Throat Spray 30m"},"content":{"rendered":"","protected":false},"excerpt":{"rendered":"<p>Le Deep2Suck XTRM Deep Throat Spray 30ml t&rsquo;aide \u00e0 faire des fellations tr\u00e8s profondes. M\u00eame les pornstars exp\u00e9riment\u00e9es dans le secteur gay et h\u00e9t\u00e9ro utilisent ce spray dans leur travail. Le spray peut r\u00e9duire ton r\u00e9flexe naus\u00e9eux. Atteins ainsi le niveau d&rsquo;une star du porno et surprends ton partenaire. Utilisation : vaporiser 2 \u00e0 3 fois dans la partie arri\u00e8re de la gorge et attendre 30 secondes pour que l&rsquo;effet se fasse sentir. Tu ressens un l\u00e9ger go\u00fbt de menthe et un l\u00e9ger picotement. Le Deep2Suck XTRM Deep Throat Spray 30ml est fabriqu\u00e9 en Allemagne et se glisse dans chaque poche de pantalon ou dans les bagages.<\/p>\n","protected":false},"featured_media":137224,"comment_status":"open","ping_status":"closed","template":"","meta":{"_acf_changed":false,"_glsr_average":0,"_glsr_ranking":0,"_glsr_reviews":0},"product_brand":[],"product_cat":[2070,166],"product_tag":[],"class_list":{"0":"post-26617","1":"product","2":"type-product","3":"status-publish","4":"has-post-thumbnail","6":"product_cat-helpers","7":"product_cat-droguerie","9":"first","10":"instock","11":"taxable","12":"shipping-taxable","13":"purchasable","14":"product-type-simple"},"acf":[],"_links":{"self":[{"href":"https:\/\/dev.poppers-online.ch\/fr\/wp-json\/wp\/v2\/product\/26617","targetHints":{"allow":["GET"]}}],"collection":[{"href":"https:\/\/dev.poppers-online.ch\/fr\/wp-json\/wp\/v2\/product"}],"about":[{"href":"https:\/\/dev.poppers-online.ch\/fr\/wp-json\/wp\/v2\/types\/product"}],"replies":[{"embeddable":true,"href":"https:\/\/dev.poppers-online.ch\/fr\/wp-json\/wp\/v2\/comments?post=26617"}],"wp:featuredmedia":[{"embeddable":true,"href":"https:\/\/dev.poppers-online.ch\/fr\/wp-json\/wp\/v2\/media\/137224"}],"wp:attachment":[{"href":"https:\/\/dev.poppers-online.ch\/fr\/wp-json\/wp\/v2\/media?parent=26617"}],"wp:term":[{"taxonomy":"product_brand","embeddable":true,"href":"https:\/\/dev.poppers-online.ch\/fr\/wp-json\/wp\/v2\/product_brand?post=26617"},{"taxonomy":"product_cat","embeddable":true,"href":"https:\/\/dev.poppers-online.ch\/fr\/wp-json\/wp\/v2\/product_cat?post=26617"},{"taxonomy":"product_tag","embeddable":true,"href":"https:\/\/dev.poppers-online.ch\/fr\/wp-json\/wp\/v2\/product_tag?post=26617"}],"curies":[{"name":"wp","href":"https:\/\/api.w.org\/{rel}","templated":true}]}}