{"id":26623,"date":"2022-04-30T14:11:28","date_gmt":"2022-04-30T12:11:28","guid":{"rendered":"https:\/\/poppers-online.ch\/?post_type=product&#038;p=26623"},"modified":"2025-10-23T12:39:31","modified_gmt":"2025-10-23T10:39:31","slug":"fist-lube-xtrm-500ml-dose","status":"publish","type":"product","link":"https:\/\/dev.poppers-online.ch\/fr\/produit\/fist-lube-xtrm-500ml-dose\/","title":{"rendered":"Fist Gel XTRM bo\u00eete de 500ml"},"content":{"rendered":"<p>Le Fist Lube de la marque XTRM a \u00e9t\u00e9 con\u00e7u pour tous les joueurs de fist qui aiment jouer et sp\u00e9cialement pour le fist. Ce Premium Lube assure des jeux de p\u00e9n\u00e9tration d\u00e9tendus dans la r\u00e9gion anale. Formule hybride de XTRM. Gel lubrifiant \u00e0 base d&rsquo;eau. Longue dur\u00e9e et tr\u00e8s glissant. Compatible avec les pr\u00e9servatifs en latex. Sans huile ni graisse. Le Fist Lube de XTRM se lave facilement avec de l&rsquo;eau et du savon. Cela signifie que si le Fist Lube devait couler sur le sol ou dans le sling, tu peux \u00eatre s\u00fbr de pouvoir l&rsquo;essuyer proprement. Ce produit de qualit\u00e9 est fabriqu\u00e9 en Allemagne sous contr\u00f4le de qualit\u00e9 allemand et est livr\u00e9 dans une bo\u00eete pratique de 500 ml.<\/p>\n","protected":false},"excerpt":{"rendered":"<p>Le Fist Lube XTRM, bo\u00eete de 500 ml de la marque XTRM, a \u00e9t\u00e9 con\u00e7u pour tous les joueurs de fist qui aiment jouer et sp\u00e9cialement pour le fist. Ce Premium Lube assure des jeux de p\u00e9n\u00e9tration d\u00e9tendus dans la r\u00e9gion anale. XTRM Hybrid Formula. Gel lubrifiant \u00e0 base d&rsquo;eau. Durable et tr\u00e8s glissant. Pr\u00e9servatif en latex. Sans huile ni graisse. Le Fist Lube de XTRM se nettoie facilement avec de l&rsquo;eau et du savon. Cela signifie que si le Fist Lube s&rsquo;\u00e9coule sur le sol ou dans le sling, tu peux \u00eatre s\u00fbr de pouvoir l&rsquo;essuyer proprement. Ce produit de qualit\u00e9 est fabriqu\u00e9 en Allemagne sous contr\u00f4le de qualit\u00e9 allemand et est livr\u00e9 dans une bo\u00eete pratique Fist Lube XTRM de 500 ml.<\/p>\n","protected":false},"featured_media":137219,"comment_status":"open","ping_status":"closed","template":"","meta":{"_acf_changed":false,"_glsr_average":0,"_glsr_ranking":0,"_glsr_reviews":0},"product_brand":[],"product_cat":[2067,166],"product_tag":[],"class_list":{"0":"post-26623","1":"product","2":"type-product","3":"status-publish","4":"has-post-thumbnail","6":"product_cat-lubrifiant","7":"product_cat-droguerie","9":"first","10":"instock","11":"taxable","12":"shipping-taxable","13":"purchasable","14":"product-type-simple"},"acf":[],"_links":{"self":[{"href":"https:\/\/dev.poppers-online.ch\/fr\/wp-json\/wp\/v2\/product\/26623","targetHints":{"allow":["GET"]}}],"collection":[{"href":"https:\/\/dev.poppers-online.ch\/fr\/wp-json\/wp\/v2\/product"}],"about":[{"href":"https:\/\/dev.poppers-online.ch\/fr\/wp-json\/wp\/v2\/types\/product"}],"replies":[{"embeddable":true,"href":"https:\/\/dev.poppers-online.ch\/fr\/wp-json\/wp\/v2\/comments?post=26623"}],"wp:featuredmedia":[{"embeddable":true,"href":"https:\/\/dev.poppers-online.ch\/fr\/wp-json\/wp\/v2\/media\/137219"}],"wp:attachment":[{"href":"https:\/\/dev.poppers-online.ch\/fr\/wp-json\/wp\/v2\/media?parent=26623"}],"wp:term":[{"taxonomy":"product_brand","embeddable":true,"href":"https:\/\/dev.poppers-online.ch\/fr\/wp-json\/wp\/v2\/product_brand?post=26623"},{"taxonomy":"product_cat","embeddable":true,"href":"https:\/\/dev.poppers-online.ch\/fr\/wp-json\/wp\/v2\/product_cat?post=26623"},{"taxonomy":"product_tag","embeddable":true,"href":"https:\/\/dev.poppers-online.ch\/fr\/wp-json\/wp\/v2\/product_tag?post=26623"}],"curies":[{"name":"wp","href":"https:\/\/api.w.org\/{rel}","templated":true}]}}