{"id":26785,"date":"2022-05-02T16:11:09","date_gmt":"2022-05-02T14:11:09","guid":{"rendered":"https:\/\/poppers-online.ch\/?post_type=product&#038;p=26785"},"modified":"2025-06-12T18:31:21","modified_gmt":"2025-06-12T16:31:21","slug":"jungle-juice-black-label-poppers-25ml","status":"publish","type":"product","link":"https:\/\/dev.poppers-online.ch\/fr\/produit\/jungle-juice-black-label-poppers-25ml\/","title":{"rendered":"Jungle Juice Black Label Poppers 25ml"},"content":{"rendered":"","protected":false},"excerpt":{"rendered":"<p><span data-sheets-value=\"{\"1\":2,\"2\":\"Jungle Juice Black Label Retro 25ml vom Hersteller Lockerroom aus Canada. Unglaublich starke Wirkung, dank der Reinheit auf Basis der Canadian Pentyl Formula.\"}\" data-sheets-userformat=\"{\"2\":1391107,\"3\":{\"1\":0},\"4\":{\"1\":2,\"2\":16750848},\"12\":0,\"14\":{\"1\":2,\"2\":0},\"15\":\"Poppins, sans-serif\",\"16\":10,\"19\":0,\"21\":0,\"23\":1}\">Jungle Juice Black Label Poppers 25ml au look r\u00e9tro du fabricant canadien Lockerroom. Effet incroyablement puissant, gr\u00e2ce \u00e0 la puret\u00e9 bas\u00e9e sur la Canadian Pentyl Formula. Ce poppers fait partie des poppers les plus puissants qui soient. L&rsquo;original Black Label Extreme Poppers Formula du Canada est souvent command\u00e9 chez nous et souvent achet\u00e9 chez nous. Nous te recommandons d&rsquo;acheter un sniffer de poppers adapt\u00e9. Ainsi, tu ne prot\u00e8ges pas seulement ton nez, mais tu renforces m\u00eame l&rsquo;effet de la Jungle Juice Black Label Extreme Formula. <\/span><\/p>\n","protected":false},"featured_media":30946,"comment_status":"open","ping_status":"closed","template":"","meta":{"_acf_changed":false,"_glsr_average":0,"_glsr_ranking":0,"_glsr_reviews":0},"product_brand":[],"product_cat":[77],"product_tag":[],"class_list":{"0":"post-26785","1":"product","2":"type-product","3":"status-publish","4":"has-post-thumbnail","6":"product_cat-grands-flacons","7":"pa_flaschenform-anguleux","8":"pa_gewindegroesse-large","9":"pa_inhalt-25ml","10":"pa_inhaltsstoffe-formule-canadienne-de-pentyle","11":"pa_marke-jungle-juice-poppers","12":"pa_marke-lockerroom-poppers","13":"pa_staerke-91","15":"first","16":"instock","17":"taxable","18":"shipping-taxable","19":"purchasable","20":"product-type-simple"},"acf":[],"_links":{"self":[{"href":"https:\/\/dev.poppers-online.ch\/fr\/wp-json\/wp\/v2\/product\/26785","targetHints":{"allow":["GET"]}}],"collection":[{"href":"https:\/\/dev.poppers-online.ch\/fr\/wp-json\/wp\/v2\/product"}],"about":[{"href":"https:\/\/dev.poppers-online.ch\/fr\/wp-json\/wp\/v2\/types\/product"}],"replies":[{"embeddable":true,"href":"https:\/\/dev.poppers-online.ch\/fr\/wp-json\/wp\/v2\/comments?post=26785"}],"wp:featuredmedia":[{"embeddable":true,"href":"https:\/\/dev.poppers-online.ch\/fr\/wp-json\/wp\/v2\/media\/30946"}],"wp:attachment":[{"href":"https:\/\/dev.poppers-online.ch\/fr\/wp-json\/wp\/v2\/media?parent=26785"}],"wp:term":[{"taxonomy":"product_brand","embeddable":true,"href":"https:\/\/dev.poppers-online.ch\/fr\/wp-json\/wp\/v2\/product_brand?post=26785"},{"taxonomy":"product_cat","embeddable":true,"href":"https:\/\/dev.poppers-online.ch\/fr\/wp-json\/wp\/v2\/product_cat?post=26785"},{"taxonomy":"product_tag","embeddable":true,"href":"https:\/\/dev.poppers-online.ch\/fr\/wp-json\/wp\/v2\/product_tag?post=26785"}],"curies":[{"name":"wp","href":"https:\/\/api.w.org\/{rel}","templated":true}]}}