{"id":26799,"date":"2022-05-02T18:17:46","date_gmt":"2022-05-02T16:17:46","guid":{"rendered":"https:\/\/poppers-online.ch\/?post_type=product&#038;p=26799"},"modified":"2025-10-23T12:49:45","modified_gmt":"2025-10-23T10:49:45","slug":"colt-poppers-25ml","status":"publish","type":"product","link":"https:\/\/dev.poppers-online.ch\/fr\/produit\/colt-poppers-25ml\/","title":{"rendered":"Poppers Colt 25ml"},"content":{"rendered":"<p>Poppers Colt 25ml du fabricant Lockerroom du Canada. Formule puissante bas\u00e9e sur la Canadian Pentyl Formula.<\/p>\n","protected":false},"excerpt":{"rendered":"<p>Colt Poppers 25ml du fabricant Lockerroom du Canada. Cette flacon au look carr\u00e9 et r\u00e9tro va aussi te s\u00e9duire. La plupart des gens connaissent Colt comme fabricant de jouets de haute qualit\u00e9. Depuis les ann\u00e9es 1980, Colt Poppers jouit d&rsquo;une r\u00e9putation l\u00e9gendaire qui perdure encore aujourd&rsquo;hui. Formule puissante bas\u00e9e sur la Canadian Pentyl Formula.<\/p>\n","protected":false},"featured_media":30955,"comment_status":"open","ping_status":"closed","template":"","meta":{"_acf_changed":false,"_glsr_average":0,"_glsr_ranking":0,"_glsr_reviews":0},"product_brand":[],"product_cat":[77],"product_tag":[],"class_list":{"0":"post-26799","1":"product","2":"type-product","3":"status-publish","4":"has-post-thumbnail","6":"product_cat-grands-flacons","7":"pa_flaschenform-anguleux","8":"pa_gewindegroesse-large","9":"pa_inhalt-25ml","10":"pa_inhaltsstoffe-formule-canadienne-de-pentyle","11":"pa_staerke-88","13":"first","14":"instock","15":"taxable","16":"shipping-taxable","17":"purchasable","18":"product-type-simple"},"acf":[],"_links":{"self":[{"href":"https:\/\/dev.poppers-online.ch\/fr\/wp-json\/wp\/v2\/product\/26799","targetHints":{"allow":["GET"]}}],"collection":[{"href":"https:\/\/dev.poppers-online.ch\/fr\/wp-json\/wp\/v2\/product"}],"about":[{"href":"https:\/\/dev.poppers-online.ch\/fr\/wp-json\/wp\/v2\/types\/product"}],"replies":[{"embeddable":true,"href":"https:\/\/dev.poppers-online.ch\/fr\/wp-json\/wp\/v2\/comments?post=26799"}],"wp:featuredmedia":[{"embeddable":true,"href":"https:\/\/dev.poppers-online.ch\/fr\/wp-json\/wp\/v2\/media\/30955"}],"wp:attachment":[{"href":"https:\/\/dev.poppers-online.ch\/fr\/wp-json\/wp\/v2\/media?parent=26799"}],"wp:term":[{"taxonomy":"product_brand","embeddable":true,"href":"https:\/\/dev.poppers-online.ch\/fr\/wp-json\/wp\/v2\/product_brand?post=26799"},{"taxonomy":"product_cat","embeddable":true,"href":"https:\/\/dev.poppers-online.ch\/fr\/wp-json\/wp\/v2\/product_cat?post=26799"},{"taxonomy":"product_tag","embeddable":true,"href":"https:\/\/dev.poppers-online.ch\/fr\/wp-json\/wp\/v2\/product_tag?post=26799"}],"curies":[{"name":"wp","href":"https:\/\/api.w.org\/{rel}","templated":true}]}}