{"id":2852,"date":"2021-06-23T18:25:26","date_gmt":"2021-09-20T11:15:14","guid":{"rendered":"https:\/\/poppers.novatask.biz\/produkt\/the-real-amsterdam-extra-fort-30ml\/"},"modified":"2025-10-23T12:41:29","modified_gmt":"2025-10-23T10:41:29","slug":"the-real-amsterdam-extra-strong-30ml","status":"publish","type":"product","link":"https:\/\/dev.poppers-online.ch\/fr\/produit\/the-real-amsterdam-extra-strong-30ml\/","title":{"rendered":"The Real Amsterdam Extra Strong 30ml"},"content":{"rendered":"","protected":false},"excerpt":{"rendered":"<p>Le Real Amsterdam Extra Strong 30ml du fabricant Lockerroom du Canada. L&rsquo;Amsterdam extra-fort \u00e0 base de nitrite d&rsquo;hexyle. Si tu cherches un poppers extra fort, celui-ci est le bon choix. Pour en savoir plus sur les poppers d&rsquo;Amsterdam, consulte notre <a href=\"https:\/\/dev.poppers-online.ch\/amsterdam-poppers\/\">page sp\u00e9ciale sur les poppers d&rsquo;Amsterdam<\/a>. Fais entrer l&rsquo;atmosph\u00e8re d\u00e9tendue d&rsquo;Amsterdam chez toi et am\u00e9liore ton exp\u00e9rience avec les <a href=\"https:\/\/dev.poppers-online.ch\/poppers-zubehoer-shop\/\">accessoires Poppers<\/a> appropri\u00e9s.<\/p>\n","protected":false},"featured_media":30614,"comment_status":"open","ping_status":"closed","template":"","meta":{"_acf_changed":false,"_glsr_average":0,"_glsr_ranking":0,"_glsr_reviews":0},"product_brand":[],"product_cat":[77],"product_tag":[],"class_list":{"0":"post-2852","1":"product","2":"type-product","3":"status-publish","4":"has-post-thumbnail","6":"product_cat-grands-flacons","7":"pa_flaschenform-rond-grand","8":"pa_gewindegroesse-small","9":"pa_inhalt-30ml","10":"pa_inhaltsstoffe-nitrite-dhexyle","11":"pa_marke-amsterdam-poppers","12":"pa_staerke-91","14":"first","15":"instock","16":"sale","17":"taxable","18":"shipping-taxable","19":"purchasable","20":"product-type-simple"},"acf":[],"_links":{"self":[{"href":"https:\/\/dev.poppers-online.ch\/fr\/wp-json\/wp\/v2\/product\/2852","targetHints":{"allow":["GET"]}}],"collection":[{"href":"https:\/\/dev.poppers-online.ch\/fr\/wp-json\/wp\/v2\/product"}],"about":[{"href":"https:\/\/dev.poppers-online.ch\/fr\/wp-json\/wp\/v2\/types\/product"}],"replies":[{"embeddable":true,"href":"https:\/\/dev.poppers-online.ch\/fr\/wp-json\/wp\/v2\/comments?post=2852"}],"wp:featuredmedia":[{"embeddable":true,"href":"https:\/\/dev.poppers-online.ch\/fr\/wp-json\/wp\/v2\/media\/30614"}],"wp:attachment":[{"href":"https:\/\/dev.poppers-online.ch\/fr\/wp-json\/wp\/v2\/media?parent=2852"}],"wp:term":[{"taxonomy":"product_brand","embeddable":true,"href":"https:\/\/dev.poppers-online.ch\/fr\/wp-json\/wp\/v2\/product_brand?post=2852"},{"taxonomy":"product_cat","embeddable":true,"href":"https:\/\/dev.poppers-online.ch\/fr\/wp-json\/wp\/v2\/product_cat?post=2852"},{"taxonomy":"product_tag","embeddable":true,"href":"https:\/\/dev.poppers-online.ch\/fr\/wp-json\/wp\/v2\/product_tag?post=2852"}],"curies":[{"name":"wp","href":"https:\/\/api.w.org\/{rel}","templated":true}]}}