{"id":2864,"date":"2021-06-23T16:08:03","date_gmt":"2021-06-23T14:08:03","guid":{"rendered":"https:\/\/poppers.novatask.biz\/produkt\/aigle-10ml\/"},"modified":"2025-08-29T00:19:37","modified_gmt":"2025-08-28T22:19:37","slug":"eagle-poppers-10ml","status":"publish","type":"product","link":"https:\/\/dev.poppers-online.ch\/fr\/produit\/eagle-poppers-10ml\/","title":{"rendered":"Eagle Poppers 10ml"},"content":{"rendered":"<p>Eagle Poppers 10ml est une marque de poppers r\u00e9cemment relanc\u00e9e par le fabricant Lockerroom du Canada. Cette derni\u00e8re a d\u00e9j\u00e0 exist\u00e9 dans les ann\u00e9es 80, mais Eagle Poppers est d\u00e9sormais \u00e0 nouveau disponible. L&rsquo;Eagle Poppers garantit des effets de longue dur\u00e9e. Fabriqu\u00e9 \u00e0 base de nitrite de pentyle. Disponible en exclusivit\u00e9 pour la Suisse aupr\u00e8s de poppers-online.ch. Teste Eagle Poppers et laisse ensuite une \u00e9valuation du produit sur cette page.<\/p>\n","protected":false},"excerpt":{"rendered":"<p>Eagle Poppers 10ml est une marque de poppers r\u00e9cemment relanc\u00e9e par le fabricant Lockerroom du Canada. Cette derni\u00e8re a d\u00e9j\u00e0 exist\u00e9 dans les ann\u00e9es 80, mais Eagle Poppers est d\u00e9sormais \u00e0 nouveau disponible. L&rsquo;Eagle Poppers garantit des effets de longue dur\u00e9e. Fabriqu\u00e9 \u00e0 base de nitrite de pentyle. Disponible en exclusivit\u00e9 pour la Suisse aupr\u00e8s de poppers-online.ch. Teste Eagle Poppers et laisse ensuite une \u00e9valuation du produit sur cette page.<\/p>\n","protected":false},"featured_media":136919,"comment_status":"open","ping_status":"closed","template":"","meta":{"_acf_changed":false,"_glsr_average":0,"_glsr_ranking":0,"_glsr_reviews":0},"product_brand":[],"product_cat":[78],"product_tag":[789,790],"class_list":{"0":"post-2864","1":"product","2":"type-product","3":"status-publish","4":"has-post-thumbnail","6":"product_cat-petits-flacons","7":"product_tag-eagle-poppers-10ml-fr-2","8":"product_tag-poppers-fr","9":"pa_flaschenform-rond-petit","10":"pa_gewindegroesse-small","11":"pa_inhalt-10ml","12":"pa_inhaltsstoffe-formule-canadienne-de-pentyle","13":"pa_marke-lockerroom-poppers","14":"pa_staerke-89","16":"first","17":"instock","18":"taxable","19":"shipping-taxable","20":"purchasable","21":"product-type-simple"},"acf":[],"_links":{"self":[{"href":"https:\/\/dev.poppers-online.ch\/fr\/wp-json\/wp\/v2\/product\/2864","targetHints":{"allow":["GET"]}}],"collection":[{"href":"https:\/\/dev.poppers-online.ch\/fr\/wp-json\/wp\/v2\/product"}],"about":[{"href":"https:\/\/dev.poppers-online.ch\/fr\/wp-json\/wp\/v2\/types\/product"}],"replies":[{"embeddable":true,"href":"https:\/\/dev.poppers-online.ch\/fr\/wp-json\/wp\/v2\/comments?post=2864"}],"wp:featuredmedia":[{"embeddable":true,"href":"https:\/\/dev.poppers-online.ch\/fr\/wp-json\/wp\/v2\/media\/136919"}],"wp:attachment":[{"href":"https:\/\/dev.poppers-online.ch\/fr\/wp-json\/wp\/v2\/media?parent=2864"}],"wp:term":[{"taxonomy":"product_brand","embeddable":true,"href":"https:\/\/dev.poppers-online.ch\/fr\/wp-json\/wp\/v2\/product_brand?post=2864"},{"taxonomy":"product_cat","embeddable":true,"href":"https:\/\/dev.poppers-online.ch\/fr\/wp-json\/wp\/v2\/product_cat?post=2864"},{"taxonomy":"product_tag","embeddable":true,"href":"https:\/\/dev.poppers-online.ch\/fr\/wp-json\/wp\/v2\/product_tag?post=2864"}],"curies":[{"name":"wp","href":"https:\/\/api.w.org\/{rel}","templated":true}]}}