{"id":2891,"date":"2021-06-23T15:54:48","date_gmt":"2021-06-23T13:54:48","guid":{"rendered":"https:\/\/poppers.novatask.biz\/produkt\/super-reds-10ml\/"},"modified":"2025-10-23T12:50:04","modified_gmt":"2025-10-23T10:50:04","slug":"super-reds-10ml","status":"publish","type":"product","link":"https:\/\/dev.poppers-online.ch\/fr\/produit\/super-reds-10ml\/","title":{"rendered":"Super Reds 10ml"},"content":{"rendered":"","protected":false},"excerpt":{"rendered":"<p>Super Reds 10ml du fabricant Lockerroom du Canada. Flacon rouge vif et \u00e0 base de Canadian Pentyl Formula. Avec une force de 1, la plus faible sur notre \u00e9chelle de force des poppers, ce poppers est particuli\u00e8rement recommand\u00e9 pour les d\u00e9butants ou les personnes qui n&rsquo;aiment pas les poppers plus forts.<\/p>\n","protected":false},"featured_media":136893,"comment_status":"open","ping_status":"closed","template":"","meta":{"_acf_changed":false,"_glsr_average":0,"_glsr_ranking":0,"_glsr_reviews":0},"product_brand":[],"product_cat":[78],"product_tag":[],"class_list":{"0":"post-2891","1":"product","2":"type-product","3":"status-publish","4":"has-post-thumbnail","6":"product_cat-petits-flacons","7":"pa_inhalt-10ml","8":"pa_inhaltsstoffe-formule-canadienne-de-pentyle","9":"pa_staerke-86","11":"first","12":"instock","13":"taxable","14":"shipping-taxable","15":"purchasable","16":"product-type-simple"},"acf":[],"_links":{"self":[{"href":"https:\/\/dev.poppers-online.ch\/fr\/wp-json\/wp\/v2\/product\/2891","targetHints":{"allow":["GET"]}}],"collection":[{"href":"https:\/\/dev.poppers-online.ch\/fr\/wp-json\/wp\/v2\/product"}],"about":[{"href":"https:\/\/dev.poppers-online.ch\/fr\/wp-json\/wp\/v2\/types\/product"}],"replies":[{"embeddable":true,"href":"https:\/\/dev.poppers-online.ch\/fr\/wp-json\/wp\/v2\/comments?post=2891"}],"wp:featuredmedia":[{"embeddable":true,"href":"https:\/\/dev.poppers-online.ch\/fr\/wp-json\/wp\/v2\/media\/136893"}],"wp:attachment":[{"href":"https:\/\/dev.poppers-online.ch\/fr\/wp-json\/wp\/v2\/media?parent=2891"}],"wp:term":[{"taxonomy":"product_brand","embeddable":true,"href":"https:\/\/dev.poppers-online.ch\/fr\/wp-json\/wp\/v2\/product_brand?post=2891"},{"taxonomy":"product_cat","embeddable":true,"href":"https:\/\/dev.poppers-online.ch\/fr\/wp-json\/wp\/v2\/product_cat?post=2891"},{"taxonomy":"product_tag","embeddable":true,"href":"https:\/\/dev.poppers-online.ch\/fr\/wp-json\/wp\/v2\/product_tag?post=2891"}],"curies":[{"name":"wp","href":"https:\/\/api.w.org\/{rel}","templated":true}]}}