{"id":2916,"date":"2021-06-23T15:48:10","date_gmt":"2021-06-23T13:48:10","guid":{"rendered":"https:\/\/poppers.novatask.biz\/produkt\/the-real-amsterdam-extra-strong-10ml\/"},"modified":"2025-10-23T12:39:32","modified_gmt":"2025-10-23T10:39:32","slug":"the-real-amsterdam-extra-strong-10-ml","status":"publish","type":"product","link":"https:\/\/dev.poppers-online.ch\/fr\/produit\/the-real-amsterdam-extra-strong-10-ml\/","title":{"rendered":"The Real Amsterdam Extra Strong 10 ml"},"content":{"rendered":"","protected":false},"excerpt":{"rendered":"<p>Le Real Amsterdam Extra Strong 10 ml du fabricant Lockerroom du Canada. L&rsquo;Amsterdam extra-fort \u00e0 base de Canadian Pentyl Formula. Si tu aimes les choses un peu plus fortes, alors cette Amsterdam est le bon choix pour toi. Les \u00e9valuations des produits en t\u00e9moignent \u00e9galement. Teste-le toi-m\u00eame et laisse-nous ton \u00e9valuation.<\/p>\n","protected":false},"featured_media":136873,"comment_status":"open","ping_status":"closed","template":"","meta":{"_acf_changed":false,"_glsr_average":0,"_glsr_ranking":0,"_glsr_reviews":0},"product_brand":[],"product_cat":[78],"product_tag":[],"class_list":{"0":"post-2916","1":"product","2":"type-product","3":"status-publish","4":"has-post-thumbnail","6":"product_cat-petits-flacons","7":"pa_flaschenform-rond-petit","8":"pa_gewindegroesse-small","9":"pa_inhalt-10ml","10":"pa_inhaltsstoffe-formule-canadienne-de-pentyle","11":"pa_marke-amsterdam-poppers","12":"pa_staerke-91","14":"first","15":"instock","16":"taxable","17":"shipping-taxable","18":"purchasable","19":"product-type-simple"},"acf":[],"_links":{"self":[{"href":"https:\/\/dev.poppers-online.ch\/fr\/wp-json\/wp\/v2\/product\/2916","targetHints":{"allow":["GET"]}}],"collection":[{"href":"https:\/\/dev.poppers-online.ch\/fr\/wp-json\/wp\/v2\/product"}],"about":[{"href":"https:\/\/dev.poppers-online.ch\/fr\/wp-json\/wp\/v2\/types\/product"}],"replies":[{"embeddable":true,"href":"https:\/\/dev.poppers-online.ch\/fr\/wp-json\/wp\/v2\/comments?post=2916"}],"wp:featuredmedia":[{"embeddable":true,"href":"https:\/\/dev.poppers-online.ch\/fr\/wp-json\/wp\/v2\/media\/136873"}],"wp:attachment":[{"href":"https:\/\/dev.poppers-online.ch\/fr\/wp-json\/wp\/v2\/media?parent=2916"}],"wp:term":[{"taxonomy":"product_brand","embeddable":true,"href":"https:\/\/dev.poppers-online.ch\/fr\/wp-json\/wp\/v2\/product_brand?post=2916"},{"taxonomy":"product_cat","embeddable":true,"href":"https:\/\/dev.poppers-online.ch\/fr\/wp-json\/wp\/v2\/product_cat?post=2916"},{"taxonomy":"product_tag","embeddable":true,"href":"https:\/\/dev.poppers-online.ch\/fr\/wp-json\/wp\/v2\/product_tag?post=2916"}],"curies":[{"name":"wp","href":"https:\/\/api.w.org\/{rel}","templated":true}]}}