{"id":2931,"date":"2021-06-23T15:44:47","date_gmt":"2021-06-23T13:44:47","guid":{"rendered":"https:\/\/poppers.novatask.biz\/produkt\/jungle-juice-black-label-extreme-formula-10ml\/"},"modified":"2025-10-23T12:50:28","modified_gmt":"2025-10-23T10:50:28","slug":"jungle-juice-black-label-extreme-formula-10ml","status":"publish","type":"product","link":"https:\/\/dev.poppers-online.ch\/fr\/produit\/jungle-juice-black-label-extreme-formula-10ml\/","title":{"rendered":"Jungle Juice Black Label Extreme Formula 10ml"},"content":{"rendered":"","protected":false},"excerpt":{"rendered":"<p>Jungle Juice Black Label Extreme Formula 10ml du fabricant Lockerroom du Canada. Effet incroyablement puissant, gr\u00e2ce \u00e0 la puret\u00e9 de la base Nitrite de pentyle. Le poppers le plus puissant de la gamme Jungle Juice, au parfum masculin prononc\u00e9. L&rsquo;effet violent est imm\u00e9diat et dure de longues minutes, pas pour les d\u00e9butants et les gars faibles. Ce poppers fait partie des poppers les plus puissants. L&rsquo;original Black Label Extreme Poppers Formula du Canada est souvent command\u00e9 chez nous et souvent achet\u00e9 chez nous. Nous te recommandons d&rsquo;acheter un sniffer de poppers adapt\u00e9. Ainsi, tu ne prot\u00e8ges pas seulement ton nez, mais tu renforces \u00e9galement l&rsquo;effet de la Jungle Juice Black Label Extreme Formula. Ressens la puissance des distillations multiples.<\/p>\n","protected":false},"featured_media":136858,"comment_status":"open","ping_status":"closed","template":"","meta":{"_acf_changed":false,"_glsr_average":0,"_glsr_ranking":0,"_glsr_reviews":0},"product_brand":[],"product_cat":[78],"product_tag":[],"class_list":{"0":"post-2931","1":"product","2":"type-product","3":"status-publish","4":"has-post-thumbnail","6":"product_cat-petits-flacons","7":"pa_flaschenform-rond-petit","8":"pa_gewindegroesse-small","9":"pa_inhalt-10ml","10":"pa_inhaltsstoffe-formule-canadienne-de-pentyle","11":"pa_marke-jungle-juice-poppers","12":"pa_marke-lockerroom-poppers","13":"pa_staerke-91","15":"first","16":"instock","17":"taxable","18":"shipping-taxable","19":"purchasable","20":"product-type-simple"},"acf":[],"_links":{"self":[{"href":"https:\/\/dev.poppers-online.ch\/fr\/wp-json\/wp\/v2\/product\/2931","targetHints":{"allow":["GET"]}}],"collection":[{"href":"https:\/\/dev.poppers-online.ch\/fr\/wp-json\/wp\/v2\/product"}],"about":[{"href":"https:\/\/dev.poppers-online.ch\/fr\/wp-json\/wp\/v2\/types\/product"}],"replies":[{"embeddable":true,"href":"https:\/\/dev.poppers-online.ch\/fr\/wp-json\/wp\/v2\/comments?post=2931"}],"wp:featuredmedia":[{"embeddable":true,"href":"https:\/\/dev.poppers-online.ch\/fr\/wp-json\/wp\/v2\/media\/136858"}],"wp:attachment":[{"href":"https:\/\/dev.poppers-online.ch\/fr\/wp-json\/wp\/v2\/media?parent=2931"}],"wp:term":[{"taxonomy":"product_brand","embeddable":true,"href":"https:\/\/dev.poppers-online.ch\/fr\/wp-json\/wp\/v2\/product_brand?post=2931"},{"taxonomy":"product_cat","embeddable":true,"href":"https:\/\/dev.poppers-online.ch\/fr\/wp-json\/wp\/v2\/product_cat?post=2931"},{"taxonomy":"product_tag","embeddable":true,"href":"https:\/\/dev.poppers-online.ch\/fr\/wp-json\/wp\/v2\/product_tag?post=2931"}],"curies":[{"name":"wp","href":"https:\/\/api.w.org\/{rel}","templated":true}]}}