{"id":38428,"date":"2022-10-25T15:33:45","date_gmt":"2022-10-25T13:33:45","guid":{"rendered":"https:\/\/poppers-online.ch\/?post_type=product&#038;p=38428"},"modified":"2025-09-05T14:07:10","modified_gmt":"2025-09-05T12:07:10","slug":"pack-de-demarrage-gay","status":"publish","type":"product","link":"https:\/\/dev.poppers-online.ch\/fr\/produit\/pack-de-demarrage-gay\/","title":{"rendered":"Pack de d\u00e9marrage gay"},"content":{"rendered":"<p>Tu es nouveau dans le monde gay et tu veux tout avoir lors de ton premier rendez-vous ? C&rsquo;est pr\u00e9cis\u00e9ment pour cela que nous avons cr\u00e9\u00e9 pour toi le Gay Starter Pack. Notre poppers Rush Original 10ml est le poppers le plus populaire au monde. Avec cela, tu es s\u00fbr d&rsquo;avoir d\u00e9j\u00e0 le premier accroche-regard sur ta flacon jaune. Gr\u00e2ce \u00e0 notre sniffer XTRM tr\u00e8s appr\u00e9ci\u00e9, toi et ton partenaire prot\u00e9gez votre nez des br\u00fblures chimiques lorsque vous reniflez. Tu peux facilement visser ce sniffer sur la flacon de poppers avant de commencer. La lubrification est particuli\u00e8rement importante pour le sexe anal. Notre lubrifiant HEROS de haute qualit\u00e9, \u00e0 base de silicone, y veille. Bien s\u00fbr, le sexe est beaucoup plus excitant lorsque toi ou ton partenaire ne vous crispez pas dans le rectum au moment d\u00e9cisif. Notre spray anal Play Harder de XTRM vous y aidera. Enfin, les pr\u00e9servatifs font \u00e9galement partie de notre kit de d\u00e9marrage gay. Have Fun and Play Safe.<\/p>\n","protected":false},"excerpt":{"rendered":"<p>Tu es nouveau dans le monde gay et tu veux tout avoir lors de ton premier rendez-vous ? C&rsquo;est pr\u00e9cis\u00e9ment pour cela que nous avons cr\u00e9\u00e9 pour toi le Gay Starter Pack. Notre poppers Rush Original 10ml est le poppers le plus populaire au monde. Avec cela, tu es s\u00fbr d&rsquo;avoir d\u00e9j\u00e0 le premier accroche-regard sur ta flacon jaune. Gr\u00e2ce \u00e0 notre sniffer XTRM tr\u00e8s appr\u00e9ci\u00e9, toi et ton partenaire prot\u00e9gez votre nez des br\u00fblures chimiques lorsque vous reniflez. Tu peux facilement visser ce sniffer sur la flacon de poppers avant de commencer. La lubrification est particuli\u00e8rement importante pour le sexe anal. Notre lubrifiant HEROS de haute qualit\u00e9, \u00e0 base de silicone, y veille. Bien s\u00fbr, le sexe est beaucoup plus excitant lorsque toi ou ton partenaire ne vous crispez pas dans le rectum au moment d\u00e9cisif. Notre spray anal Play Harder de XTRM vous y aidera. Enfin, les pr\u00e9servatifs font \u00e9galement partie de notre kit de d\u00e9marrage gay. Have Fun and Play Safe.<\/p>\n","protected":false},"featured_media":44258,"comment_status":"open","ping_status":"closed","template":"","meta":{"_acf_changed":false,"_glsr_average":0,"_glsr_ranking":0,"_glsr_reviews":0},"product_brand":[],"product_cat":[2067,2073,166],"product_tag":[815,250,790,813,814,810,811,812],"class_list":{"0":"post-38428","1":"product","2":"type-product","3":"status-publish","4":"has-post-thumbnail","6":"product_cat-lubrifiant","7":"product_cat-preservatif","8":"product_cat-droguerie","9":"product_tag-base-de-silicone-heros","10":"product_tag-gay-starter-pack-fr","11":"product_tag-poppers-fr","12":"product_tag-poppers-sniffer-fr","13":"product_tag-preservatifs","14":"product_tag-rush-poppers-10ml-fr","15":"product_tag-spray-anal-30ml","16":"product_tag-xtrm-sniffr-solo-petit-rouge","17":"pa_inhalt-combo","18":"pa_inhaltsstoffe-formule-canadienne-de-pentyle","19":"pa_staerke-90","21":"first","22":"instock","23":"sale","24":"taxable","25":"shipping-taxable","26":"purchasable","27":"product-type-simple"},"acf":[],"_links":{"self":[{"href":"https:\/\/dev.poppers-online.ch\/fr\/wp-json\/wp\/v2\/product\/38428","targetHints":{"allow":["GET"]}}],"collection":[{"href":"https:\/\/dev.poppers-online.ch\/fr\/wp-json\/wp\/v2\/product"}],"about":[{"href":"https:\/\/dev.poppers-online.ch\/fr\/wp-json\/wp\/v2\/types\/product"}],"replies":[{"embeddable":true,"href":"https:\/\/dev.poppers-online.ch\/fr\/wp-json\/wp\/v2\/comments?post=38428"}],"wp:featuredmedia":[{"embeddable":true,"href":"https:\/\/dev.poppers-online.ch\/fr\/wp-json\/wp\/v2\/media\/44258"}],"wp:attachment":[{"href":"https:\/\/dev.poppers-online.ch\/fr\/wp-json\/wp\/v2\/media?parent=38428"}],"wp:term":[{"taxonomy":"product_brand","embeddable":true,"href":"https:\/\/dev.poppers-online.ch\/fr\/wp-json\/wp\/v2\/product_brand?post=38428"},{"taxonomy":"product_cat","embeddable":true,"href":"https:\/\/dev.poppers-online.ch\/fr\/wp-json\/wp\/v2\/product_cat?post=38428"},{"taxonomy":"product_tag","embeddable":true,"href":"https:\/\/dev.poppers-online.ch\/fr\/wp-json\/wp\/v2\/product_tag?post=38428"}],"curies":[{"name":"wp","href":"https:\/\/api.w.org\/{rel}","templated":true}]}}