{"id":38974,"date":"2022-11-01T22:14:39","date_gmt":"2022-11-01T21:14:39","guid":{"rendered":"https:\/\/poppers-online.ch\/?post_type=product&#038;p=38974"},"modified":"2024-10-16T00:35:33","modified_gmt":"2024-10-15T22:35:33","slug":"swiss-navy-lubrifiant-sur-silicone-89ml","status":"publish","type":"product","link":"https:\/\/dev.poppers-online.ch\/fr\/produit\/swiss-navy-lubrifiant-sur-silicone-89ml\/","title":{"rendered":"Lubrifiant Swiss Navy \u00e0 base de silicone 89ml"},"content":{"rendered":"<p><span style=\"font-weight: 400;\">Avec ce lubrifiant silicone premium de Swiss Navy \u00e0 base de gel, Swiss Navy lance sur le march\u00e9 un lubrifiant silicone de tr\u00e8s haute qualit\u00e9. Les lubrifiants \u00e0 base de silicone sont certes un peu plus chers, mais ils ont l&rsquo;avantage que les mol\u00e9cules restent plus longtemps sur la peau et que tu ne dois pas en remettre aussi souvent. Cette formule Swiss Navy est l&rsquo;\u00e9talon-or, car Swiss Navy travaille avec du silicone premium pour ce produit et int\u00e8gre en outre de la vitamine E hydratante dans la formule. Il en r\u00e9sulte une sensation particuli\u00e8rement soyeuse et velout\u00e9e que tu ne trouveras dans aucun autre lubrifiant. Le lubrifiant Swiss Navy Silikon est le lubrifiant parfait pour elle et lui et constitue un tr\u00e8s bon choix dans toutes les situations. Le flacon anti-fuite avec son bouchon \u00e9tanche est tr\u00e8s pratique, surtout en voyage ou sur le chemin de ton prochain rendez-vous.<\/span><\/p>\n","protected":false},"excerpt":{"rendered":"<p><span style=\"font-weight: 400;\">Avec ce lubrifiant Swiss Navy \u00e0 base de silicone 89ml \u00e0 base de gel, Swiss Navy lance sur le march\u00e9 un lubrifiant \u00e0 base de silicone de tr\u00e8s haute qualit\u00e9. Les lubrifiants \u00e0 base de silicone sont certes un peu plus chers, mais ils ont l&rsquo;avantage que les mol\u00e9cules restent plus longtemps sur la peau et que tu ne dois pas en remettre aussi souvent. Cette formule Swiss Navy est un standard d&rsquo;or, car Swiss Navy travaille avec du silicone premium pour ce produit et int\u00e8gre en outre de la vitamine E hydratante dans la formule. Il en r\u00e9sulte une sensation particuli\u00e8rement soyeuse et velout\u00e9e que tu ne trouveras dans aucun autre lubrifiant.<\/span><\/p>\n<p><span style=\"font-weight: 400;\">Le lubrifiant Swiss Navy \u00e0 base de silicone 89ml est le lubrifiant parfait pour elle et lui et un tr\u00e8s bon choix dans toutes les situations. Le biberon anti-fuite avec son bouchon \u00e9tanche est tr\u00e8s pratique, surtout en voyage ou sur le chemin de ton prochain rendez-vous.<\/span><\/p>\n","protected":false},"featured_media":45921,"comment_status":"open","ping_status":"closed","template":"","meta":{"_acf_changed":false,"_glsr_average":0,"_glsr_ranking":0,"_glsr_reviews":0},"product_brand":[],"product_cat":[2067,166],"product_tag":[834],"class_list":{"0":"post-38974","1":"product","2":"type-product","3":"status-publish","4":"has-post-thumbnail","6":"product_cat-lubrifiant","7":"product_cat-droguerie","8":"product_tag-lubrifiant-swiss-navy-a-base-de-silicone-89ml-fr","10":"first","11":"instock","12":"taxable","13":"shipping-taxable","14":"purchasable","15":"product-type-simple"},"acf":[],"_links":{"self":[{"href":"https:\/\/dev.poppers-online.ch\/fr\/wp-json\/wp\/v2\/product\/38974","targetHints":{"allow":["GET"]}}],"collection":[{"href":"https:\/\/dev.poppers-online.ch\/fr\/wp-json\/wp\/v2\/product"}],"about":[{"href":"https:\/\/dev.poppers-online.ch\/fr\/wp-json\/wp\/v2\/types\/product"}],"replies":[{"embeddable":true,"href":"https:\/\/dev.poppers-online.ch\/fr\/wp-json\/wp\/v2\/comments?post=38974"}],"wp:featuredmedia":[{"embeddable":true,"href":"https:\/\/dev.poppers-online.ch\/fr\/wp-json\/wp\/v2\/media\/45921"}],"wp:attachment":[{"href":"https:\/\/dev.poppers-online.ch\/fr\/wp-json\/wp\/v2\/media?parent=38974"}],"wp:term":[{"taxonomy":"product_brand","embeddable":true,"href":"https:\/\/dev.poppers-online.ch\/fr\/wp-json\/wp\/v2\/product_brand?post=38974"},{"taxonomy":"product_cat","embeddable":true,"href":"https:\/\/dev.poppers-online.ch\/fr\/wp-json\/wp\/v2\/product_cat?post=38974"},{"taxonomy":"product_tag","embeddable":true,"href":"https:\/\/dev.poppers-online.ch\/fr\/wp-json\/wp\/v2\/product_tag?post=38974"}],"curies":[{"name":"wp","href":"https:\/\/api.w.org\/{rel}","templated":true}]}}