{"id":38996,"date":"2022-11-01T22:26:47","date_gmt":"2022-11-01T21:26:48","guid":{"rendered":"https:\/\/poppers-online.ch\/?post_type=product&#038;p=38996"},"modified":"2025-04-24T12:41:41","modified_gmt":"2025-04-24T10:41:41","slug":"slipn-slide-premium-jelly-lubricant-59ml","status":"publish","type":"product","link":"https:\/\/dev.poppers-online.ch\/fr\/produit\/slipn-slide-premium-jelly-lubricant-59ml\/","title":{"rendered":"Slip N Slide Premium Jelly Lubricant 59ml Swiss Navy"},"content":{"rendered":"<p><span style=\"font-weight: 400;\">Ce lubrifiant de Swiss Navy est l&rsquo;un des meilleurs lubrifiants \u00e0 base d&rsquo;eau sur le march\u00e9. Slip&rsquo;N Slide Premium Jelly est tr\u00e8s \u00e9pais et reste tr\u00e8s bien en place apr\u00e8s l&rsquo;application. Ce lubrifiant Premium de Swiss Navy ne p\u00e9n\u00e8tre pas trop rapidement dans la peau comme les autres lubrifiants \u00e0 base d&rsquo;eau, ce qui \u00e9vite d&rsquo;en remettre trop souvent. Nous te recommandons le lubrifiant Slip&rsquo;N Slide Premium Jelly \u00e0 base d&rsquo;eau surtout si tu es allergique aux lubrifiants \u00e0 base de silicone et si tu aimes jouer avec des sextoys. Si tu aimes les lubrifiants \u00e0 base d&rsquo;eau, tu devrais absolument essayer ce produit Premium Jelly de Swiss Navy.<\/span><\/p>\n","protected":false},"excerpt":{"rendered":"<p>Ce lubrifiant de Swiss Navy fait partie des meilleurs lubrifiants \u00e0 base d&rsquo;eau sur le march\u00e9. Slip N Slide Premium Jelly Lubricant 59ml Swiss Navy est tr\u00e8s \u00e9pais et reste en outre tr\u00e8s bien en place apr\u00e8s l&rsquo;application. Ce lubrifiant premium de Swiss Navy ne p\u00e9n\u00e8tre pas trop vite dans la peau comme d&rsquo;autres lubrifiants \u00e0 base d&rsquo;eau, tu n&rsquo;as donc pas besoin d&rsquo;en remettre aussi souvent. Nous te recommandons le lubrifiant Slip&rsquo;N Slide Premium Jelly \u00e0 base d&rsquo;eau surtout si tu es allergique aux lubrifiants \u00e0 base de silicone et si tu aimes jouer avec des sextoys. Si tu aimes les lubrifiants \u00e0 base d&rsquo;eau, tu devrais absolument essayer ce produit Premium Jelly de Swiss Navy.<\/p>\n","protected":false},"featured_media":39710,"comment_status":"open","ping_status":"closed","template":"","meta":{"_acf_changed":false,"_glsr_average":0,"_glsr_ranking":0,"_glsr_reviews":0},"product_brand":[],"product_cat":[2067,166],"product_tag":[837],"class_list":{"0":"post-38996","1":"product","2":"type-product","3":"status-publish","4":"has-post-thumbnail","6":"product_cat-lubrifiant","7":"product_cat-droguerie","8":"product_tag-slipn-slide-premium-jelly-lubricant-59ml-fr","10":"first","11":"instock","12":"sale","13":"taxable","14":"shipping-taxable","15":"purchasable","16":"product-type-simple"},"acf":[],"_links":{"self":[{"href":"https:\/\/dev.poppers-online.ch\/fr\/wp-json\/wp\/v2\/product\/38996","targetHints":{"allow":["GET"]}}],"collection":[{"href":"https:\/\/dev.poppers-online.ch\/fr\/wp-json\/wp\/v2\/product"}],"about":[{"href":"https:\/\/dev.poppers-online.ch\/fr\/wp-json\/wp\/v2\/types\/product"}],"replies":[{"embeddable":true,"href":"https:\/\/dev.poppers-online.ch\/fr\/wp-json\/wp\/v2\/comments?post=38996"}],"wp:featuredmedia":[{"embeddable":true,"href":"https:\/\/dev.poppers-online.ch\/fr\/wp-json\/wp\/v2\/media\/39710"}],"wp:attachment":[{"href":"https:\/\/dev.poppers-online.ch\/fr\/wp-json\/wp\/v2\/media?parent=38996"}],"wp:term":[{"taxonomy":"product_brand","embeddable":true,"href":"https:\/\/dev.poppers-online.ch\/fr\/wp-json\/wp\/v2\/product_brand?post=38996"},{"taxonomy":"product_cat","embeddable":true,"href":"https:\/\/dev.poppers-online.ch\/fr\/wp-json\/wp\/v2\/product_cat?post=38996"},{"taxonomy":"product_tag","embeddable":true,"href":"https:\/\/dev.poppers-online.ch\/fr\/wp-json\/wp\/v2\/product_tag?post=38996"}],"curies":[{"name":"wp","href":"https:\/\/api.w.org\/{rel}","templated":true}]}}