{"id":3924,"date":"2021-09-28T16:06:34","date_gmt":"2021-09-28T14:06:34","guid":{"rendered":"https:\/\/poppers-online.ch\/?post_type=product&#038;p=3924"},"modified":"2025-10-23T13:04:00","modified_gmt":"2025-10-23T11:04:00","slug":"real-amsterdam-extra-strong-25ml","status":"publish","type":"product","link":"https:\/\/dev.poppers-online.ch\/fr\/produit\/real-amsterdam-extra-strong-25ml\/","title":{"rendered":"Real Amsterdam Extra Strong 25ml"},"content":{"rendered":"","protected":false},"excerpt":{"rendered":"<p>Real Amsterdam Extra Strong 25ml au style r\u00e9tro du fabricant canadien Lockerroom. L&rsquo;Amsterdam extra fort \u00e0 base de nitrite de pentyle. Avec Amsterdam Poppers, transporte-toi dans la m\u00e9tropole n\u00e9erlandaise anim\u00e9e et sa vie nocturne tr\u00e9pidante.<\/p>\n<p>D\u00e9couvre d&rsquo;autres <a href=\"https:\/\/dev.poppers-online.ch\/produkt-eigenschaft\/marke\/amsterdam-poppers\/\">poppers Amsterdam<\/a> dans diff\u00e9rentes tailles et formes de flacons ainsi que dans diff\u00e9rentes \u00e9paisseurs.<\/p>\n","protected":false},"featured_media":137065,"comment_status":"open","ping_status":"closed","template":"","meta":{"_acf_changed":false,"_glsr_average":0,"_glsr_ranking":0,"_glsr_reviews":0},"product_brand":[],"product_cat":[77],"product_tag":[],"class_list":{"0":"post-3924","1":"product","2":"type-product","3":"status-publish","4":"has-post-thumbnail","6":"product_cat-grands-flacons","7":"pa_flaschenform-anguleux","8":"pa_gewindegroesse-large","9":"pa_inhalt-25ml","10":"pa_inhaltsstoffe-formule-canadienne-de-pentyle","11":"pa_marke-amsterdam-poppers","12":"pa_staerke-91","14":"first","15":"instock","16":"taxable","17":"shipping-taxable","18":"purchasable","19":"product-type-simple"},"acf":[],"_links":{"self":[{"href":"https:\/\/dev.poppers-online.ch\/fr\/wp-json\/wp\/v2\/product\/3924","targetHints":{"allow":["GET"]}}],"collection":[{"href":"https:\/\/dev.poppers-online.ch\/fr\/wp-json\/wp\/v2\/product"}],"about":[{"href":"https:\/\/dev.poppers-online.ch\/fr\/wp-json\/wp\/v2\/types\/product"}],"replies":[{"embeddable":true,"href":"https:\/\/dev.poppers-online.ch\/fr\/wp-json\/wp\/v2\/comments?post=3924"}],"wp:featuredmedia":[{"embeddable":true,"href":"https:\/\/dev.poppers-online.ch\/fr\/wp-json\/wp\/v2\/media\/137065"}],"wp:attachment":[{"href":"https:\/\/dev.poppers-online.ch\/fr\/wp-json\/wp\/v2\/media?parent=3924"}],"wp:term":[{"taxonomy":"product_brand","embeddable":true,"href":"https:\/\/dev.poppers-online.ch\/fr\/wp-json\/wp\/v2\/product_brand?post=3924"},{"taxonomy":"product_cat","embeddable":true,"href":"https:\/\/dev.poppers-online.ch\/fr\/wp-json\/wp\/v2\/product_cat?post=3924"},{"taxonomy":"product_tag","embeddable":true,"href":"https:\/\/dev.poppers-online.ch\/fr\/wp-json\/wp\/v2\/product_tag?post=3924"}],"curies":[{"name":"wp","href":"https:\/\/api.w.org\/{rel}","templated":true}]}}