{"id":40732,"date":"2022-11-24T15:24:33","date_gmt":"2022-11-24T14:24:33","guid":{"rendered":"https:\/\/poppers-online.ch\/?post_type=product&#038;p=40732"},"modified":"2025-09-17T10:19:28","modified_gmt":"2025-09-17T08:19:28","slug":"berlin-pentyl-poppers-25ml","status":"publish","type":"product","link":"https:\/\/dev.poppers-online.ch\/fr\/produit\/berlin-pentyl-poppers-25ml\/","title":{"rendered":"BERLIN PENTYL Poppers 25ml"},"content":{"rendered":"<p>BERLIN PENTYL Poppers est bas\u00e9, comme son nom l&rsquo;indique, sur le pentylnitrite original. Dans la Queer Capital BERLIN, des f\u00eates pour tous les go\u00fbts et toutes les pr\u00e9f\u00e9rences t&rsquo;attendent. Fais venir chez toi l&rsquo;envie irr\u00e9pressible, le style de vie h\u00e9doniste et la libert\u00e9 sexuelle de Berlin avec le BERLIN PENTYL Poppers. Que l&rsquo;on soit gay ou h\u00e9t\u00e9ro, homme ou femme, nous aimons tous les poppers et nous aimons tous Berlin !<\/p>\n","protected":false},"excerpt":{"rendered":"<p>BERLIN PENTYL Poppers 25ml est bas\u00e9, comme son nom l&rsquo;indique, sur le pentylnitrite original. Dans la Queer Capital BERLIN, des f\u00eates pour tous les go\u00fbts et toutes les pr\u00e9f\u00e9rences t&rsquo;attendent. Fais venir chez toi le d\u00e9sir irr\u00e9pressible, le style de vie h\u00e9doniste et la libert\u00e9 sexuelle de Berlin avec le BERLIN PENTYL Poppers. Que l&rsquo;on soit gay ou h\u00e9t\u00e9ro, homme ou femme, nous aimons tous les poppers et nous aimons tous Berlin !<\/p>\n","protected":false},"featured_media":43060,"comment_status":"open","ping_status":"closed","template":"","meta":{"_acf_changed":false,"_glsr_average":0,"_glsr_ranking":0,"_glsr_reviews":0},"product_brand":[],"product_cat":[77],"product_tag":[],"class_list":{"0":"post-40732","1":"product","2":"type-product","3":"status-publish","4":"has-post-thumbnail","6":"product_cat-grands-flacons","7":"pa_flaschenform-ovale","8":"pa_gewindegroesse-small","9":"pa_inhalt-25ml","10":"pa_inhaltsstoffe-nitrite-de-pentyle","11":"pa_marke-berlin-poppers","12":"pa_staerke-90","14":"first","15":"instock","16":"sale","17":"taxable","18":"shipping-taxable","19":"purchasable","20":"product-type-simple"},"acf":[],"_links":{"self":[{"href":"https:\/\/dev.poppers-online.ch\/fr\/wp-json\/wp\/v2\/product\/40732","targetHints":{"allow":["GET"]}}],"collection":[{"href":"https:\/\/dev.poppers-online.ch\/fr\/wp-json\/wp\/v2\/product"}],"about":[{"href":"https:\/\/dev.poppers-online.ch\/fr\/wp-json\/wp\/v2\/types\/product"}],"replies":[{"embeddable":true,"href":"https:\/\/dev.poppers-online.ch\/fr\/wp-json\/wp\/v2\/comments?post=40732"}],"wp:featuredmedia":[{"embeddable":true,"href":"https:\/\/dev.poppers-online.ch\/fr\/wp-json\/wp\/v2\/media\/43060"}],"wp:attachment":[{"href":"https:\/\/dev.poppers-online.ch\/fr\/wp-json\/wp\/v2\/media?parent=40732"}],"wp:term":[{"taxonomy":"product_brand","embeddable":true,"href":"https:\/\/dev.poppers-online.ch\/fr\/wp-json\/wp\/v2\/product_brand?post=40732"},{"taxonomy":"product_cat","embeddable":true,"href":"https:\/\/dev.poppers-online.ch\/fr\/wp-json\/wp\/v2\/product_cat?post=40732"},{"taxonomy":"product_tag","embeddable":true,"href":"https:\/\/dev.poppers-online.ch\/fr\/wp-json\/wp\/v2\/product_tag?post=40732"}],"curies":[{"name":"wp","href":"https:\/\/api.w.org\/{rel}","templated":true}]}}