{"id":40754,"date":"2022-11-24T15:36:03","date_gmt":"2022-11-24T14:36:03","guid":{"rendered":"https:\/\/poppers-online.ch\/?post_type=product&#038;p=40754"},"modified":"2025-10-23T12:41:32","modified_gmt":"2025-10-23T10:41:32","slug":"hulk-ultra-strong-poppers-10ml","status":"publish","type":"product","link":"https:\/\/dev.poppers-online.ch\/fr\/produit\/hulk-ultra-strong-poppers-10ml\/","title":{"rendered":"Hulk Ultra Strong Poppers 10ml"},"content":{"rendered":"<p>Le poppers Hulk Ultra Strong 10ml est bas\u00e9 sur le pentylnitrite original. Hulk Extra Strong n&rsquo;est pas seulement un excellent compl\u00e9ment lors de rapports sexuels, mais procure \u00e9galement un coup de fouet suppl\u00e9mentaire lors d&rsquo;une f\u00eate, d&rsquo;un club, d&rsquo;un concert ou d&rsquo;un festival. D\u00e9couvre comment les couleurs se r\u00e9chauffent l&rsquo;espace d&rsquo;un instant et comment la musique te transperce pendant un moment. Avec le Hulk Ultra Strong Poppers vert, tu vas certainement cr\u00e9er la surprise aupr\u00e8s de tes amis. Si tu ne sais pas comment sniffer les poppers, lis attentivement notre section FAQ sur ce site. Ne pas boire les poppers !<\/p>\n","protected":false},"excerpt":{"rendered":"<p>Le poppers Hulk Ultra Strong 10ml est bas\u00e9 sur le pentylnitrite original. Hulk Extra Strong n&rsquo;est pas seulement un excellent compl\u00e9ment lors de rapports sexuels, mais procure \u00e9galement un coup de fouet suppl\u00e9mentaire lors d&rsquo;une f\u00eate, d&rsquo;un club, d&rsquo;un concert ou d&rsquo;un festival. D\u00e9couvre comment les couleurs se r\u00e9chauffent l&rsquo;espace d&rsquo;un instant et comment la musique te transperce pendant un moment. Avec le Hulk Ultra Strong Poppers vert, tu vas certainement cr\u00e9er la surprise aupr\u00e8s de tes amis. Si tu ne sais pas comment sniffer les poppers, lis attentivement notre section FAQ sur ce site. Ne pas boire les poppers !<\/p>\n","protected":false},"featured_media":43076,"comment_status":"open","ping_status":"closed","template":"","meta":{"_acf_changed":false,"_glsr_average":0,"_glsr_ranking":0,"_glsr_reviews":0},"product_brand":[],"product_cat":[78],"product_tag":[344],"class_list":{"0":"post-40754","1":"product","2":"type-product","3":"status-publish","4":"has-post-thumbnail","6":"product_cat-petits-flacons","7":"product_tag-hulk-ultra-strong-poppers-10ml-fr","8":"pa_flaschenform-rond-petit","9":"pa_gewindegroesse-small","10":"pa_inhalt-10ml","11":"pa_inhaltsstoffe-nitrite-de-pentyle","12":"pa_staerke-90","14":"first","15":"instock","16":"taxable","17":"shipping-taxable","18":"purchasable","19":"product-type-simple"},"acf":[],"_links":{"self":[{"href":"https:\/\/dev.poppers-online.ch\/fr\/wp-json\/wp\/v2\/product\/40754","targetHints":{"allow":["GET"]}}],"collection":[{"href":"https:\/\/dev.poppers-online.ch\/fr\/wp-json\/wp\/v2\/product"}],"about":[{"href":"https:\/\/dev.poppers-online.ch\/fr\/wp-json\/wp\/v2\/types\/product"}],"replies":[{"embeddable":true,"href":"https:\/\/dev.poppers-online.ch\/fr\/wp-json\/wp\/v2\/comments?post=40754"}],"wp:featuredmedia":[{"embeddable":true,"href":"https:\/\/dev.poppers-online.ch\/fr\/wp-json\/wp\/v2\/media\/43076"}],"wp:attachment":[{"href":"https:\/\/dev.poppers-online.ch\/fr\/wp-json\/wp\/v2\/media?parent=40754"}],"wp:term":[{"taxonomy":"product_brand","embeddable":true,"href":"https:\/\/dev.poppers-online.ch\/fr\/wp-json\/wp\/v2\/product_brand?post=40754"},{"taxonomy":"product_cat","embeddable":true,"href":"https:\/\/dev.poppers-online.ch\/fr\/wp-json\/wp\/v2\/product_cat?post=40754"},{"taxonomy":"product_tag","embeddable":true,"href":"https:\/\/dev.poppers-online.ch\/fr\/wp-json\/wp\/v2\/product_tag?post=40754"}],"curies":[{"name":"wp","href":"https:\/\/api.w.org\/{rel}","templated":true}]}}