{"id":40774,"date":"2022-11-24T15:43:06","date_gmt":"2022-11-24T14:43:06","guid":{"rendered":"https:\/\/poppers-online.ch\/?post_type=product&#038;p=40774"},"modified":"2024-10-16T00:30:39","modified_gmt":"2024-10-15T22:30:39","slug":"fist-fuel-poppers-10ml","status":"publish","type":"product","link":"https:\/\/dev.poppers-online.ch\/fr\/produit\/fist-fuel-poppers-10ml\/","title":{"rendered":"Fist Fuel Poppers 10ml"},"content":{"rendered":"<p>Notre Fist Fuel Poppers 10ml est bas\u00e9 sur le pentylnitrite original et est ton carburant pour des sessions de FF d\u00e9lirantes. La version Ultra Strong de Fist Fuel ouvre la voie \u00e0 tous les poings pour un plaisir intense. D&rsquo;ailleurs, nous vendons aussi l&rsquo;Anal Fist Lube dans notre boutique.<\/p>\n","protected":false},"excerpt":{"rendered":"<p>Notre Fist Fuel Poppers 10ml est bas\u00e9 sur le pentylnitrite original et est ton carburant pour des sessions de FF d\u00e9lirantes. La version Ultra Strong de Fist Fuel ouvre la voie \u00e0 tous les poings pour un plaisir intense. D&rsquo;ailleurs, nous vendons aussi l&rsquo;Anal Fist Lube dans notre boutique.<\/p>\n","protected":false},"featured_media":43140,"comment_status":"open","ping_status":"closed","template":"","meta":{"_acf_changed":false,"_glsr_average":0,"_glsr_ranking":0,"_glsr_reviews":0},"product_brand":[],"product_cat":[78],"product_tag":[364],"class_list":{"0":"post-40774","1":"product","2":"type-product","3":"status-publish","4":"has-post-thumbnail","6":"product_cat-petits-flacons","7":"product_tag-fist-fuel-poppers-10ml-fr","8":"pa_flaschenform-rond-petit","9":"pa_gewindegroesse-small","10":"pa_inhalt-10ml","11":"pa_inhaltsstoffe-nitrite-de-pentyle","12":"pa_marke-fist-poppers","13":"pa_staerke-90","15":"first","16":"instock","17":"taxable","18":"shipping-taxable","19":"purchasable","20":"product-type-simple"},"acf":[],"_links":{"self":[{"href":"https:\/\/dev.poppers-online.ch\/fr\/wp-json\/wp\/v2\/product\/40774","targetHints":{"allow":["GET"]}}],"collection":[{"href":"https:\/\/dev.poppers-online.ch\/fr\/wp-json\/wp\/v2\/product"}],"about":[{"href":"https:\/\/dev.poppers-online.ch\/fr\/wp-json\/wp\/v2\/types\/product"}],"replies":[{"embeddable":true,"href":"https:\/\/dev.poppers-online.ch\/fr\/wp-json\/wp\/v2\/comments?post=40774"}],"wp:featuredmedia":[{"embeddable":true,"href":"https:\/\/dev.poppers-online.ch\/fr\/wp-json\/wp\/v2\/media\/43140"}],"wp:attachment":[{"href":"https:\/\/dev.poppers-online.ch\/fr\/wp-json\/wp\/v2\/media?parent=40774"}],"wp:term":[{"taxonomy":"product_brand","embeddable":true,"href":"https:\/\/dev.poppers-online.ch\/fr\/wp-json\/wp\/v2\/product_brand?post=40774"},{"taxonomy":"product_cat","embeddable":true,"href":"https:\/\/dev.poppers-online.ch\/fr\/wp-json\/wp\/v2\/product_cat?post=40774"},{"taxonomy":"product_tag","embeddable":true,"href":"https:\/\/dev.poppers-online.ch\/fr\/wp-json\/wp\/v2\/product_tag?post=40774"}],"curies":[{"name":"wp","href":"https:\/\/api.w.org\/{rel}","templated":true}]}}