{"id":46361,"date":"2023-01-23T21:15:19","date_gmt":"2023-01-23T20:15:19","guid":{"rendered":"https:\/\/poppers-online.ch\/?post_type=product&#038;p=46361"},"modified":"2025-11-25T11:56:00","modified_gmt":"2025-11-25T10:56:00","slug":"poppers-inhalateur-respiration-avec-chaine","status":"publish","type":"product","link":"https:\/\/dev.poppers-online.ch\/fr\/produit\/poppers-inhalateur-respiration-avec-chaine\/","title":{"rendered":"Poppers Inhaler BREATH avec cha\u00eene"},"content":{"rendered":"","protected":false},"excerpt":{"rendered":"<p>Ce Poppers Inhaler BREATH avec cha\u00eene est en acier inoxydable et porte l&rsquo;inscription \u00ab\u00a0BREATH\u00a0\u00bb. Avec la cha\u00eene solide en acier inoxydable fournie, tu te feras certainement remarquer \u00e0 chaque f\u00eate. Pour la pr\u00e9paration, d\u00e9visse l&rsquo;inhalateur et verse le poppers sur un b\u00e2tonnet de coton, puis revisse l&rsquo;inhalateur. Ainsi, tu portes ton poppers autour du cou, toujours pr\u00eat, et tu peux \u00e0 tout moment d\u00e9visser l&rsquo;inhalateur et tirer dessus. La livraison comprend un inhalateur avec la cha\u00eene solide en acier inoxydable plus un stick de coton. Tu peux \u00e9galement acheter des b\u00e2tonnets d&rsquo;ouate suppl\u00e9mentaires chez nous.<\/p>\n","protected":false},"featured_media":46373,"comment_status":"open","ping_status":"closed","template":"","meta":{"_acf_changed":false,"_glsr_average":0,"_glsr_ranking":0,"_glsr_reviews":0},"product_brand":[],"product_cat":[149,1310],"product_tag":[853],"class_list":{"0":"post-46361","1":"product","2":"type-product","3":"status-publish","4":"has-post-thumbnail","6":"product_cat-accessoires-poppers","7":"product_cat-inhalateurs","8":"product_tag-poppers-inhaler-breath-avec-chaine-fr","9":"pa_inhaler-produkttyp-single","11":"first","12":"instock","13":"taxable","14":"shipping-taxable","15":"purchasable","16":"product-type-simple"},"acf":[],"_links":{"self":[{"href":"https:\/\/dev.poppers-online.ch\/fr\/wp-json\/wp\/v2\/product\/46361","targetHints":{"allow":["GET"]}}],"collection":[{"href":"https:\/\/dev.poppers-online.ch\/fr\/wp-json\/wp\/v2\/product"}],"about":[{"href":"https:\/\/dev.poppers-online.ch\/fr\/wp-json\/wp\/v2\/types\/product"}],"replies":[{"embeddable":true,"href":"https:\/\/dev.poppers-online.ch\/fr\/wp-json\/wp\/v2\/comments?post=46361"}],"wp:featuredmedia":[{"embeddable":true,"href":"https:\/\/dev.poppers-online.ch\/fr\/wp-json\/wp\/v2\/media\/46373"}],"wp:attachment":[{"href":"https:\/\/dev.poppers-online.ch\/fr\/wp-json\/wp\/v2\/media?parent=46361"}],"wp:term":[{"taxonomy":"product_brand","embeddable":true,"href":"https:\/\/dev.poppers-online.ch\/fr\/wp-json\/wp\/v2\/product_brand?post=46361"},{"taxonomy":"product_cat","embeddable":true,"href":"https:\/\/dev.poppers-online.ch\/fr\/wp-json\/wp\/v2\/product_cat?post=46361"},{"taxonomy":"product_tag","embeddable":true,"href":"https:\/\/dev.poppers-online.ch\/fr\/wp-json\/wp\/v2\/product_tag?post=46361"}],"curies":[{"name":"wp","href":"https:\/\/api.w.org\/{rel}","templated":true}]}}