{"id":46390,"date":"2023-01-23T22:19:35","date_gmt":"2023-01-23T21:19:35","guid":{"rendered":"https:\/\/poppers-online.ch\/?post_type=product&#038;p=46390"},"modified":"2025-10-23T12:49:22","modified_gmt":"2025-10-23T10:49:22","slug":"poppers-inhalateur-avec-chaine-noire","status":"publish","type":"product","link":"https:\/\/dev.poppers-online.ch\/fr\/produit\/poppers-inhalateur-avec-chaine-noire\/","title":{"rendered":"Poppers Inhaler avec cha\u00eene noire"},"content":{"rendered":"","protected":false},"excerpt":{"rendered":"<p>Ce Poppers Inhaler avec sa cha\u00eene noire attire tous les regards. Tu peux porter ce bijou fonctionnel autour du cou en toute discr\u00e9tion. Pour la pr\u00e9paration, d\u00e9visse l&rsquo;inhalateur et verse le poppers sur un b\u00e2tonnet d&rsquo;ouate, puis revisse l&rsquo;inhalateur. Ainsi, tu portes ton poppers autour du cou, toujours pr\u00eat, et tu peux \u00e0 tout moment d\u00e9visser l&rsquo;inhalateur et tirer dessus. La livraison comprend un inhalateur avec la cha\u00eene noire plus un stick d&rsquo;ouate. Tu peux \u00e9galement acheter des b\u00e2tonnets d&rsquo;ouate suppl\u00e9mentaires chez nous.<\/p>\n","protected":false},"featured_media":46365,"comment_status":"open","ping_status":"closed","template":"","meta":{"_acf_changed":false,"_glsr_average":0,"_glsr_ranking":0,"_glsr_reviews":0},"product_brand":[],"product_cat":[149,1310],"product_tag":[854,853],"class_list":{"0":"post-46390","1":"product","2":"type-product","3":"status-publish","4":"has-post-thumbnail","6":"product_cat-accessoires-poppers","7":"product_cat-inhalateurs","8":"product_tag-poppers-inhaler-avec-chaine-noire","9":"product_tag-poppers-inhaler-breath-avec-chaine-fr","10":"pa_inhaler-produkttyp-single","12":"first","13":"instock","14":"taxable","15":"shipping-taxable","16":"purchasable","17":"product-type-simple"},"acf":[],"_links":{"self":[{"href":"https:\/\/dev.poppers-online.ch\/fr\/wp-json\/wp\/v2\/product\/46390","targetHints":{"allow":["GET"]}}],"collection":[{"href":"https:\/\/dev.poppers-online.ch\/fr\/wp-json\/wp\/v2\/product"}],"about":[{"href":"https:\/\/dev.poppers-online.ch\/fr\/wp-json\/wp\/v2\/types\/product"}],"replies":[{"embeddable":true,"href":"https:\/\/dev.poppers-online.ch\/fr\/wp-json\/wp\/v2\/comments?post=46390"}],"wp:featuredmedia":[{"embeddable":true,"href":"https:\/\/dev.poppers-online.ch\/fr\/wp-json\/wp\/v2\/media\/46365"}],"wp:attachment":[{"href":"https:\/\/dev.poppers-online.ch\/fr\/wp-json\/wp\/v2\/media?parent=46390"}],"wp:term":[{"taxonomy":"product_brand","embeddable":true,"href":"https:\/\/dev.poppers-online.ch\/fr\/wp-json\/wp\/v2\/product_brand?post=46390"},{"taxonomy":"product_cat","embeddable":true,"href":"https:\/\/dev.poppers-online.ch\/fr\/wp-json\/wp\/v2\/product_cat?post=46390"},{"taxonomy":"product_tag","embeddable":true,"href":"https:\/\/dev.poppers-online.ch\/fr\/wp-json\/wp\/v2\/product_tag?post=46390"}],"curies":[{"name":"wp","href":"https:\/\/api.w.org\/{rel}","templated":true}]}}