{"id":56057,"date":"2023-05-15T18:26:35","date_gmt":"2023-05-15T16:26:36","guid":{"rendered":"https:\/\/poppers-online.ch\/?post_type=product&#038;p=56057"},"modified":"2025-11-03T04:12:03","modified_gmt":"2025-11-03T03:12:03","slug":"kinky-monster-original-poppers-10ml","status":"publish","type":"product","link":"https:\/\/dev.poppers-online.ch\/fr\/produit\/kinky-monster-original-poppers-10ml\/","title":{"rendered":"Kinky Monster Original Poppers 10ml"},"content":{"rendered":"","protected":false},"excerpt":{"rendered":"<p>Le Kinky Monster Original Poppers 10ml s&rsquo;adresse \u00e0 tous les kinksters et est synonyme de poppers encore plus fort et encore plus durable. En outre, les flacons de Kinky Monster Poppers contiennent du nitrite de pentyle particuli\u00e8rement pur et hautement concentr\u00e9. Les poppers Kinky Monster existent en 8 vari\u00e9t\u00e9s diff\u00e9rentes. Kinky Monster Original est la formule de base de tous les produits Kinky Monster Poppers.<\/p>\n","protected":false},"featured_media":56100,"comment_status":"open","ping_status":"closed","template":"","meta":{"_acf_changed":false,"_glsr_average":0,"_glsr_ranking":0,"_glsr_reviews":0},"product_brand":[],"product_cat":[78],"product_tag":[798,527,790,796],"class_list":{"0":"post-56057","1":"product","2":"type-product","3":"status-publish","4":"has-post-thumbnail","6":"product_cat-petits-flacons","7":"product_tag-berlin-ultra-strong-poppers-10ml-fr-2","8":"product_tag-kinky-monster-original-poppers-10ml-fr","9":"product_tag-poppers-fr","10":"product_tag-swiss-premium-juice-poppers-10ml-fr-2","11":"pa_flaschenform-rond-petit","12":"pa_gewindegroesse-small","13":"pa_inhalt-10ml","14":"pa_inhaltsstoffe-nitrite-de-pentyle","15":"pa_marke-kinky-monster-poppers","16":"pa_staerke-89","18":"first","19":"instock","20":"taxable","21":"shipping-taxable","22":"purchasable","23":"product-type-simple"},"acf":[],"_links":{"self":[{"href":"https:\/\/dev.poppers-online.ch\/fr\/wp-json\/wp\/v2\/product\/56057","targetHints":{"allow":["GET"]}}],"collection":[{"href":"https:\/\/dev.poppers-online.ch\/fr\/wp-json\/wp\/v2\/product"}],"about":[{"href":"https:\/\/dev.poppers-online.ch\/fr\/wp-json\/wp\/v2\/types\/product"}],"replies":[{"embeddable":true,"href":"https:\/\/dev.poppers-online.ch\/fr\/wp-json\/wp\/v2\/comments?post=56057"}],"wp:featuredmedia":[{"embeddable":true,"href":"https:\/\/dev.poppers-online.ch\/fr\/wp-json\/wp\/v2\/media\/56100"}],"wp:attachment":[{"href":"https:\/\/dev.poppers-online.ch\/fr\/wp-json\/wp\/v2\/media?parent=56057"}],"wp:term":[{"taxonomy":"product_brand","embeddable":true,"href":"https:\/\/dev.poppers-online.ch\/fr\/wp-json\/wp\/v2\/product_brand?post=56057"},{"taxonomy":"product_cat","embeddable":true,"href":"https:\/\/dev.poppers-online.ch\/fr\/wp-json\/wp\/v2\/product_cat?post=56057"},{"taxonomy":"product_tag","embeddable":true,"href":"https:\/\/dev.poppers-online.ch\/fr\/wp-json\/wp\/v2\/product_tag?post=56057"}],"curies":[{"name":"wp","href":"https:\/\/api.w.org\/{rel}","templated":true}]}}