{"id":57370,"date":"2023-05-31T13:45:32","date_gmt":"2023-05-31T11:45:32","guid":{"rendered":"https:\/\/poppers-online.ch\/?post_type=product&#038;p=57370"},"modified":"2024-10-16T00:15:35","modified_gmt":"2024-10-15T22:15:35","slug":"white-rush-poppers-9ml","status":"publish","type":"product","link":"https:\/\/dev.poppers-online.ch\/fr\/produit\/white-rush-poppers-9ml\/","title":{"rendered":"White Rush Poppers 9ml"},"content":{"rendered":"","protected":false},"excerpt":{"rendered":"<p>Le White Rush Poppers 9ml est bas\u00e9 sur le pentylnitrite original. Le logo est la garantie que la vieille formule populaire \u00ab\u00a0Reduce to the Max\u00a0\u00bb Rush est encore pr\u00e9sente dans ce Rush. Tous les ingr\u00e9dients non efficaces sont extraits dans cette formule selon la devise \u00ab\u00a0Reduce to the Max\u00a0\u00bb. Cela te garantit une puret\u00e9 absolue et un effet sans pr\u00e9c\u00e9dent. White Rush est l&rsquo;ultime amplificateur de plaisir qui aiguise tes sens et lib\u00e8re tes fantasmes les plus fous.<\/p>\n","protected":false},"featured_media":133110,"comment_status":"open","ping_status":"closed","template":"","meta":{"_acf_changed":false,"_glsr_average":0,"_glsr_ranking":0,"_glsr_reviews":0},"product_brand":[],"product_cat":[78],"product_tag":[356],"class_list":{"0":"post-57370","1":"product","2":"type-product","3":"status-publish","4":"has-post-thumbnail","6":"product_cat-petits-flacons","7":"product_tag-white-rush-poppers-25ml-fr","8":"pa_flaschenform-rond-petit","9":"pa_gewindegroesse-small","10":"pa_inhalt-9ml","11":"pa_inhaltsstoffe-nitrite-de-pentyle","12":"pa_marke-rush-poppers","13":"pa_staerke-89","15":"first","16":"instock","17":"taxable","18":"shipping-taxable","19":"purchasable","20":"product-type-simple"},"acf":[],"_links":{"self":[{"href":"https:\/\/dev.poppers-online.ch\/fr\/wp-json\/wp\/v2\/product\/57370","targetHints":{"allow":["GET"]}}],"collection":[{"href":"https:\/\/dev.poppers-online.ch\/fr\/wp-json\/wp\/v2\/product"}],"about":[{"href":"https:\/\/dev.poppers-online.ch\/fr\/wp-json\/wp\/v2\/types\/product"}],"replies":[{"embeddable":true,"href":"https:\/\/dev.poppers-online.ch\/fr\/wp-json\/wp\/v2\/comments?post=57370"}],"wp:featuredmedia":[{"embeddable":true,"href":"https:\/\/dev.poppers-online.ch\/fr\/wp-json\/wp\/v2\/media\/133110"}],"wp:attachment":[{"href":"https:\/\/dev.poppers-online.ch\/fr\/wp-json\/wp\/v2\/media?parent=57370"}],"wp:term":[{"taxonomy":"product_brand","embeddable":true,"href":"https:\/\/dev.poppers-online.ch\/fr\/wp-json\/wp\/v2\/product_brand?post=57370"},{"taxonomy":"product_cat","embeddable":true,"href":"https:\/\/dev.poppers-online.ch\/fr\/wp-json\/wp\/v2\/product_cat?post=57370"},{"taxonomy":"product_tag","embeddable":true,"href":"https:\/\/dev.poppers-online.ch\/fr\/wp-json\/wp\/v2\/product_tag?post=57370"}],"curies":[{"name":"wp","href":"https:\/\/api.w.org\/{rel}","templated":true}]}}