{"id":57717,"date":"2023-06-05T13:58:09","date_gmt":"2023-06-05T11:58:09","guid":{"rendered":"https:\/\/poppers-online.ch\/?post_type=product&#038;p=57717"},"modified":"2025-10-23T13:44:58","modified_gmt":"2025-10-23T11:44:58","slug":"super-hero-combo-hulk-ultra-strong-black-tiger-gold-poppers-3x-10ml","status":"publish","type":"product","link":"https:\/\/dev.poppers-online.ch\/fr\/produit\/super-hero-combo-hulk-ultra-strong-black-tiger-gold-poppers-3x-10ml\/","title":{"rendered":"Super Hero Combo Hulk Ultra Strong Black Tiger Gold Poppers 3x 10ml"},"content":{"rendered":"","protected":false},"excerpt":{"rendered":"<p><strong>Le paquet Super Hero HAMMER<\/strong> se compose de : <a href=\"https:\/\/dev.poppers-online.ch\/fr\/produit\/hero-poppers-10ml\/\">Hero Poppers 10ml<\/a>, <a href=\"https:\/\/dev.poppers-online.ch\/fr\/produit\/hulk-ultra-strong-poppers-10ml\/\">Hulk Ultra Strong Poppers 10ml<\/a> et <a href=\"https:\/\/dev.poppers-online.ch\/fr\/produit\/black-tiger-gold-poppers-10ml\/\">Black Tiger Gold Poppers 10ml<\/a> ! Mega Combo \u00e0 un prix attractif est l&rsquo;offre ultime pour ton coup de pouce suppl\u00e9mentaire en poppers ! Les poppers Hulk Ultra Strong, Hero Poppers et Black Tiger Gold Poppers sont fabriqu\u00e9s \u00e0 base de nitrite de pentyle et te raviront, toi et tes amis. Super Poppers Heros !<\/p>\n<p>&nbsp;<\/p>\n<p>Le <a href=\"https:\/\/dev.poppers-online.ch\/fr\/produit\/hulk-ultra-strong-poppers-10ml\/\"><strong>poppers Hulk Ultra Strong 10ml<\/strong> <\/a>est bas\u00e9 sur le pentylnitrite original. Hulk Extra Strong n&rsquo;est pas seulement un excellent compl\u00e9ment pour les rapports sexuels, il donne aussi un coup de fouet suppl\u00e9mentaire lors d&rsquo;une f\u00eate, d&rsquo;un club, d&rsquo;un concert ou d&rsquo;un festival. D\u00e9couvre comment les couleurs se r\u00e9chauffent l&rsquo;espace d&rsquo;un instant et comment la musique t&rsquo;impr\u00e8gne l&rsquo;espace d&rsquo;un instant. Avec le poppers vert Hulk Ultra Strong, tu vas certainement cr\u00e9er la surprise chez tes amis. Si tu ne sais pas comment sniffer des poppers, lis attentivement notre section FAQ sur ce site. Ne pas boire de poppers !<\/p>\n<p>&nbsp;<\/p>\n<p>Notre poppers <a href=\"https:\/\/dev.poppers-online.ch\/fr\/produit\/black-tiger-gold-poppers-10ml\/\"><strong>Black Tiger Gold 10ml<\/strong><\/a> est bas\u00e9 sur le pentylnitrite original. R\u00e9veille le tigre qui sommeille en toi avec le Black Tiger Poppers et deviens le roi de la jungle. Ne laisse pas ta proie s&rsquo;\u00e9chapper et montre que tu es le vrai roi de la jungle. Avec le Black Tiger Poppers, exprime pleinement le c\u00f4t\u00e9 animal qui est en toi, tu seras toi aussi enthousiasm\u00e9. L&rsquo;\u00e9dition Gold est plus intense que l&rsquo;\u00e9dition Silver du poppers Black Tiger et dure plus longtemps.<\/p>\n<p>&nbsp;<\/p>\n<p>Le <a href=\"https:\/\/dev.poppers-online.ch\/fr\/produit\/hero-poppers-10ml\/\"><strong>Hero Poppers 10ml<\/strong><\/a> est bas\u00e9 sur le pentylnitrite original. Deviens un super-h\u00e9ros au lit et aussi fort qu&rsquo;une locomotive. Sentez-vous presque invuln\u00e9rable avec Hero Poppers, volez comme Superman et soyez plus rapide qu&rsquo;une balle de pistolet.<\/p>\n","protected":false},"featured_media":57721,"comment_status":"open","ping_status":"closed","template":"","meta":{"_acf_changed":false,"_glsr_average":0,"_glsr_ranking":0,"_glsr_reviews":0},"product_brand":[],"product_cat":[1046,76,78],"product_tag":[390,340,344,1879],"class_list":{"0":"post-57717","1":"product","2":"type-product","3":"status-publish","4":"has-post-thumbnail","6":"product_cat-poppers","7":"product_cat-paquets-economiques","8":"product_cat-petits-flacons","9":"product_tag-black-tiger-gold-poppers-10ml-fr","10":"product_tag-hero-poppers-10ml-fr","11":"product_tag-hulk-ultra-strong-poppers-10ml-fr","12":"product_tag-super-hero-poppers-fr","13":"pa_flaschenform-rond-petit","14":"pa_gewindegroesse-small","15":"pa_inhalt-combo","16":"pa_inhalt-10ml","17":"pa_inhaltsstoffe-nitrite-de-pentyle","18":"pa_staerke-90","20":"first","21":"instock","22":"sale","23":"taxable","24":"shipping-taxable","25":"purchasable","26":"product-type-simple"},"acf":[],"_links":{"self":[{"href":"https:\/\/dev.poppers-online.ch\/fr\/wp-json\/wp\/v2\/product\/57717","targetHints":{"allow":["GET"]}}],"collection":[{"href":"https:\/\/dev.poppers-online.ch\/fr\/wp-json\/wp\/v2\/product"}],"about":[{"href":"https:\/\/dev.poppers-online.ch\/fr\/wp-json\/wp\/v2\/types\/product"}],"replies":[{"embeddable":true,"href":"https:\/\/dev.poppers-online.ch\/fr\/wp-json\/wp\/v2\/comments?post=57717"}],"wp:featuredmedia":[{"embeddable":true,"href":"https:\/\/dev.poppers-online.ch\/fr\/wp-json\/wp\/v2\/media\/57721"}],"wp:attachment":[{"href":"https:\/\/dev.poppers-online.ch\/fr\/wp-json\/wp\/v2\/media?parent=57717"}],"wp:term":[{"taxonomy":"product_brand","embeddable":true,"href":"https:\/\/dev.poppers-online.ch\/fr\/wp-json\/wp\/v2\/product_brand?post=57717"},{"taxonomy":"product_cat","embeddable":true,"href":"https:\/\/dev.poppers-online.ch\/fr\/wp-json\/wp\/v2\/product_cat?post=57717"},{"taxonomy":"product_tag","embeddable":true,"href":"https:\/\/dev.poppers-online.ch\/fr\/wp-json\/wp\/v2\/product_tag?post=57717"}],"curies":[{"name":"wp","href":"https:\/\/api.w.org\/{rel}","templated":true}]}}