{"id":57757,"date":"2023-06-05T17:12:11","date_gmt":"2023-06-05T15:12:12","guid":{"rendered":"https:\/\/poppers-online.ch\/?post_type=product&#038;p=57757"},"modified":"2025-10-23T12:33:55","modified_gmt":"2025-10-23T10:33:55","slug":"berlin-pentyl-poppers-combo-3x-25ml","status":"publish","type":"product","link":"https:\/\/dev.poppers-online.ch\/fr\/produit\/berlin-pentyl-poppers-combo-3x-25ml\/","title":{"rendered":"BERLIN PENTYL Poppers Combo 3x 25ml"},"content":{"rendered":"","protected":false},"excerpt":{"rendered":"<p><strong>BERLIN PENTYL Poppers Combo 3x 25ml<\/strong>. Comme son nom l&rsquo;indique, BERLIN PENTYL Poppers est bas\u00e9 sur le nitrite de pentyle original. Dans la Queer Capital BERLIN, des f\u00eates pour tous les go\u00fbts et toutes les pr\u00e9f\u00e9rences t&rsquo;attendent. Fais venir chez toi l&rsquo;envie irr\u00e9pressible, le style de vie h\u00e9doniste et la libert\u00e9 sexuelle de Berlin avec le <a href=\"https:\/\/dev.poppers-online.ch\/fr\/produkt\/berlin-pentyl-poppers-25ml\/\">BERLIN PENTYL Poppers<\/a>. Que l&rsquo;on soit gay ou h\u00e9t\u00e9ro, homme ou femme, nous aimons tous les poppers et nous aimons tous Berlin !<\/p>\n","protected":false},"featured_media":89600,"comment_status":"open","ping_status":"closed","template":"","meta":{"_acf_changed":false,"_glsr_average":0,"_glsr_ranking":0,"_glsr_reviews":0},"product_brand":[],"product_cat":[1046,76,77],"product_tag":[865],"class_list":{"0":"post-57757","1":"product","2":"type-product","3":"status-publish","4":"has-post-thumbnail","6":"product_cat-poppers","7":"product_cat-paquets-economiques","8":"product_cat-grands-flacons","9":"product_tag-combo-de-berlin","10":"pa_flaschenform-ovale","11":"pa_gewindegroesse-small","12":"pa_inhalt-combo","13":"pa_inhalt-25ml","14":"pa_inhaltsstoffe-nitrite-de-pentyle","15":"pa_marke-berlin-poppers","16":"pa_staerke-90","18":"first","19":"instock","20":"sale","21":"taxable","22":"shipping-taxable","23":"purchasable","24":"product-type-simple"},"acf":[],"_links":{"self":[{"href":"https:\/\/dev.poppers-online.ch\/fr\/wp-json\/wp\/v2\/product\/57757","targetHints":{"allow":["GET"]}}],"collection":[{"href":"https:\/\/dev.poppers-online.ch\/fr\/wp-json\/wp\/v2\/product"}],"about":[{"href":"https:\/\/dev.poppers-online.ch\/fr\/wp-json\/wp\/v2\/types\/product"}],"replies":[{"embeddable":true,"href":"https:\/\/dev.poppers-online.ch\/fr\/wp-json\/wp\/v2\/comments?post=57757"}],"wp:featuredmedia":[{"embeddable":true,"href":"https:\/\/dev.poppers-online.ch\/fr\/wp-json\/wp\/v2\/media\/89600"}],"wp:attachment":[{"href":"https:\/\/dev.poppers-online.ch\/fr\/wp-json\/wp\/v2\/media?parent=57757"}],"wp:term":[{"taxonomy":"product_brand","embeddable":true,"href":"https:\/\/dev.poppers-online.ch\/fr\/wp-json\/wp\/v2\/product_brand?post=57757"},{"taxonomy":"product_cat","embeddable":true,"href":"https:\/\/dev.poppers-online.ch\/fr\/wp-json\/wp\/v2\/product_cat?post=57757"},{"taxonomy":"product_tag","embeddable":true,"href":"https:\/\/dev.poppers-online.ch\/fr\/wp-json\/wp\/v2\/product_tag?post=57757"}],"curies":[{"name":"wp","href":"https:\/\/api.w.org\/{rel}","templated":true}]}}