{"id":60349,"date":"2023-07-06T12:11:21","date_gmt":"2023-07-06T10:11:21","guid":{"rendered":"https:\/\/poppers-online.ch\/?post_type=product&#038;p=60349"},"modified":"2024-10-16T00:11:31","modified_gmt":"2024-10-15T22:11:31","slug":"sport-fucker-the-slinger-ring-rouge","status":"publish","type":"product","link":"https:\/\/dev.poppers-online.ch\/fr\/produit\/sport-fucker-the-slinger-ring-rouge\/","title":{"rendered":"Sport Fucker The Slinger Ring rouge"},"content":{"rendered":"","protected":false},"excerpt":{"rendered":"<div><strong>Cock Ring &amp; Ballstretcher<\/strong><\/div>\n<div><\/div>\n<div><\/div>\n<div>Sport Fucker The Slinger Ring rouge est un anneau qui offre deux possibilit\u00e9s stimulantes : Le nouveau SLINGER en \u00e9lastoplaste super flexible (TPE, sans phthalates) est parfait comme cockring, mais peut aussi \u00eatre utilis\u00e9 comme ballstretcher &#8211; ce dernier surtout si tu es l&rsquo;heureux propri\u00e9taire d&rsquo;une bo\u00eete particuli\u00e8rement volumineuse.<\/div>\n<div><\/div>\n<div><\/div>\n<div>couleur : <strong>rouge<\/strong><\/div>\n<div><\/div>\n<div>Si vous aimez les Sport Fucker, vous allez adorer Poppersonline.ch. Nous proposons une large gamme de jouets Sport Fucker \u00e0 des prix attractifs et ajoutons r\u00e9guli\u00e8rement de nouveaux produits. N&rsquo;h\u00e9site donc pas \u00e0 nous rendre visite de temps en temps.<\/div>\n","protected":false},"featured_media":60357,"comment_status":"open","ping_status":"closed","template":"","meta":{"_acf_changed":false,"_glsr_average":0,"_glsr_ranking":0,"_glsr_reviews":0},"product_brand":[],"product_cat":[2088,2091,171],"product_tag":[718,719,728,708],"class_list":{"0":"post-60349","1":"product","2":"type-product","3":"status-publish","4":"has-post-thumbnail","6":"product_cat-ball-play","7":"product_cat-cock-play","8":"product_cat-sex-toys","9":"product_tag-cock-ring-fr","10":"product_tag-cockring-fr","11":"product_tag-cockring-sport-fucker-chubby-noir","12":"product_tag-sport-fucker-fr","14":"first","15":"outofstock","16":"taxable","17":"shipping-taxable","18":"purchasable","19":"product-type-simple"},"acf":[],"_links":{"self":[{"href":"https:\/\/dev.poppers-online.ch\/fr\/wp-json\/wp\/v2\/product\/60349","targetHints":{"allow":["GET"]}}],"collection":[{"href":"https:\/\/dev.poppers-online.ch\/fr\/wp-json\/wp\/v2\/product"}],"about":[{"href":"https:\/\/dev.poppers-online.ch\/fr\/wp-json\/wp\/v2\/types\/product"}],"replies":[{"embeddable":true,"href":"https:\/\/dev.poppers-online.ch\/fr\/wp-json\/wp\/v2\/comments?post=60349"}],"wp:featuredmedia":[{"embeddable":true,"href":"https:\/\/dev.poppers-online.ch\/fr\/wp-json\/wp\/v2\/media\/60357"}],"wp:attachment":[{"href":"https:\/\/dev.poppers-online.ch\/fr\/wp-json\/wp\/v2\/media?parent=60349"}],"wp:term":[{"taxonomy":"product_brand","embeddable":true,"href":"https:\/\/dev.poppers-online.ch\/fr\/wp-json\/wp\/v2\/product_brand?post=60349"},{"taxonomy":"product_cat","embeddable":true,"href":"https:\/\/dev.poppers-online.ch\/fr\/wp-json\/wp\/v2\/product_cat?post=60349"},{"taxonomy":"product_tag","embeddable":true,"href":"https:\/\/dev.poppers-online.ch\/fr\/wp-json\/wp\/v2\/product_tag?post=60349"}],"curies":[{"name":"wp","href":"https:\/\/api.w.org\/{rel}","templated":true}]}}