{"id":60381,"date":"2023-07-06T12:38:09","date_gmt":"2023-07-06T10:38:09","guid":{"rendered":"https:\/\/poppers-online.ch\/?post_type=product&#038;p=60381"},"modified":"2024-10-16T00:11:29","modified_gmt":"2024-10-15T22:11:29","slug":"sport-fucker-cockring-fucker-noir","status":"publish","type":"product","link":"https:\/\/dev.poppers-online.ch\/fr\/produit\/sport-fucker-cockring-fucker-noir\/","title":{"rendered":"Sport Fucker Cockring Fucker noir"},"content":{"rendered":"","protected":false},"excerpt":{"rendered":"<div>Le cockring Fucker noir de Sport Fucker est extr\u00eamement extensible et peut \u00eatre port\u00e9 de mani\u00e8re polyvalente.<\/div>\n<div>L&rsquo;imagination n&rsquo;a pas de limites.<\/div>\n<div><\/div>\n<div>\n<p>Fabriqu\u00e9 en silicone m\u00e9dical TPR<\/p>\n<p><strong>couleur :<\/strong> noir<\/p>\n<p>D\u00e9couvre d&rsquo;autres cockrings excitants de Sport Fucker dans notre <a href=\"https:\/\/dev.poppers-online.ch\/shop-toys\/\">Toys Onlineshop<\/a>.<\/p>\n<\/div>\n","protected":false},"featured_media":60385,"comment_status":"open","ping_status":"closed","template":"","meta":{"_acf_changed":false,"_glsr_average":0,"_glsr_ranking":0,"_glsr_reviews":0},"product_brand":[],"product_cat":[2091,171],"product_tag":[718,719,708,724],"class_list":{"0":"post-60381","1":"product","2":"type-product","3":"status-publish","4":"has-post-thumbnail","6":"product_cat-cock-play","7":"product_cat-sex-toys","8":"product_tag-cock-ring-fr","9":"product_tag-cockring-fr","10":"product_tag-sport-fucker-fr","11":"product_tag-sport-fucker-cockring-fucker-noir","13":"first","14":"outofstock","15":"taxable","16":"shipping-taxable","17":"purchasable","18":"product-type-simple"},"acf":[],"_links":{"self":[{"href":"https:\/\/dev.poppers-online.ch\/fr\/wp-json\/wp\/v2\/product\/60381","targetHints":{"allow":["GET"]}}],"collection":[{"href":"https:\/\/dev.poppers-online.ch\/fr\/wp-json\/wp\/v2\/product"}],"about":[{"href":"https:\/\/dev.poppers-online.ch\/fr\/wp-json\/wp\/v2\/types\/product"}],"replies":[{"embeddable":true,"href":"https:\/\/dev.poppers-online.ch\/fr\/wp-json\/wp\/v2\/comments?post=60381"}],"wp:featuredmedia":[{"embeddable":true,"href":"https:\/\/dev.poppers-online.ch\/fr\/wp-json\/wp\/v2\/media\/60385"}],"wp:attachment":[{"href":"https:\/\/dev.poppers-online.ch\/fr\/wp-json\/wp\/v2\/media?parent=60381"}],"wp:term":[{"taxonomy":"product_brand","embeddable":true,"href":"https:\/\/dev.poppers-online.ch\/fr\/wp-json\/wp\/v2\/product_brand?post=60381"},{"taxonomy":"product_cat","embeddable":true,"href":"https:\/\/dev.poppers-online.ch\/fr\/wp-json\/wp\/v2\/product_cat?post=60381"},{"taxonomy":"product_tag","embeddable":true,"href":"https:\/\/dev.poppers-online.ch\/fr\/wp-json\/wp\/v2\/product_tag?post=60381"}],"curies":[{"name":"wp","href":"https:\/\/api.w.org\/{rel}","templated":true}]}}