{"id":60516,"date":"2023-07-06T14:03:07","date_gmt":"2023-07-06T12:03:07","guid":{"rendered":"https:\/\/poppers-online.ch\/?post_type=product&#038;p=60516"},"modified":"2024-10-16T00:11:21","modified_gmt":"2024-10-15T22:11:21","slug":"sport-fucker-energy-ring-rouge","status":"publish","type":"product","link":"https:\/\/dev.poppers-online.ch\/fr\/produit\/sport-fucker-energy-ring-rouge\/","title":{"rendered":"Sport Fucker Energy Ring rouge"},"content":{"rendered":"","protected":false},"excerpt":{"rendered":"<div>L&rsquo;anneau Sport Fucker Energy rouge est un anneau combin\u00e9 cock-ball stretcher extr\u00eamement extensible, compos\u00e9 de trois anneaux individuels, en caoutchouc TPR super r\u00e9sistant et tr\u00e8s flexible. Peut \u00eatre port\u00e9 de diff\u00e9rentes mani\u00e8res &#8211; voir les illustrations !<\/div>\n<div><\/div>\n<div>Mat\u00e9riau : TPR<\/div>\n<div>couleur : rouge<\/div>\n<div><\/div>\n<div>D\u00e9couvre aussi la <a href=\"https:\/\/dev.poppers-online.ch\/produkt\/sport-fucker-energy-ring-schwarz\/\">version noire<\/a> tout aussi extensible de cet anneau combin\u00e9 cock-ball stretcher.<\/div>\n","protected":false},"featured_media":60520,"comment_status":"open","ping_status":"closed","template":"","meta":{"_acf_changed":false,"_glsr_average":0,"_glsr_ranking":0,"_glsr_reviews":0},"product_brand":[],"product_cat":[2088,2091,171],"product_tag":[708,709],"class_list":{"0":"post-60516","1":"product","2":"type-product","3":"status-publish","4":"has-post-thumbnail","6":"product_cat-ball-play","7":"product_cat-cock-play","8":"product_cat-sex-toys","9":"product_tag-sport-fucker-fr","10":"product_tag-sport-fucker-energy-ring-noir","12":"first","13":"instock","14":"taxable","15":"shipping-taxable","16":"purchasable","17":"product-type-simple"},"acf":[],"_links":{"self":[{"href":"https:\/\/dev.poppers-online.ch\/fr\/wp-json\/wp\/v2\/product\/60516","targetHints":{"allow":["GET"]}}],"collection":[{"href":"https:\/\/dev.poppers-online.ch\/fr\/wp-json\/wp\/v2\/product"}],"about":[{"href":"https:\/\/dev.poppers-online.ch\/fr\/wp-json\/wp\/v2\/types\/product"}],"replies":[{"embeddable":true,"href":"https:\/\/dev.poppers-online.ch\/fr\/wp-json\/wp\/v2\/comments?post=60516"}],"wp:featuredmedia":[{"embeddable":true,"href":"https:\/\/dev.poppers-online.ch\/fr\/wp-json\/wp\/v2\/media\/60520"}],"wp:attachment":[{"href":"https:\/\/dev.poppers-online.ch\/fr\/wp-json\/wp\/v2\/media?parent=60516"}],"wp:term":[{"taxonomy":"product_brand","embeddable":true,"href":"https:\/\/dev.poppers-online.ch\/fr\/wp-json\/wp\/v2\/product_brand?post=60516"},{"taxonomy":"product_cat","embeddable":true,"href":"https:\/\/dev.poppers-online.ch\/fr\/wp-json\/wp\/v2\/product_cat?post=60516"},{"taxonomy":"product_tag","embeddable":true,"href":"https:\/\/dev.poppers-online.ch\/fr\/wp-json\/wp\/v2\/product_tag?post=60516"}],"curies":[{"name":"wp","href":"https:\/\/api.w.org\/{rel}","templated":true}]}}