{"id":60673,"date":"2023-07-06T16:35:19","date_gmt":"2023-07-06T14:35:19","guid":{"rendered":"https:\/\/poppers-online.ch\/?post_type=product&#038;p=60673"},"modified":"2024-10-16T00:11:15","modified_gmt":"2024-10-15T22:11:15","slug":"andrew-christian-trophy-boy-rainbow-23-5-cm-boy-toy-dildo","status":"publish","type":"product","link":"https:\/\/dev.poppers-online.ch\/fr\/produit\/andrew-christian-trophy-boy-rainbow-23-5-cm-boy-toy-dildo\/","title":{"rendered":"Andrew Christian TROPHY BOY Rainbow 23.5 cm Boy Toy Dildo"},"content":{"rendered":"","protected":false},"excerpt":{"rendered":"<div>L&rsquo;amour est l&rsquo;amour&#8230; peu importe comment tu l&rsquo;obtiens&#8230; alors BE OUT BE LOUD BE PROUD ! Le Andrew Christian TROPHY BOY Rainbow 23.5 cm Boy Toy Dildo est livr\u00e9 avec 23.5cm de fiert\u00e9 ! Fabriqu\u00e9 en silicone solide et lisse, il est facile \u00e0 saisir et pr\u00eat \u00e0 faire le travail. Le mat\u00e9riau lisse et r\u00e9sistant se r\u00e9chauffe rapidement avec le corps et est garanti pour une longue dur\u00e9e de vie. Le Andrew Christian TROPHY BOY Rainbow 23.5 cm Boy Toy Dildo est livr\u00e9 avec 23.5cm dispose d&rsquo;un socle \u00e0 ventouse puissant pour un jeu fantastique sans les mains. Les d\u00e9tails moul\u00e9s et la taille offrent des orgasmes puissants et des \u00e9rections dures pour un maximum de plaisir.<\/div>\n","protected":false},"featured_media":60677,"comment_status":"open","ping_status":"closed","template":"","meta":{"_acf_changed":false,"_glsr_average":0,"_glsr_ranking":0,"_glsr_reviews":0},"product_brand":[],"product_cat":[2085,171],"product_tag":[682,685],"class_list":{"0":"post-60673","1":"product","2":"type-product","3":"status-publish","4":"has-post-thumbnail","6":"product_cat-anal-play","7":"product_cat-sex-toys","8":"product_tag-andrew-christian-fr","9":"product_tag-andrew-christian-trophy-boy-rainbow-23-5-cm-boy-toy-dildo-fr","11":"first","12":"instock","13":"taxable","14":"shipping-taxable","15":"purchasable","16":"product-type-simple"},"acf":[],"_links":{"self":[{"href":"https:\/\/dev.poppers-online.ch\/fr\/wp-json\/wp\/v2\/product\/60673","targetHints":{"allow":["GET"]}}],"collection":[{"href":"https:\/\/dev.poppers-online.ch\/fr\/wp-json\/wp\/v2\/product"}],"about":[{"href":"https:\/\/dev.poppers-online.ch\/fr\/wp-json\/wp\/v2\/types\/product"}],"replies":[{"embeddable":true,"href":"https:\/\/dev.poppers-online.ch\/fr\/wp-json\/wp\/v2\/comments?post=60673"}],"wp:featuredmedia":[{"embeddable":true,"href":"https:\/\/dev.poppers-online.ch\/fr\/wp-json\/wp\/v2\/media\/60677"}],"wp:attachment":[{"href":"https:\/\/dev.poppers-online.ch\/fr\/wp-json\/wp\/v2\/media?parent=60673"}],"wp:term":[{"taxonomy":"product_brand","embeddable":true,"href":"https:\/\/dev.poppers-online.ch\/fr\/wp-json\/wp\/v2\/product_brand?post=60673"},{"taxonomy":"product_cat","embeddable":true,"href":"https:\/\/dev.poppers-online.ch\/fr\/wp-json\/wp\/v2\/product_cat?post=60673"},{"taxonomy":"product_tag","embeddable":true,"href":"https:\/\/dev.poppers-online.ch\/fr\/wp-json\/wp\/v2\/product_tag?post=60673"}],"curies":[{"name":"wp","href":"https:\/\/api.w.org\/{rel}","templated":true}]}}