{"id":60737,"date":"2023-07-06T16:52:09","date_gmt":"2023-07-06T14:52:10","guid":{"rendered":"https:\/\/poppers-online.ch\/?post_type=product&#038;p=60737"},"modified":"2025-11-16T23:01:53","modified_gmt":"2025-11-16T22:01:53","slug":"andrew-christian-trophy-boy-analsaurus-dildo","status":"publish","type":"product","link":"https:\/\/dev.poppers-online.ch\/fr\/produit\/andrew-christian-trophy-boy-analsaurus-dildo\/","title":{"rendered":"Andrew Christian TROPHY BOY Godemich\u00e9 analsaurus"},"content":{"rendered":"","protected":false},"excerpt":{"rendered":"<div>Les pal\u00e9ontologues en herbe ont d\u00e9sormais la possibilit\u00e9 de faire plus ample connaissance avec une race rare de dinosaures. Le nouveau Andrew Christian TROPHY BOY Godemich\u00e9 analsaurus est une cr\u00e9ature v\u00e9ritablement insaisissable, pr\u00eate \u00e0 \u00eatre jou\u00e9e. Ce dr\u00f4le de jouet Jurassic est fabriqu\u00e9 en silicone souple et flexible. Avec une longueur d&rsquo;environ 17,7 cm et une circonf\u00e9rence de 15,2 cm, il est parfait pour tous ceux qui s&rsquo;int\u00e9ressent aux jeux de monstres. Ce dispositif unique est con\u00e7u pour durer et garanti.<\/div>\n","protected":false},"featured_media":60745,"comment_status":"open","ping_status":"closed","template":"","meta":{"_acf_changed":false,"_glsr_average":0,"_glsr_ranking":0,"_glsr_reviews":0},"product_brand":[],"product_cat":[2085,171],"product_tag":[682,683],"class_list":{"0":"post-60737","1":"product","2":"type-product","3":"status-publish","4":"has-post-thumbnail","6":"product_cat-anal-play","7":"product_cat-sex-toys","8":"product_tag-andrew-christian-fr","9":"product_tag-andrew-christian-trophy-boy-godemiche-analsaurus","11":"first","12":"instock","13":"taxable","14":"shipping-taxable","15":"purchasable","16":"product-type-simple"},"acf":[],"_links":{"self":[{"href":"https:\/\/dev.poppers-online.ch\/fr\/wp-json\/wp\/v2\/product\/60737","targetHints":{"allow":["GET"]}}],"collection":[{"href":"https:\/\/dev.poppers-online.ch\/fr\/wp-json\/wp\/v2\/product"}],"about":[{"href":"https:\/\/dev.poppers-online.ch\/fr\/wp-json\/wp\/v2\/types\/product"}],"replies":[{"embeddable":true,"href":"https:\/\/dev.poppers-online.ch\/fr\/wp-json\/wp\/v2\/comments?post=60737"}],"wp:featuredmedia":[{"embeddable":true,"href":"https:\/\/dev.poppers-online.ch\/fr\/wp-json\/wp\/v2\/media\/60745"}],"wp:attachment":[{"href":"https:\/\/dev.poppers-online.ch\/fr\/wp-json\/wp\/v2\/media?parent=60737"}],"wp:term":[{"taxonomy":"product_brand","embeddable":true,"href":"https:\/\/dev.poppers-online.ch\/fr\/wp-json\/wp\/v2\/product_brand?post=60737"},{"taxonomy":"product_cat","embeddable":true,"href":"https:\/\/dev.poppers-online.ch\/fr\/wp-json\/wp\/v2\/product_cat?post=60737"},{"taxonomy":"product_tag","embeddable":true,"href":"https:\/\/dev.poppers-online.ch\/fr\/wp-json\/wp\/v2\/product_tag?post=60737"}],"curies":[{"name":"wp","href":"https:\/\/api.w.org\/{rel}","templated":true}]}}