{"id":60914,"date":"2023-07-06T20:32:20","date_gmt":"2023-07-06T18:32:20","guid":{"rendered":"https:\/\/poppers-online.ch\/?post_type=product&#038;p=60914"},"modified":"2024-10-16T00:05:40","modified_gmt":"2024-10-15T22:05:40","slug":"pdx-fuck-my-cock-masturbateur-xl-25-cm","status":"publish","type":"product","link":"https:\/\/dev.poppers-online.ch\/fr\/produit\/pdx-fuck-my-cock-masturbateur-xl-25-cm\/","title":{"rendered":"PDX Masturbateur Fuck My Cock XL 25 cm"},"content":{"rendered":"","protected":false},"excerpt":{"rendered":"<p>Se taper un trou du cul juteux tout en caressant une queue dure est d\u00e9sormais une r\u00e9alit\u00e9 avec ce PDX masturbateur Fuck My Cock XL 25 cm. Fuck My Cock &#8211; le nom lui-m\u00eame parle de lui-m\u00eame. Des fesses bien form\u00e9es et douces n&rsquo;attendent que d&rsquo;\u00eatre fendues par toi, pour ensuite p\u00e9n\u00e9trer dans le cock dur. La mati\u00e8re douce Fanta Flesh enveloppe d\u00e9licatement chaque centim\u00e8tre de ton p\u00e9nis et donne une sensation diablement authentique. Alors qu&rsquo;attends-tu pour que tes r\u00eaves se r\u00e9alisent enfin ? Pour des jeux de plaisir plus humides, le jouet peut \u00eatre utilis\u00e9 avec du lubrifiant et se nettoie facilement avec Toy Cleaner.<br \/>\n<strong>longueur totale:<\/strong> environ 25 cm<\/p>\n","protected":false},"featured_media":60934,"comment_status":"open","ping_status":"closed","template":"","meta":{"_acf_changed":false,"_glsr_average":0,"_glsr_ranking":0,"_glsr_reviews":0},"product_brand":[],"product_cat":[2094,171],"product_tag":[647,652],"class_list":{"0":"post-60914","1":"product","2":"type-product","3":"status-publish","4":"has-post-thumbnail","6":"product_cat-masturbateur","7":"product_cat-sex-toys","8":"product_tag-masturbateur","9":"product_tag-pdx-masturbateur-fuck-my-cock-xl-25-cm","11":"first","12":"instock","13":"taxable","14":"shipping-taxable","15":"purchasable","16":"product-type-simple"},"acf":[],"_links":{"self":[{"href":"https:\/\/dev.poppers-online.ch\/fr\/wp-json\/wp\/v2\/product\/60914","targetHints":{"allow":["GET"]}}],"collection":[{"href":"https:\/\/dev.poppers-online.ch\/fr\/wp-json\/wp\/v2\/product"}],"about":[{"href":"https:\/\/dev.poppers-online.ch\/fr\/wp-json\/wp\/v2\/types\/product"}],"replies":[{"embeddable":true,"href":"https:\/\/dev.poppers-online.ch\/fr\/wp-json\/wp\/v2\/comments?post=60914"}],"wp:featuredmedia":[{"embeddable":true,"href":"https:\/\/dev.poppers-online.ch\/fr\/wp-json\/wp\/v2\/media\/60934"}],"wp:attachment":[{"href":"https:\/\/dev.poppers-online.ch\/fr\/wp-json\/wp\/v2\/media?parent=60914"}],"wp:term":[{"taxonomy":"product_brand","embeddable":true,"href":"https:\/\/dev.poppers-online.ch\/fr\/wp-json\/wp\/v2\/product_brand?post=60914"},{"taxonomy":"product_cat","embeddable":true,"href":"https:\/\/dev.poppers-online.ch\/fr\/wp-json\/wp\/v2\/product_cat?post=60914"},{"taxonomy":"product_tag","embeddable":true,"href":"https:\/\/dev.poppers-online.ch\/fr\/wp-json\/wp\/v2\/product_tag?post=60914"}],"curies":[{"name":"wp","href":"https:\/\/api.w.org\/{rel}","templated":true}]}}