{"id":62348,"date":"2023-07-18T14:49:05","date_gmt":"2023-07-18T12:49:05","guid":{"rendered":"https:\/\/poppers-online.ch\/?post_type=product&#038;p=62348"},"modified":"2024-10-16T00:05:36","modified_gmt":"2024-10-15T22:05:36","slug":"swiss-navy-all-natural-lubrifiant-a-base-deau-118ml","status":"publish","type":"product","link":"https:\/\/dev.poppers-online.ch\/fr\/produit\/swiss-navy-all-natural-lubrifiant-a-base-deau-118ml\/","title":{"rendered":"Lubrifiant \u00e0 base d&rsquo;eau Swiss Navy All Natural 118ml"},"content":{"rendered":"","protected":false},"excerpt":{"rendered":"<p><span style=\"font-weight: 400;\">Les lubrifiants Swiss Navy sont l&rsquo;\u00e9talon-or parmi les lubrifiants. Ce<strong> lubrifiant \u00e0 base d&rsquo;eau Swiss Navy All Natural 118ml<\/strong> est compos\u00e9 d&rsquo;une formule longue dur\u00e9e et offre une viscosit\u00e9 am\u00e9lior\u00e9e et une lubrification encore meilleure. Que tu utilises ce produit pour am\u00e9liorer le bien-\u00eatre sexuel ou pour le confort des femmes avant et apr\u00e8s la m\u00e9nopause, ce lubrifiant \u00e0 base d&rsquo;eau Swiss Navy te s\u00e9duira par sa sensation soyeuse et velout\u00e9e en toutes circonstances. Le <strong>lubrifiant \u00e0 base d&rsquo;eau Swiss Navy All Natural 118ml<\/strong> est livr\u00e9 dans un flacon anti-fuite, ce qui le rend parfait pour les voyages.<\/span><\/p>\n<p>Nous proposons \u00e9galement ce lubrifiant dans deux autres tailles de flacons pratiques : <a href=\"https:\/\/dev.poppers-online.ch\/produkt\/swiss-navy-wasserbasiertes-gleitmittel-177ml\/\">177ml<\/a> et <a href=\"https:\/\/dev.poppers-online.ch\/produkt\/swiss-navy-wasserbasiertes-gleitmittel-354ml\/\">354ml<\/a>. En outre, nous proposons dans notre boutique en ligne des lubrifiants de Swiss Navy \u00e0 base de silicone en trois tailles : <a href=\"https:\/\/dev.poppers-online.ch\/produkt\/swiss-navy-gleitmittel-auf-silikonbasis-89ml\/\">89ml<\/a>, <a href=\"https:\/\/dev.poppers-online.ch\/produkt\/swiss-navy-gleitmittel-auf-silikonbasis-177ml\/\">177ml<\/a> et <a href=\"https:\/\/dev.poppers-online.ch\/produkt\/swiss-navy-gleitmittel-auf-silikonbasis-354ml\/\">354ml<\/a>.<\/p>\n<p>&nbsp;<\/p>\n","protected":false},"featured_media":65547,"comment_status":"open","ping_status":"closed","template":"","meta":{"_acf_changed":false,"_glsr_average":0,"_glsr_ranking":0,"_glsr_reviews":0},"product_brand":[],"product_cat":[2067,166],"product_tag":[884],"class_list":{"0":"post-62348","1":"product","2":"type-product","3":"status-publish","4":"has-post-thumbnail","6":"product_cat-lubrifiant","7":"product_cat-droguerie","8":"product_tag-lubrifiant-a-base-deau-swiss-navy-all-natural-118-ml","10":"first","11":"outofstock","12":"taxable","13":"shipping-taxable","14":"purchasable","15":"product-type-simple"},"acf":[],"_links":{"self":[{"href":"https:\/\/dev.poppers-online.ch\/fr\/wp-json\/wp\/v2\/product\/62348","targetHints":{"allow":["GET"]}}],"collection":[{"href":"https:\/\/dev.poppers-online.ch\/fr\/wp-json\/wp\/v2\/product"}],"about":[{"href":"https:\/\/dev.poppers-online.ch\/fr\/wp-json\/wp\/v2\/types\/product"}],"replies":[{"embeddable":true,"href":"https:\/\/dev.poppers-online.ch\/fr\/wp-json\/wp\/v2\/comments?post=62348"}],"wp:featuredmedia":[{"embeddable":true,"href":"https:\/\/dev.poppers-online.ch\/fr\/wp-json\/wp\/v2\/media\/65547"}],"wp:attachment":[{"href":"https:\/\/dev.poppers-online.ch\/fr\/wp-json\/wp\/v2\/media?parent=62348"}],"wp:term":[{"taxonomy":"product_brand","embeddable":true,"href":"https:\/\/dev.poppers-online.ch\/fr\/wp-json\/wp\/v2\/product_brand?post=62348"},{"taxonomy":"product_cat","embeddable":true,"href":"https:\/\/dev.poppers-online.ch\/fr\/wp-json\/wp\/v2\/product_cat?post=62348"},{"taxonomy":"product_tag","embeddable":true,"href":"https:\/\/dev.poppers-online.ch\/fr\/wp-json\/wp\/v2\/product_tag?post=62348"}],"curies":[{"name":"wp","href":"https:\/\/api.w.org\/{rel}","templated":true}]}}