{"id":63402,"date":"2023-07-27T16:04:10","date_gmt":"2023-07-27T14:04:11","guid":{"rendered":"https:\/\/poppers-online.ch\/?post_type=product&#038;p=63402"},"modified":"2024-10-16T00:00:40","modified_gmt":"2024-10-15T22:00:40","slug":"addicted-truck-driver-cockring-noir","status":"publish","type":"product","link":"https:\/\/dev.poppers-online.ch\/fr\/produit\/addicted-truck-driver-cockring-noir\/","title":{"rendered":"ADDICTED Truck Driver Cockring Noir"},"content":{"rendered":"","protected":false},"excerpt":{"rendered":"<p>Le nouveau ADDICTED Truck Driver Cockring Noir est un cockring ph\u00e9nom\u00e9nal 100% silicone liquide. Super doux et \u00e9lastique, en forme de pneu cool. L&rsquo;orgasme peut \u00eatre retard\u00e9 et devenir plus intense. Obtiens la meilleure \u00e9rection de tous les temps ! Ce cockring de haute qualit\u00e9 a \u00e9t\u00e9 con\u00e7u et fabriqu\u00e9 \u00e0 Barceloa. Disponible en noir.<\/p>\n","protected":false},"featured_media":63406,"comment_status":"open","ping_status":"closed","template":"","meta":{"_acf_changed":false,"_glsr_average":0,"_glsr_ranking":0,"_glsr_reviews":0},"product_brand":[],"product_cat":[2091,171],"product_tag":[915],"class_list":{"0":"post-63402","1":"product","2":"type-product","3":"status-publish","4":"has-post-thumbnail","6":"product_cat-cock-play","7":"product_cat-sex-toys","8":"product_tag-cockring-conducteur-de-camion-addicted-noir","10":"first","11":"instock","12":"taxable","13":"shipping-taxable","14":"purchasable","15":"product-type-simple"},"acf":[],"_links":{"self":[{"href":"https:\/\/dev.poppers-online.ch\/fr\/wp-json\/wp\/v2\/product\/63402","targetHints":{"allow":["GET"]}}],"collection":[{"href":"https:\/\/dev.poppers-online.ch\/fr\/wp-json\/wp\/v2\/product"}],"about":[{"href":"https:\/\/dev.poppers-online.ch\/fr\/wp-json\/wp\/v2\/types\/product"}],"replies":[{"embeddable":true,"href":"https:\/\/dev.poppers-online.ch\/fr\/wp-json\/wp\/v2\/comments?post=63402"}],"wp:featuredmedia":[{"embeddable":true,"href":"https:\/\/dev.poppers-online.ch\/fr\/wp-json\/wp\/v2\/media\/63406"}],"wp:attachment":[{"href":"https:\/\/dev.poppers-online.ch\/fr\/wp-json\/wp\/v2\/media?parent=63402"}],"wp:term":[{"taxonomy":"product_brand","embeddable":true,"href":"https:\/\/dev.poppers-online.ch\/fr\/wp-json\/wp\/v2\/product_brand?post=63402"},{"taxonomy":"product_cat","embeddable":true,"href":"https:\/\/dev.poppers-online.ch\/fr\/wp-json\/wp\/v2\/product_cat?post=63402"},{"taxonomy":"product_tag","embeddable":true,"href":"https:\/\/dev.poppers-online.ch\/fr\/wp-json\/wp\/v2\/product_tag?post=63402"}],"curies":[{"name":"wp","href":"https:\/\/api.w.org\/{rel}","templated":true}]}}