{"id":64172,"date":"2023-08-03T20:30:25","date_gmt":"2023-08-03T18:30:25","guid":{"rendered":"https:\/\/poppers-online.ch\/?post_type=product&#038;p=64172"},"modified":"2025-11-23T02:06:04","modified_gmt":"2025-11-23T01:06:04","slug":"pump-worx-beginners-power-pump-blau","status":"publish","type":"product","link":"https:\/\/dev.poppers-online.ch\/fr\/produit\/pump-worx-beginners-power-pump-blau\/","title":{"rendered":"Pump Worx Beginners Power Pump bleu"},"content":{"rendered":"","protected":false},"excerpt":{"rendered":"<div>La Pump Worx Beginners Power Pump bleue est la pompe ultime pour les d\u00e9butants. Gr\u00e2ce \u00e0 son cylindre transparent, elle permet d&rsquo;observer chaque modification du p\u00e9nis. Votre <strong>queue va<\/strong> <strong>grandir<\/strong> jusqu&rsquo;\u00e0 atteindre une <strong>taille incroyable<\/strong> avec la Beginner&rsquo;s Power Pump ! \u00c0 chaque fois que vous appuyez sur la balle de pompage, votre verge s&rsquo;\u00e9paissit et grandit de plus en plus. Pour plus de s\u00e9curit\u00e9, la pompe est \u00e9quip\u00e9e d&rsquo;une soupape d&rsquo;ouverture rapide qui assure une d\u00e9compression rapide. Pour prolonger l&rsquo;\u00e9rection, faites glisser l&rsquo;anneau p\u00e9nien fourni sur votre meilleur morceau. La manchette en caoutchouc est extensible et <strong>convient \u00e0 toutes les tailles de p\u00e9nis<\/strong>. Le Pump Worx Beginners Power Pump bleu se nettoie facilement \u00e0 l&rsquo;eau chaude ou avec un Toy Cleaner.<\/div>\n<div><\/div>\n<ul>\n<li><strong>Longueur d&rsquo;insertion:<\/strong> environ 19 cm<\/li>\n<li><strong>longueur totale:<\/strong> environ 20 cm<\/li>\n<li><strong>diam\u00e8tre:<\/strong> environ 4,6 cm<\/li>\n<li><strong>Mat\u00e9riau:<\/strong> plastique ABS<\/li>\n<\/ul>\n","protected":false},"featured_media":64176,"comment_status":"open","ping_status":"closed","template":"","meta":{"_acf_changed":false,"_glsr_average":0,"_glsr_ranking":0,"_glsr_reviews":0},"product_brand":[],"product_cat":[2097,171],"product_tag":[936],"class_list":{"0":"post-64172","1":"product","2":"type-product","3":"status-publish","4":"has-post-thumbnail","6":"product_cat-agrandir-penis","7":"product_cat-sex-toys","8":"product_tag-pump-worx-beginners-power-pump-bleu-fr","10":"first","11":"outofstock","12":"taxable","13":"shipping-taxable","14":"purchasable","15":"product-type-simple"},"acf":[],"_links":{"self":[{"href":"https:\/\/dev.poppers-online.ch\/fr\/wp-json\/wp\/v2\/product\/64172","targetHints":{"allow":["GET"]}}],"collection":[{"href":"https:\/\/dev.poppers-online.ch\/fr\/wp-json\/wp\/v2\/product"}],"about":[{"href":"https:\/\/dev.poppers-online.ch\/fr\/wp-json\/wp\/v2\/types\/product"}],"replies":[{"embeddable":true,"href":"https:\/\/dev.poppers-online.ch\/fr\/wp-json\/wp\/v2\/comments?post=64172"}],"wp:featuredmedia":[{"embeddable":true,"href":"https:\/\/dev.poppers-online.ch\/fr\/wp-json\/wp\/v2\/media\/64176"}],"wp:attachment":[{"href":"https:\/\/dev.poppers-online.ch\/fr\/wp-json\/wp\/v2\/media?parent=64172"}],"wp:term":[{"taxonomy":"product_brand","embeddable":true,"href":"https:\/\/dev.poppers-online.ch\/fr\/wp-json\/wp\/v2\/product_brand?post=64172"},{"taxonomy":"product_cat","embeddable":true,"href":"https:\/\/dev.poppers-online.ch\/fr\/wp-json\/wp\/v2\/product_cat?post=64172"},{"taxonomy":"product_tag","embeddable":true,"href":"https:\/\/dev.poppers-online.ch\/fr\/wp-json\/wp\/v2\/product_tag?post=64172"}],"curies":[{"name":"wp","href":"https:\/\/api.w.org\/{rel}","templated":true}]}}