{"id":64320,"date":"2023-08-04T19:32:58","date_gmt":"2023-08-04T17:32:59","guid":{"rendered":"https:\/\/poppers-online.ch\/?post_type=product&#038;p=64320"},"modified":"2024-10-16T00:00:33","modified_gmt":"2024-10-15T22:00:33","slug":"colt-slammer-penis-sleeve","status":"publish","type":"product","link":"https:\/\/dev.poppers-online.ch\/fr\/produit\/colt-slammer-penis-sleeve\/","title":{"rendered":"COLT Slammer Manchon pour p\u00e9nis"},"content":{"rendered":"","protected":false},"excerpt":{"rendered":"<p>Tu souhaites une stabilisation de la tige du p\u00e9nis ? Ou plus de circonf\u00e9rence de p\u00e9nis ? Tu souhaites <strong>stimuler<\/strong> encore <strong>plus intens\u00e9ment<\/strong> tes partenaires sexuels ? Tu veux quand m\u00eame vivre pleinement tes \u00e9motions ? Alors le <strong>COLT Slammer Penis Sleeve<\/strong> est fait pour toi.<\/p>\n<p>La gaine pour p\u00e9nis COLT Slammer hautement flexible assure une plus grande stabilit\u00e9 et un meilleur diam\u00e8tre de la racine du p\u00e9nis au gland, sans pour autant restreindre fortement les sensations. Que ce soit en solo ou lors de jeux sexuels avec le partenaire, il apporte une belle intensification de la stimulation pour tous les participants. Tout semble plus serr\u00e9, plus rebondi et plus rempli. La gaine offre \u00e9galement une bonne stabilisation de l&rsquo;ensemble de la tige du p\u00e9nis, de la racine du p\u00e9nis au gland. Il est ouvert \u00e0 l&rsquo;avant et le gland reste pleinement r\u00e9ceptif \u00e0 toutes les stimulations. Id\u00e9al pour le slamming et les actions sexuelles particuli\u00e8rement sauvages. Le sensuel rehausseur mesure environ 10,75 x 5 cm non \u00e9tir\u00e9, mais peut sans probl\u00e8me \u00eatre \u00e9tir\u00e9 plusieurs fois. Il est fabriqu\u00e9 en TPE lisse et super extensible, de sorte qu&rsquo;il convient \u00e0 toutes les longueurs de p\u00e9nis \u00e0 partir de 8 cm jusqu&rsquo;\u00e0 plus de 30 cm en \u00e9rection.<\/p>\n<p>L&rsquo;utilisation est tr\u00e8s simple : appliquer un peu de gel lubrifiant sur le p\u00e9nis en \u00e9rection, enfiler la manchette et la fixer avec l&rsquo;anneau testiculaire. Le slamming peut commencer.<\/p>\n<p><strong>D\u00e9tails du produit :<\/strong><\/p>\n<ul>\n<li>Manchon p\u00e9nis ouvert<\/li>\n<li>Extr\u00eamement extensible<\/li>\n<li>Convient aux p\u00e9nis de 8 \u00e0 &gt;30 cm de long<\/li>\n<li>Augmente le diam\u00e8tre d&rsquo;environ 2,5 cm<\/li>\n<li>Donne de la stabilit\u00e9 \u00e0 la tige dans toutes les directions<\/li>\n<li>R\u00e9sistant \u00e0 l&rsquo;eau<\/li>\n<li>Facile \u00e0 nettoyer<\/li>\n<\/ul>\n<ul>\n<li><strong>longueur:<\/strong> environ 10 cm<\/li>\n<li><strong>diam\u00e8tre:<\/strong> environ 5 cm<\/li>\n<li><strong>Diam\u00e8tre int\u00e9rieur:<\/strong> \u00e0 partir de 2,5 cm<\/li>\n<li><strong>Mat\u00e9riau:<\/strong> TPE (sans phtalates)<\/li>\n<li><strong>Couleur:<\/strong> Noir<\/li>\n<\/ul>\n","protected":false},"featured_media":64324,"comment_status":"open","ping_status":"closed","template":"","meta":{"_acf_changed":false,"_glsr_average":0,"_glsr_ranking":0,"_glsr_reviews":0},"product_brand":[],"product_cat":[2097,2091,171],"product_tag":[944],"class_list":{"0":"post-64320","1":"product","2":"type-product","3":"status-publish","4":"has-post-thumbnail","6":"product_cat-agrandir-penis","7":"product_cat-cock-play","8":"product_cat-sex-toys","9":"product_tag-colt-slammer-penis-sleeve-fr","11":"first","12":"instock","13":"taxable","14":"shipping-taxable","15":"purchasable","16":"product-type-simple"},"acf":[],"_links":{"self":[{"href":"https:\/\/dev.poppers-online.ch\/fr\/wp-json\/wp\/v2\/product\/64320","targetHints":{"allow":["GET"]}}],"collection":[{"href":"https:\/\/dev.poppers-online.ch\/fr\/wp-json\/wp\/v2\/product"}],"about":[{"href":"https:\/\/dev.poppers-online.ch\/fr\/wp-json\/wp\/v2\/types\/product"}],"replies":[{"embeddable":true,"href":"https:\/\/dev.poppers-online.ch\/fr\/wp-json\/wp\/v2\/comments?post=64320"}],"wp:featuredmedia":[{"embeddable":true,"href":"https:\/\/dev.poppers-online.ch\/fr\/wp-json\/wp\/v2\/media\/64324"}],"wp:attachment":[{"href":"https:\/\/dev.poppers-online.ch\/fr\/wp-json\/wp\/v2\/media?parent=64320"}],"wp:term":[{"taxonomy":"product_brand","embeddable":true,"href":"https:\/\/dev.poppers-online.ch\/fr\/wp-json\/wp\/v2\/product_brand?post=64320"},{"taxonomy":"product_cat","embeddable":true,"href":"https:\/\/dev.poppers-online.ch\/fr\/wp-json\/wp\/v2\/product_cat?post=64320"},{"taxonomy":"product_tag","embeddable":true,"href":"https:\/\/dev.poppers-online.ch\/fr\/wp-json\/wp\/v2\/product_tag?post=64320"}],"curies":[{"name":"wp","href":"https:\/\/api.w.org\/{rel}","templated":true}]}}