{"id":65128,"date":"2023-08-12T00:05:19","date_gmt":"2023-08-11T22:05:19","guid":{"rendered":"https:\/\/poppers-online.ch\/?post_type=product&#038;p=65128"},"modified":"2024-10-16T00:00:26","modified_gmt":"2024-10-15T22:00:26","slug":"lit-poppers-25ml","status":"publish","type":"product","link":"https:\/\/dev.poppers-online.ch\/fr\/produit\/lit-poppers-25ml\/","title":{"rendered":"LIT Poppers 25ml"},"content":{"rendered":"","protected":false},"excerpt":{"rendered":"<p><strong>LIT Poppers 25ml<\/strong> est sur le march\u00e9 depuis 2023 et contient du nitrite de pentyle de force 4. LIT signifie \u00ab\u00a0super\u00a0\u00bb ou \u00ab\u00a0marteau\u00a0\u00bb dans le langage des jeunes en Allemagne, en Autriche et en Suisse. D\u00e9couvre le plaisir ultime seul, \u00e0 deux ou lors de soir\u00e9es avec le LIT Poppers. R\u00e9veille en toi la passion ardente avec LIT Poppers et d\u00e9cha\u00eene en toi l&rsquo;excitation ultime. Tout simplement LIT.<\/p>\n","protected":false},"featured_media":65132,"comment_status":"open","ping_status":"closed","template":"","meta":{"_acf_changed":false,"_glsr_average":0,"_glsr_ranking":0,"_glsr_reviews":0},"product_brand":[],"product_cat":[77],"product_tag":[988],"class_list":{"0":"post-65128","1":"product","2":"type-product","3":"status-publish","4":"has-post-thumbnail","6":"product_cat-grands-flacons","7":"product_tag-lit-poppers-25ml-fr","8":"pa_flaschenform-ovale","9":"pa_gewindegroesse-small","10":"pa_inhalt-25ml","11":"pa_inhaltsstoffe-nitrite-de-pentyle","12":"pa_staerke-89","14":"first","15":"instock","16":"taxable","17":"shipping-taxable","18":"purchasable","19":"product-type-simple"},"acf":[],"_links":{"self":[{"href":"https:\/\/dev.poppers-online.ch\/fr\/wp-json\/wp\/v2\/product\/65128","targetHints":{"allow":["GET"]}}],"collection":[{"href":"https:\/\/dev.poppers-online.ch\/fr\/wp-json\/wp\/v2\/product"}],"about":[{"href":"https:\/\/dev.poppers-online.ch\/fr\/wp-json\/wp\/v2\/types\/product"}],"replies":[{"embeddable":true,"href":"https:\/\/dev.poppers-online.ch\/fr\/wp-json\/wp\/v2\/comments?post=65128"}],"wp:featuredmedia":[{"embeddable":true,"href":"https:\/\/dev.poppers-online.ch\/fr\/wp-json\/wp\/v2\/media\/65132"}],"wp:attachment":[{"href":"https:\/\/dev.poppers-online.ch\/fr\/wp-json\/wp\/v2\/media?parent=65128"}],"wp:term":[{"taxonomy":"product_brand","embeddable":true,"href":"https:\/\/dev.poppers-online.ch\/fr\/wp-json\/wp\/v2\/product_brand?post=65128"},{"taxonomy":"product_cat","embeddable":true,"href":"https:\/\/dev.poppers-online.ch\/fr\/wp-json\/wp\/v2\/product_cat?post=65128"},{"taxonomy":"product_tag","embeddable":true,"href":"https:\/\/dev.poppers-online.ch\/fr\/wp-json\/wp\/v2\/product_tag?post=65128"}],"curies":[{"name":"wp","href":"https:\/\/api.w.org\/{rel}","templated":true}]}}