{"id":65551,"date":"2023-08-15T17:32:12","date_gmt":"2023-08-15T15:32:12","guid":{"rendered":"https:\/\/poppers-online.ch\/?post_type=product&#038;p=65551"},"modified":"2025-11-30T19:00:15","modified_gmt":"2025-11-30T18:00:15","slug":"gold-coast-combo-jungle-juice-gold-triple-destilled-3x-30ml","status":"publish","type":"product","link":"https:\/\/dev.poppers-online.ch\/fr\/produit\/gold-coast-combo-jungle-juice-gold-triple-destilled-3x-30ml\/","title":{"rendered":"Gold Coast Combo Jungle Juice Gold Triple Distilled 3x 30ml"},"content":{"rendered":"","protected":false},"excerpt":{"rendered":"<p><strong>Gold Coast Combo Jungle Juice Gold Triple Distilled 3x 30ml <\/strong>comprend : 3 x 30ml de poppers Gold Coast Jungle Juice Gold Triple Distilled. Mega Combo \u00e0 un prix attractif est l&rsquo;offre ultime pour ton coup de fouet suppl\u00e9mentaire ! Les Leather Cleaners Jungle Juice Gold Triple Distilled 30ml sont fabriqu\u00e9s \u00e0 base de nitrite d&rsquo;hexyle et te raviront toi aussi, ainsi que tes amis.  <\/p>\n<p><strong>Jungle Juice Gold Label triple distill\u00e9 30ml<\/strong> du fabricant Lockerroom du Canada. Particuli\u00e8rement pur et puissant gr\u00e2ce \u00e0 la triple distillation, \u00e0 base de la Canadian Pentyl Formula. D\u00e9couvre aussi la <a href=\"https:\/\/dev.poppers-online.ch\/fr\/produit\/jungle-juice-gold-label-triple-distilled-10ml\/\">version 10 ml.<\/a><\/p>\n<p>Les nettoyants pour cuir Jungle <strong>Juice<\/strong> ont une r\u00e9putation l\u00e9gendaire, et ce n&rsquo;est pas pour rien. Avec le <strong>combo Gold Coast Jungle Juice Gold Triple Destilled 3x 30ml<\/strong>, tu re\u00e7ois chez toi trois grands flacons extra-forts. Viens du c\u00f4t\u00e9 dor\u00e9 de la vie. <\/p>\n","protected":false},"featured_media":137089,"comment_status":"open","ping_status":"closed","template":"","meta":{"_acf_changed":false,"_glsr_average":0,"_glsr_ranking":0,"_glsr_reviews":0},"product_brand":[],"product_cat":[1046,76,77],"product_tag":[2172],"class_list":{"0":"post-65551","1":"product","2":"type-product","3":"status-publish","4":"has-post-thumbnail","6":"product_cat-poppers","7":"product_cat-paquets-economiques","8":"product_cat-grands-flacons","9":"product_tag-gold-coast-combo-jungle-juice-gold-triple-distilled-3x-30ml","10":"pa_flaschenform-rond-grand","11":"pa_gewindegroesse-small","12":"pa_inhalt-combo","13":"pa_inhalt-30ml","14":"pa_marke-jungle-juice-poppers","15":"pa_marke-lockerroom-poppers","16":"pa_staerke-91","18":"first","19":"instock","20":"sale","21":"taxable","22":"shipping-taxable","23":"purchasable","24":"product-type-simple"},"acf":[],"_links":{"self":[{"href":"https:\/\/dev.poppers-online.ch\/fr\/wp-json\/wp\/v2\/product\/65551","targetHints":{"allow":["GET"]}}],"collection":[{"href":"https:\/\/dev.poppers-online.ch\/fr\/wp-json\/wp\/v2\/product"}],"about":[{"href":"https:\/\/dev.poppers-online.ch\/fr\/wp-json\/wp\/v2\/types\/product"}],"replies":[{"embeddable":true,"href":"https:\/\/dev.poppers-online.ch\/fr\/wp-json\/wp\/v2\/comments?post=65551"}],"wp:featuredmedia":[{"embeddable":true,"href":"https:\/\/dev.poppers-online.ch\/fr\/wp-json\/wp\/v2\/media\/137089"}],"wp:attachment":[{"href":"https:\/\/dev.poppers-online.ch\/fr\/wp-json\/wp\/v2\/media?parent=65551"}],"wp:term":[{"taxonomy":"product_brand","embeddable":true,"href":"https:\/\/dev.poppers-online.ch\/fr\/wp-json\/wp\/v2\/product_brand?post=65551"},{"taxonomy":"product_cat","embeddable":true,"href":"https:\/\/dev.poppers-online.ch\/fr\/wp-json\/wp\/v2\/product_cat?post=65551"},{"taxonomy":"product_tag","embeddable":true,"href":"https:\/\/dev.poppers-online.ch\/fr\/wp-json\/wp\/v2\/product_tag?post=65551"}],"curies":[{"name":"wp","href":"https:\/\/api.w.org\/{rel}","templated":true}]}}