{"id":67831,"date":"2023-09-02T20:46:25","date_gmt":"2023-09-02T18:46:25","guid":{"rendered":"https:\/\/poppers-online.ch\/?post_type=product&#038;p=67831"},"modified":"2025-09-22T11:07:19","modified_gmt":"2025-09-22T09:07:19","slug":"pop-me-up-poppers-24ml","status":"publish","type":"product","link":"https:\/\/dev.poppers-online.ch\/fr\/produit\/pop-me-up-poppers-24ml\/","title":{"rendered":"POP ME UP Poppers 24ml"},"content":{"rendered":"","protected":false},"excerpt":{"rendered":"<p><span style=\"font-weight: 400\"><strong>POP ME UP Poppers 24ml <\/strong>est sur le march\u00e9 depuis 2023 et contient l&rsquo;ancien v\u00e9ritable nitrite de pentyle. Ce poppers est originaire de France et ne doit en aucun cas manquer \u00e0 votre prochaine session de pops endiabl\u00e9es.  L&rsquo;expression \u00ab\u00a0Pop me up\u00a0\u00bb signifie d&rsquo;ailleurs \u00ab\u00a0appelle-moi\u00a0\u00bb. Mais \u00ab\u00a0Pop me up\u00a0\u00bb peut aussi \u00eatre compris comme \u00ab\u00a0Baise-moi, je suis consentante et pr\u00eate pour toi\u00a0\u00bb. POP ME UP Poppers est \u00e9galement disponible en flacon de 10\u202fml. <\/span><\/p>\n","protected":false},"featured_media":67835,"comment_status":"open","ping_status":"closed","template":"","meta":{"_acf_changed":false,"_glsr_average":0,"_glsr_ranking":0,"_glsr_reviews":0},"product_brand":[],"product_cat":[77],"product_tag":[1137],"class_list":{"0":"post-67831","1":"product","2":"type-product","3":"status-publish","4":"has-post-thumbnail","6":"product_cat-grands-flacons","7":"product_tag-pop-me-up-poppers-24ml-fr","8":"pa_flaschenform-ovale","9":"pa_gewindegroesse-small","10":"pa_inhalt-24ml","11":"pa_inhaltsstoffe-nitrite-de-pentyle","12":"pa_marke-edition-oxy","13":"pa_staerke-88","15":"first","16":"instock","17":"sale","18":"taxable","19":"shipping-taxable","20":"purchasable","21":"product-type-simple"},"acf":[],"_links":{"self":[{"href":"https:\/\/dev.poppers-online.ch\/fr\/wp-json\/wp\/v2\/product\/67831","targetHints":{"allow":["GET"]}}],"collection":[{"href":"https:\/\/dev.poppers-online.ch\/fr\/wp-json\/wp\/v2\/product"}],"about":[{"href":"https:\/\/dev.poppers-online.ch\/fr\/wp-json\/wp\/v2\/types\/product"}],"replies":[{"embeddable":true,"href":"https:\/\/dev.poppers-online.ch\/fr\/wp-json\/wp\/v2\/comments?post=67831"}],"wp:featuredmedia":[{"embeddable":true,"href":"https:\/\/dev.poppers-online.ch\/fr\/wp-json\/wp\/v2\/media\/67835"}],"wp:attachment":[{"href":"https:\/\/dev.poppers-online.ch\/fr\/wp-json\/wp\/v2\/media?parent=67831"}],"wp:term":[{"taxonomy":"product_brand","embeddable":true,"href":"https:\/\/dev.poppers-online.ch\/fr\/wp-json\/wp\/v2\/product_brand?post=67831"},{"taxonomy":"product_cat","embeddable":true,"href":"https:\/\/dev.poppers-online.ch\/fr\/wp-json\/wp\/v2\/product_cat?post=67831"},{"taxonomy":"product_tag","embeddable":true,"href":"https:\/\/dev.poppers-online.ch\/fr\/wp-json\/wp\/v2\/product_tag?post=67831"}],"curies":[{"name":"wp","href":"https:\/\/api.w.org\/{rel}","templated":true}]}}