{"id":67856,"date":"2023-09-02T21:30:33","date_gmt":"2023-09-02T19:30:33","guid":{"rendered":"https:\/\/poppers-online.ch\/?post_type=product&#038;p=67856"},"modified":"2025-11-25T11:53:15","modified_gmt":"2025-11-25T10:53:15","slug":"boite-cadeau-poppers-rouge-avec-3-flacons-et-sniffer-anti-fuite","status":"publish","type":"product","link":"https:\/\/dev.poppers-online.ch\/fr\/produit\/boite-cadeau-poppers-rouge-avec-3-flacons-et-sniffer-anti-fuite\/","title":{"rendered":"Bo\u00eete cadeau Poppers rouge avec 3 flacons et sniffer anti-fuite"},"content":{"rendered":"","protected":false},"excerpt":{"rendered":"<p>Tu cherches un cadeau pour un fan de poppers ou pour toi-m\u00eame ? Notre bo\u00eete cadeau Poppers rouge avec 3 flacons et sniffer anti-fuite attirera l&rsquo;attention de ton destinataire. Ce coffret cadeau contient les <strong>5 produits suivants<\/strong>:<\/p>\n<ul>\n<li><a href=\"https:\/\/dev.poppers-online.ch\/fr\/produit\/berlin-ultra-strong-poppers-10ml\/\"><strong>Berlin Ultra Strong 10ml Poppers<\/strong> <\/a>: Le Berlin Ultra Strong Poppers 10ml est nouveau sur le march\u00e9 suisse depuis 2022. Il est bas\u00e9 sur le pentylnitrite original. Ce poppers ultra fort apporte chez toi les possibilit\u00e9s sauvages et exub\u00e9rantes de la capitale queer, y compris Kitkat et Berghain Berlin, et te permet, ainsi qu&rsquo;\u00e0 tes amis, de vivre intens\u00e9ment les vibes berlinoises \u00e0 la maison.<\/li>\n<li><a href=\"https:\/\/dev.poppers-online.ch\/fr\/produit\/cbd-poppers-extreme-10ml\/\"><strong>CBD Poppers Extreme 10ml<\/strong><\/a> : Le CBD Poppers extreme 10ml est sur le march\u00e9 depuis 2023 et contient l&rsquo;ancien vrai pentyl nitrite. \u00c0 tous les amateurs d&rsquo;herbe et de chanvre : ce poppers s&rsquo;appelle certes CBD Poppers, mais il ne contient pas d&rsquo;huile de CBD ni de chanvre. La force 5 fait toutefois en sorte que le CBD Poppers s&rsquo;accorde extr\u00eamement bien avec la consommation de produits \u00e0 base de chanvre de toutes sortes. Attention \u00e0 la consommation mixte. Les effets du cannabis et du poppers se renforcent mutuellement.<\/li>\n<li><a href=\"https:\/\/dev.poppers-online.ch\/fr\/produit\/pop-me-up-poppers-24ml\/\"><strong>POP ME UP 24ml Poppers<\/strong><\/a> : ce poppers est sur le march\u00e9 depuis 2023 et contient l&rsquo;ancien vrai nitrite de pentyle. Ce poppers est originaire de France et ne doit en aucun cas manquer lors de ta prochaine session de pops endiabl\u00e9es. L&rsquo;expression \u00ab\u00a0Pop me up\u00a0\u00bb signifie d&rsquo;ailleurs \u00ab\u00a0appelle-moi\u00a0\u00bb. Mais \u00ab\u00a0Pop me up\u00a0\u00bb peut aussi \u00eatre compris comme \u00ab\u00a0baise-moi, je suis consentant et pr\u00eat pour toi\u00a0\u00bb.<\/li>\n<li><strong><a href=\"https:\/\/dev.poppers-online.ch\/fr\/produit\/poppers-booster-cap-xtrm-double-small-black-leak-proof\/\">Poppers Booster Cap XTRM LEAK PROOF Black<\/a> <\/strong>: Lorsque l&rsquo;on se d\u00e9cha\u00eene juste apr\u00e8s avoir sniff\u00e9 des poppers, il arrive que l&rsquo;on retrouve ensuite la flacon de poppers renvers\u00e9e et qui a fui. L&rsquo;\u00e9quipe XTRM a d\u00e9velopp\u00e9 pour cela un ing\u00e9nieux bouchon anti-fuite et facile \u00e0 utiliser, le Poppers Booster Cap XTRM Double Small Black LEAK PROOF avec bouton-pression. Tu visses le sniffer anti-fuite sur la flacon comme d&rsquo;habitude. Ce n&rsquo;est que lorsque tu appuies sur le bouton-pression situ\u00e9 sur le c\u00f4t\u00e9 du bouchon que le poppers s&rsquo;\u00e9coule de la flacon par le canal de kick. Lorsque tu rel\u00e2ches le bouton-poussoir, le sniffer est \u00e0 nouveau \u00e9tanche \u00e0 100% et le poppers reste dans la flacon, m\u00eame si celle-ci se renverse parce qu&rsquo;elle est en train de chauffer.<\/li>\n<li><a href=\"https:\/\/dev.poppers-online.ch\/fr\/produit\/poppers-depot-de-garde-pour-4-flacons-rouge\/\"><strong>D\u00e9p\u00f4t de stockage Poppers pour 4 flacons rouge<\/strong> <\/a>: Le d\u00e9p\u00f4t r\u00e9volutionnaire de stockage Poppers r\u00e9sout un probl\u00e8me bien connu : les flacons tra\u00eenent jusqu&rsquo;\u00e0 la prochaine utilisation, sont rang\u00e9es dans un tiroir ou dans une armoire f\u00e9tiche. Avec le d\u00e9p\u00f4t pour poppers, les flacons sont garanties de rester debout pendant le stockage et de ne pas tomber. De plus, gr\u00e2ce \u00e0 ce produit de rangement pratique, les poppers auront une place fixe et s\u00fbre dans ton tiroir, sur ton bureau, dans ton armoire f\u00e9tiche ou sur ta table de nuit. Mets de l&rsquo;ordre et donne \u00e0 tes flacons une place s\u00fbre et fixe.<\/li>\n<\/ul>\n","protected":false},"featured_media":66979,"comment_status":"open","ping_status":"closed","template":"","meta":{"_acf_changed":false,"_glsr_average":0,"_glsr_ranking":0,"_glsr_reviews":0},"product_brand":[],"product_cat":[1046,76,77,78,149,1297,1303],"product_tag":[],"class_list":{"0":"post-67856","1":"product","2":"type-product","3":"status-publish","4":"has-post-thumbnail","6":"product_cat-poppers","7":"product_cat-paquets-economiques","8":"product_cat-grands-flacons","9":"product_cat-petits-flacons","10":"product_cat-accessoires-poppers","11":"product_cat-deopts-de-rangement","12":"product_cat-booster-caps","13":"pa_flaschenform-rond-petit","14":"pa_flaschenform-ovale","15":"pa_gewindegroesse-small","16":"pa_inhalt-combo","17":"pa_inhalt-24ml","18":"pa_inhalt-10ml","19":"pa_inhaltsstoffe-nitrite-de-pentyle","20":"pa_staerke-90","22":"first","23":"instock","24":"sale","25":"taxable","26":"shipping-taxable","27":"purchasable","28":"product-type-simple"},"acf":[],"_links":{"self":[{"href":"https:\/\/dev.poppers-online.ch\/fr\/wp-json\/wp\/v2\/product\/67856","targetHints":{"allow":["GET"]}}],"collection":[{"href":"https:\/\/dev.poppers-online.ch\/fr\/wp-json\/wp\/v2\/product"}],"about":[{"href":"https:\/\/dev.poppers-online.ch\/fr\/wp-json\/wp\/v2\/types\/product"}],"replies":[{"embeddable":true,"href":"https:\/\/dev.poppers-online.ch\/fr\/wp-json\/wp\/v2\/comments?post=67856"}],"wp:featuredmedia":[{"embeddable":true,"href":"https:\/\/dev.poppers-online.ch\/fr\/wp-json\/wp\/v2\/media\/66979"}],"wp:attachment":[{"href":"https:\/\/dev.poppers-online.ch\/fr\/wp-json\/wp\/v2\/media?parent=67856"}],"wp:term":[{"taxonomy":"product_brand","embeddable":true,"href":"https:\/\/dev.poppers-online.ch\/fr\/wp-json\/wp\/v2\/product_brand?post=67856"},{"taxonomy":"product_cat","embeddable":true,"href":"https:\/\/dev.poppers-online.ch\/fr\/wp-json\/wp\/v2\/product_cat?post=67856"},{"taxonomy":"product_tag","embeddable":true,"href":"https:\/\/dev.poppers-online.ch\/fr\/wp-json\/wp\/v2\/product_tag?post=67856"}],"curies":[{"name":"wp","href":"https:\/\/api.w.org\/{rel}","templated":true}]}}