{"id":68109,"date":"2023-09-03T20:14:15","date_gmt":"2023-09-03T18:14:15","guid":{"rendered":"https:\/\/poppers-online.ch\/?post_type=product&#038;p=68109"},"modified":"2025-10-23T12:41:00","modified_gmt":"2025-10-23T10:41:00","slug":"amnesia-420-poppers-10ml","status":"publish","type":"product","link":"https:\/\/dev.poppers-online.ch\/fr\/produit\/amnesia-420-poppers-10ml\/","title":{"rendered":"AMNESIA 420 Poppers 10ml"},"content":{"rendered":"","protected":false},"excerpt":{"rendered":"<p><strong>AMNESIA 420 Poppers 10ml<\/strong> est sur le march\u00e9 depuis 2023 et contient l\u2019ancien v\u00e9ritable nitrite de pentyle. Ce poppers porte bien le symbole 420 et une feuille de chanvre sur l\u2019\u00e9tiquette, mais le flacon ne contient pas de produit \u00e0 base de chanvre. Les poppers ne sont pas des drogues ni des stup\u00e9fiants. Mais ce poppers te fait aussi oublier tout ce qui t\u2019entoure pour que tu puisses baiser comme s\u2019il n\u2019y avait pas de lendemain.    <\/p>\n","protected":false},"featured_media":68113,"comment_status":"open","ping_status":"closed","template":"","meta":{"_acf_changed":false,"_glsr_average":0,"_glsr_ranking":0,"_glsr_reviews":0},"product_brand":[],"product_cat":[78],"product_tag":[1200],"class_list":{"0":"post-68109","1":"product","2":"type-product","3":"status-publish","4":"has-post-thumbnail","6":"product_cat-petits-flacons","7":"product_tag-amnesia-420-poppers-10ml-fr","8":"pa_flaschenform-rond-petit","9":"pa_gewindegroesse-small","10":"pa_inhalt-10ml","11":"pa_inhaltsstoffe-nitrite-de-pentyle","12":"pa_marke-edition-oxy","13":"pa_staerke-90","15":"first","16":"instock","17":"taxable","18":"shipping-taxable","19":"purchasable","20":"product-type-simple"},"acf":[],"_links":{"self":[{"href":"https:\/\/dev.poppers-online.ch\/fr\/wp-json\/wp\/v2\/product\/68109","targetHints":{"allow":["GET"]}}],"collection":[{"href":"https:\/\/dev.poppers-online.ch\/fr\/wp-json\/wp\/v2\/product"}],"about":[{"href":"https:\/\/dev.poppers-online.ch\/fr\/wp-json\/wp\/v2\/types\/product"}],"replies":[{"embeddable":true,"href":"https:\/\/dev.poppers-online.ch\/fr\/wp-json\/wp\/v2\/comments?post=68109"}],"wp:featuredmedia":[{"embeddable":true,"href":"https:\/\/dev.poppers-online.ch\/fr\/wp-json\/wp\/v2\/media\/68113"}],"wp:attachment":[{"href":"https:\/\/dev.poppers-online.ch\/fr\/wp-json\/wp\/v2\/media?parent=68109"}],"wp:term":[{"taxonomy":"product_brand","embeddable":true,"href":"https:\/\/dev.poppers-online.ch\/fr\/wp-json\/wp\/v2\/product_brand?post=68109"},{"taxonomy":"product_cat","embeddable":true,"href":"https:\/\/dev.poppers-online.ch\/fr\/wp-json\/wp\/v2\/product_cat?post=68109"},{"taxonomy":"product_tag","embeddable":true,"href":"https:\/\/dev.poppers-online.ch\/fr\/wp-json\/wp\/v2\/product_tag?post=68109"}],"curies":[{"name":"wp","href":"https:\/\/api.w.org\/{rel}","templated":true}]}}