{"id":69383,"date":"2023-09-17T18:40:43","date_gmt":"2023-09-17T16:40:44","guid":{"rendered":"https:\/\/poppers-online.ch\/?post_type=product&#038;p=69383"},"modified":"2024-10-15T23:45:38","modified_gmt":"2024-10-15T21:45:38","slug":"boite-cadeau-poppers-rouge-avec-1-flacon-et-sniffer-anti-fuite","status":"publish","type":"product","link":"https:\/\/dev.poppers-online.ch\/fr\/produit\/boite-cadeau-poppers-rouge-avec-1-flacon-et-sniffer-anti-fuite\/","title":{"rendered":"Bo\u00eete cadeau Poppers rouge avec 1 flacon et sniffer anti-fuite"},"content":{"rendered":"","protected":false},"excerpt":{"rendered":"<p>Tu cherches un cadeau pour un fan de poppers ou pour toi-m\u00eame ? Notre bo\u00eete cadeau Poppers rouge avec 1 flacon et sniffer anti-fuite attirera l&rsquo;attention de ton destinataire. Ce coffret cadeau contient les <strong>3\u00a0produits suivants<\/strong> :<\/p>\n<p>&nbsp;<\/p>\n<ul>\n<li><b><a href=\"https:\/\/dev.poppers-online.ch\/fr\/produit\/dirty-pig-poppers-24ml\/\">DIRTY Pig Poppers 24ml Swiss Edition<\/a>:<\/b> <strong>Dirty PIG <\/strong>est sur le march\u00e9 depuis 2023 et contient l\u2019ancien vrai nitrite de pentyle. Ce poppers ne doit en aucun cas manquer lors de ta prochaine session coquine. La\u00a0<strong>force 5<\/strong> de ce flacon te permettra de profiter pleinement de tes aventures sexuelles sulfureuses. Dirty PIG Poppers fera de toi une vraie truie au lit. Dirty PIG Poppers est \u00e9galement disponible en flacon de 10 ml.<\/li>\n<li><strong><a href=\"https:\/\/dev.poppers-online.ch\/fr\/produit\/poppers-booster-cap-xtrm-double-small-black-leak-proof\/\">Poppers Booster Cap XTRM LEAK PROOF Black<\/a> <\/strong>: Lorsque l&rsquo;on se d\u00e9cha\u00eene juste apr\u00e8s avoir sniff\u00e9 des poppers, il arrive que l&rsquo;on retrouve ensuite la flacon de poppers renvers\u00e9e et qui a fui. L&rsquo;\u00e9quipe XTRM a d\u00e9velopp\u00e9 pour cela un ing\u00e9nieux bouchon anti-fuite et facile \u00e0 utiliser, le Poppers Booster Cap XTRM Double Small Black LEAK PROOF avec bouton-pression. Tu visses le sniffer anti-fuite sur la flacon comme d&rsquo;habitude. Ce n&rsquo;est que lorsque tu appuies sur le bouton-pression situ\u00e9 sur le c\u00f4t\u00e9 du bouchon que le poppers s&rsquo;\u00e9coule de la flacon par le canal de kick. Lorsque tu rel\u00e2ches le bouton-poussoir, le sniffer est \u00e0 nouveau \u00e9tanche \u00e0 100% et le poppers reste dans la flacon, m\u00eame si celle-ci se renverse parce qu&rsquo;elle est en train de chauffer.<\/li>\n<li><a href=\"https:\/\/dev.poppers-online.ch\/fr\/produit\/poppers-depot-de-garde-pour-2-flacons-rouge\/\"><strong>D\u00e9p\u00f4t de stockage Poppers pour 2 flacons rouge<\/strong> <\/a>: Le d\u00e9p\u00f4t r\u00e9volutionnaire de stockage Poppers r\u00e9sout un probl\u00e8me bien connu : les flacons tra\u00eenent jusqu&rsquo;\u00e0 la prochaine utilisation, sont rang\u00e9es dans un tiroir ou dans une armoire f\u00e9tiche. Avec le d\u00e9p\u00f4t pour poppers, les flacons sont garanties de rester debout pendant le stockage et de ne pas tomber. De plus, gr\u00e2ce \u00e0 ce produit de rangement pratique, les poppers auront une place fixe et s\u00fbre dans ton tiroir, sur ton bureau, dans ton armoire f\u00e9tiche ou sur ta table de nuit. Mets de l&rsquo;ordre et donne \u00e0 tes flacons une place s\u00fbre et fixe.<\/li>\n<\/ul>\n","protected":false},"featured_media":69389,"comment_status":"open","ping_status":"closed","template":"","meta":{"_acf_changed":false,"_glsr_average":0,"_glsr_ranking":0,"_glsr_reviews":0},"product_brand":[],"product_cat":[1046,76,77,149,1297],"product_tag":[],"class_list":{"0":"post-69383","1":"product","2":"type-product","3":"status-publish","4":"has-post-thumbnail","6":"product_cat-poppers","7":"product_cat-paquets-economiques","8":"product_cat-grands-flacons","9":"product_cat-accessoires-poppers","10":"product_cat-deopts-de-rangement","11":"pa_flaschenform-ovale","12":"pa_gewindegroesse-small","13":"pa_inhalt-combo","14":"pa_inhalt-24ml","15":"pa_inhaltsstoffe-nitrite-de-pentyle","16":"pa_staerke-90","18":"first","19":"instock","20":"sale","21":"taxable","22":"shipping-taxable","23":"purchasable","24":"product-type-simple"},"acf":[],"_links":{"self":[{"href":"https:\/\/dev.poppers-online.ch\/fr\/wp-json\/wp\/v2\/product\/69383","targetHints":{"allow":["GET"]}}],"collection":[{"href":"https:\/\/dev.poppers-online.ch\/fr\/wp-json\/wp\/v2\/product"}],"about":[{"href":"https:\/\/dev.poppers-online.ch\/fr\/wp-json\/wp\/v2\/types\/product"}],"replies":[{"embeddable":true,"href":"https:\/\/dev.poppers-online.ch\/fr\/wp-json\/wp\/v2\/comments?post=69383"}],"wp:featuredmedia":[{"embeddable":true,"href":"https:\/\/dev.poppers-online.ch\/fr\/wp-json\/wp\/v2\/media\/69389"}],"wp:attachment":[{"href":"https:\/\/dev.poppers-online.ch\/fr\/wp-json\/wp\/v2\/media?parent=69383"}],"wp:term":[{"taxonomy":"product_brand","embeddable":true,"href":"https:\/\/dev.poppers-online.ch\/fr\/wp-json\/wp\/v2\/product_brand?post=69383"},{"taxonomy":"product_cat","embeddable":true,"href":"https:\/\/dev.poppers-online.ch\/fr\/wp-json\/wp\/v2\/product_cat?post=69383"},{"taxonomy":"product_tag","embeddable":true,"href":"https:\/\/dev.poppers-online.ch\/fr\/wp-json\/wp\/v2\/product_tag?post=69383"}],"curies":[{"name":"wp","href":"https:\/\/api.w.org\/{rel}","templated":true}]}}