{"id":69394,"date":"2023-09-17T19:15:09","date_gmt":"2023-09-17T17:15:09","guid":{"rendered":"https:\/\/poppers-online.ch\/?post_type=product&#038;p=69394"},"modified":"2024-10-15T23:45:36","modified_gmt":"2024-10-15T21:45:36","slug":"boite-cadeau-poppers-noir-avec-2-flacons","status":"publish","type":"product","link":"https:\/\/dev.poppers-online.ch\/fr\/produit\/boite-cadeau-poppers-noir-avec-2-flacons\/","title":{"rendered":"Bo\u00eete cadeau Poppers noir avec 2 flacons"},"content":{"rendered":"","protected":false},"excerpt":{"rendered":"<p>Tu cherches un cadeau pour un fan de poppers ou pour toi-m\u00eame ? Notre bo\u00eete cadeau Poppers noire avec <strong>2 flacons de Poppers<\/strong> attirera l&rsquo;attention de ton destinataire. Ce coffret cadeau contient les <strong>3 produits<\/strong> suivants :<\/p>\n<ul>\n<li><a href=\"https:\/\/dev.poppers-online.ch\/fr\/produit\/berlin-ultra-strong-poppers-10ml\/\"><strong>Berlin Ultra Strong Poppers 10ml<\/strong><\/a> : Le Berlin Ultra Strong Poppers 10ml est nouveau sur le march\u00e9 suisse depuis 2022. Il est bas\u00e9 sur le pentylnitrite original. Ce poppers ultra fort t&rsquo;apporte chez toi les possibilit\u00e9s sauvages et exub\u00e9rantes de la capitale queer, y compris Kitkat et Berghain Berlin, et te permet, ainsi qu&rsquo;\u00e0 tes amis, de vivre intens\u00e9ment les vibes berlinoises \u00e0 la maison.<\/li>\n<li><a href=\"https:\/\/dev.poppers-online.ch\/fr\/produit\/kinky-monster-premium-poppers-10ml\/\"><strong>Kinky Monster Premium Poppers 10ml<\/strong><\/a> : Kinky Monster Premium Poppers 10ml s&rsquo;adresse \u00e0 tous les kinksters et offre un poppers encore plus fort et plus durable. Les flacons de Kinky Monster Poppers contiennent en outre du pentyl nitrite particuli\u00e8rement pur et hautement concentr\u00e9. Les poppers Kinky Monster sont disponibles en huit vari\u00e9t\u00e9s diff\u00e9rentes. Nous avons d\u00e9velopp\u00e9 la Kinky Monster Premium Edition pour tous les Puppy-Players. Sentez-vous encore plus libre dans le monde de Puppy avec le Kinky Monster Premium Poppers.<\/li>\n<li><a href=\"https:\/\/dev.poppers-online.ch\/fr\/produit\/poppers-depot-de-garde-pour-deux-bouteilles-noir\/\"><strong>D\u00e9p\u00f4t de rangement Poppers pour 2 flacons noir<\/strong><\/a> : Le d\u00e9p\u00f4t de rangement r\u00e9volutionnaire Poppers r\u00e9sout un probl\u00e8me bien connu : les flacons tra\u00eenent jusqu&rsquo;\u00e0 la prochaine utilisation, sont rang\u00e9es dans un tiroir ou dans une armoire f\u00e9tiche. Avec le d\u00e9p\u00f4t pour poppers, les flacons sont garanties de rester debout pendant le stockage et de ne pas tomber. De plus, gr\u00e2ce \u00e0 ce produit de rangement pratique, les poppers auront une place fixe et s\u00fbre dans ton tiroir, sur ton bureau, dans ton armoire f\u00e9tiche ou sur ta table de nuit. Mets de l&rsquo;ordre et donne \u00e0 tes flacons une place s\u00fbre et fixe. Cette variante offre de la place pour 2 petites flacons rondes ou un XTRM Booster Cap.<\/li>\n<\/ul>\n","protected":false},"featured_media":67035,"comment_status":"open","ping_status":"closed","template":"","meta":{"_acf_changed":false,"_glsr_average":0,"_glsr_ranking":0,"_glsr_reviews":0},"product_brand":[],"product_cat":[1046,76,78,149,1297],"product_tag":[],"class_list":{"0":"post-69394","1":"product","2":"type-product","3":"status-publish","4":"has-post-thumbnail","6":"product_cat-poppers","7":"product_cat-paquets-economiques","8":"product_cat-petits-flacons","9":"product_cat-accessoires-poppers","10":"product_cat-deopts-de-rangement","11":"pa_flaschenform-rond-petit","12":"pa_gewindegroesse-small","13":"pa_inhalt-combo","14":"pa_inhalt-10ml","15":"pa_inhaltsstoffe-nitrite-de-pentyle","16":"pa_staerke-91","18":"first","19":"instock","20":"sale","21":"taxable","22":"shipping-taxable","23":"purchasable","24":"product-type-simple"},"acf":[],"_links":{"self":[{"href":"https:\/\/dev.poppers-online.ch\/fr\/wp-json\/wp\/v2\/product\/69394","targetHints":{"allow":["GET"]}}],"collection":[{"href":"https:\/\/dev.poppers-online.ch\/fr\/wp-json\/wp\/v2\/product"}],"about":[{"href":"https:\/\/dev.poppers-online.ch\/fr\/wp-json\/wp\/v2\/types\/product"}],"replies":[{"embeddable":true,"href":"https:\/\/dev.poppers-online.ch\/fr\/wp-json\/wp\/v2\/comments?post=69394"}],"wp:featuredmedia":[{"embeddable":true,"href":"https:\/\/dev.poppers-online.ch\/fr\/wp-json\/wp\/v2\/media\/67035"}],"wp:attachment":[{"href":"https:\/\/dev.poppers-online.ch\/fr\/wp-json\/wp\/v2\/media?parent=69394"}],"wp:term":[{"taxonomy":"product_brand","embeddable":true,"href":"https:\/\/dev.poppers-online.ch\/fr\/wp-json\/wp\/v2\/product_brand?post=69394"},{"taxonomy":"product_cat","embeddable":true,"href":"https:\/\/dev.poppers-online.ch\/fr\/wp-json\/wp\/v2\/product_cat?post=69394"},{"taxonomy":"product_tag","embeddable":true,"href":"https:\/\/dev.poppers-online.ch\/fr\/wp-json\/wp\/v2\/product_tag?post=69394"}],"curies":[{"name":"wp","href":"https:\/\/api.w.org\/{rel}","templated":true}]}}