{"id":69404,"date":"2023-09-17T19:55:40","date_gmt":"2023-09-17T17:55:40","guid":{"rendered":"https:\/\/poppers-online.ch\/?post_type=product&#038;p=69404"},"modified":"2024-10-15T23:45:35","modified_gmt":"2024-10-15T21:45:35","slug":"boite-cadeau-poppers-noir-avec-4-flacons","status":"publish","type":"product","link":"https:\/\/dev.poppers-online.ch\/fr\/produit\/boite-cadeau-poppers-noir-avec-4-flacons\/","title":{"rendered":"Bo\u00eete cadeau Poppers noir avec 4 flacons"},"content":{"rendered":"","protected":false},"excerpt":{"rendered":"<p>Tu cherches un cadeau pour un fan de Poppers ou pour toi-m\u00eame ? Notre bo\u00eete cadeau Poppers noire avec <strong>4 flacons de poppers<\/strong> attirera l&rsquo;attention de ton destinataire. Ce coffret cadeau contient les <strong>5 produits suivants<\/strong> :<\/p>\n<ul>\n<li><a href=\"https:\/\/dev.poppers-online.ch\/fr\/produit\/swiss-premium-juice-poppers-10ml\/\"><strong>Swiss Premium Juice Poppers 10ml:<\/strong><\/a> Le Swiss Premium Juice Poppers 10ml est nouveau sur le march\u00e9 suisse depuis 2022. Il est bas\u00e9 sur le nitrite de pentyle original. Ce Swiss Premium Juice Poppers puissant et de tr\u00e8s haute qualit\u00e9 te donne le coup de fouet ultime pour ta prochaine session de sexe suisse.<\/li>\n<li><a href=\"https:\/\/dev.poppers-online.ch\/fr\/produit\/kinky-monster-extreme-poppers-10ml\/\"><strong>Kinky Monster Extreme Poppers 10ml<\/strong> <\/a>: Kinky Monster Extreme Poppers 10ml s&rsquo;adresse \u00e0 tous les kinksters et offre un poppers encore plus fort et qui dure encore plus longtemps. Les flacons de Kinky Monster Poppers contiennent en outre du pentyl nitrite particuli\u00e8rement pur et hautement concentr\u00e9. Les poppers Kinky Monster sont disponibles en 8 vari\u00e9t\u00e9s diff\u00e9rentes. Le Kinky Monster Extreme fait partie des poppers les plus forts. Nous avons con\u00e7u ce poppers pour tous les fans de sneakers et de sox. Tu aimes aussi les tracksuits d&rsquo;Adidas, les sneakers ou les Speedo serr\u00e9s ? Ce poppers fait partie int\u00e9grante de ta prochaine session de baskets, de tracksuits et de Sox.<\/li>\n<li><a href=\"https:\/\/dev.poppers-online.ch\/fr\/produit\/pervert-subboy-poppers-10ml\/\"><strong>PERVERT SUBBOY Poppers 10ml :<\/strong> <\/a>PERVERT SUBBOY Poppers 10ml est sur le march\u00e9 depuis 2023 et contient l&rsquo;ancien vrai nitrite de pentyle. Ce poppers ne doit en aucun cas manquer lors de ta prochaine session DOM et SUB. Gr\u00e2ce \u00e0 la force 6 de ce flacon, chaque gar\u00e7on normal devient un SUBBOY soumis et d\u00e9vot. PERVERT SUBBOY Poppers est \u00e9galement disponible en flacon de 24 ml.<\/li>\n<li><a href=\"https:\/\/dev.poppers-online.ch\/fr\/produit\/sox-snffr-premium-poppers-24ml\/\"><strong>SOX SNFFR Premium Poppers 24ml<\/strong><\/a> : SOX SNFFR Premium Poppers 24ml est sur le march\u00e9 depuis 2023 et contient l&rsquo;ancien v\u00e9ritable nitrite de pentyle. Ce poppers ne doit en aucun cas manquer lors de ta prochaine session de Sox et de sneakers endiabl\u00e9s. Gr\u00e2ce \u00e0 la force 6 de cette flacon, toi et tous les skateurs et sneakers boys, vous serez en pleine forme. SOX SNFFR Premium Poppers est \u00e9galement disponible en flacon de 10 ml.<\/li>\n<li><a href=\"https:\/\/dev.poppers-online.ch\/fr\/produit\/poppers-depot-de-garde-pour-4-flacons-noir\/\"><strong>D\u00e9p\u00f4t de rangement Poppers pour 4 flacons noir<\/strong><\/a> : Le d\u00e9p\u00f4t de rangement r\u00e9volutionnaire Poppers r\u00e9sout un probl\u00e8me bien connu : les flacons tra\u00eenent jusqu&rsquo;\u00e0 la prochaine utilisation, sont rang\u00e9es dans un tiroir ou dans une armoire f\u00e9tiche. Avec le d\u00e9p\u00f4t pour poppers, les flacons sont garanties de rester debout pendant le stockage et de ne pas tomber. De plus, gr\u00e2ce \u00e0 ce produit de rangement pratique, les poppers auront une place fixe et s\u00fbre dans ton tiroir, sur ton bureau, dans ton armoire f\u00e9tiche ou sur ta table de nuit. Mets de l&rsquo;ordre et donne \u00e0 tes flacons une place s\u00fbre et fixe. Cette variante offre de la place pour 3 petits flacons ronds ou XTRM Booster Cap et un flacon ovale de Shelbora ou Oxymoron.<\/li>\n<\/ul>\n","protected":false},"featured_media":66996,"comment_status":"open","ping_status":"closed","template":"","meta":{"_acf_changed":false,"_glsr_average":0,"_glsr_ranking":0,"_glsr_reviews":0},"product_brand":[],"product_cat":[1046,76,77,78,149,1297],"product_tag":[],"class_list":{"0":"post-69404","1":"product","2":"type-product","3":"status-publish","4":"has-post-thumbnail","6":"product_cat-poppers","7":"product_cat-paquets-economiques","8":"product_cat-grands-flacons","9":"product_cat-petits-flacons","10":"product_cat-accessoires-poppers","11":"product_cat-deopts-de-rangement","12":"pa_flaschenform-rond-petit","13":"pa_flaschenform-ovale","14":"pa_gewindegroesse-small","15":"pa_inhalt-combo","16":"pa_inhalt-24ml","17":"pa_inhalt-10ml","18":"pa_inhaltsstoffe-nitrite-de-pentyle","19":"pa_staerke-91","21":"first","22":"instock","23":"sale","24":"taxable","25":"shipping-taxable","26":"purchasable","27":"product-type-simple"},"acf":[],"_links":{"self":[{"href":"https:\/\/dev.poppers-online.ch\/fr\/wp-json\/wp\/v2\/product\/69404","targetHints":{"allow":["GET"]}}],"collection":[{"href":"https:\/\/dev.poppers-online.ch\/fr\/wp-json\/wp\/v2\/product"}],"about":[{"href":"https:\/\/dev.poppers-online.ch\/fr\/wp-json\/wp\/v2\/types\/product"}],"replies":[{"embeddable":true,"href":"https:\/\/dev.poppers-online.ch\/fr\/wp-json\/wp\/v2\/comments?post=69404"}],"wp:featuredmedia":[{"embeddable":true,"href":"https:\/\/dev.poppers-online.ch\/fr\/wp-json\/wp\/v2\/media\/66996"}],"wp:attachment":[{"href":"https:\/\/dev.poppers-online.ch\/fr\/wp-json\/wp\/v2\/media?parent=69404"}],"wp:term":[{"taxonomy":"product_brand","embeddable":true,"href":"https:\/\/dev.poppers-online.ch\/fr\/wp-json\/wp\/v2\/product_brand?post=69404"},{"taxonomy":"product_cat","embeddable":true,"href":"https:\/\/dev.poppers-online.ch\/fr\/wp-json\/wp\/v2\/product_cat?post=69404"},{"taxonomy":"product_tag","embeddable":true,"href":"https:\/\/dev.poppers-online.ch\/fr\/wp-json\/wp\/v2\/product_tag?post=69404"}],"curies":[{"name":"wp","href":"https:\/\/api.w.org\/{rel}","templated":true}]}}