{"id":69409,"date":"2023-09-17T20:37:25","date_gmt":"2023-09-17T18:37:25","guid":{"rendered":"https:\/\/poppers-online.ch\/?post_type=product&#038;p=69409"},"modified":"2025-10-23T13:44:51","modified_gmt":"2025-10-23T11:44:51","slug":"boite-cadeau-poppers-noir-rouge-avec-3-flacons-et-sniffer-anti-fuite","status":"publish","type":"product","link":"https:\/\/dev.poppers-online.ch\/fr\/produit\/boite-cadeau-poppers-noir-rouge-avec-3-flacons-et-sniffer-anti-fuite\/","title":{"rendered":"Bo\u00eete cadeau Poppers noir\/rouge avec 3 flacons et sniffer anti-fuite"},"content":{"rendered":"","protected":false},"excerpt":{"rendered":"<p>Tu cherches un cadeau pour un fan de poppers ou pour toi-m\u00eame ? Notre bo\u00eete cadeau Poppers noir\/rouge avec 3 flacons et un sniffer anti-fuite attirera l&rsquo;attention de la personne \u00e0 qui tu l&rsquo;offres. Ce coffret cadeau contient les 5 produits suivants :<\/p>\n<ul>\n<li><a href=\"https:\/\/dev.poppers-online.ch\/fr\/produit\/kinky-monster-black-poppers-10ml\/\"><strong>Kinky Monster Black Poppers 10ml<\/strong><\/a><strong>:<\/strong> s&rsquo;adresse \u00e0 tous les kinksters et est synonyme d&rsquo;un poppers encore plus fort et qui dure encore plus longtemps. En outre, les flacons de Kinky Monster Poppers contiennent du nitrite de pentyle particuli\u00e8rement pur et hautement concentr\u00e9. Les poppers Kinky Monster existent en 8 vari\u00e9t\u00e9s diff\u00e9rentes. Le Kinky Monster Black Poppers fait partie des poppers les plus puissants. Nous avons con\u00e7u ce poppers sp\u00e9cialement pour tous les fans de rubber et les kinky rubber boys. Aimes-tu \u00eatre en latex de haut en bas ou m\u00eame \u00eatre \u00e0 la merci de ton ma\u00eetre en tant que Rubber Gimp ? Alors, Kinky Monster Black Poppers fera certainement partie de ta prochaine session Rubber.<\/li>\n<li><a href=\"https:\/\/dev.poppers-online.ch\/fr\/produit\/bdsm-ultra-poppers-24ml\/\"><strong>BDSM ULTRA Poppers 24ml<\/strong><\/a><strong>:<\/strong>\u00a0est sur le march\u00e9 depuis 2023 et contient l&rsquo;ancien vrai nitrite de pentyle. Ce poppers pour avanc\u00e9s ne doit en aucun cas manquer lors de ta prochaine session BDSM excitante. Gr\u00e2ce \u00e0 la<strong> force 6 de<\/strong> ce flacon, toi et chaque esclave soumis en aurez pour votre argent. Le poppers BDSM ULTRA est ultra dur, ultra fort et ultra durable. Il est \u00e9galement disponible en flacon de 10 ml.<\/li>\n<li><a href=\"https:\/\/dev.poppers-online.ch\/fr\/produit\/booster-poppers-10ml\/\"><strong>BOOSTER Poppers 10ml<\/strong><\/a><strong>:<\/strong> est sur le march\u00e9 depuis 2023 et contient l&rsquo;ancien vrai nitrite de pentyle. La <strong>force 5 de<\/strong> ce flacon te fait oublier tout ce qui t&rsquo;entoure pour que tu puisses t&rsquo;abandonner pleinement \u00e0 tes sensations de plaisir. Booster te rend pr\u00eat pour des jeux prolong\u00e9s et des gros calibres de toutes sortes. BOOSTER Poppers est \u00e9galement disponible en flacon de 24 ml.<\/li>\n<li><a href=\"https:\/\/dev.poppers-online.ch\/fr\/produit\/poppers-booster-cap-xtrm-double-small-black-leak-proof\/\"><strong>Poppers Booster Cap XTRM LEAK PROOF Noir<\/strong><\/a><strong>:<\/strong>Le poppers est un produit de qualit\u00e9 sup\u00e9rieure. L&rsquo;\u00e9quipe XTRM a d\u00e9velopp\u00e9 \u00e0 cet effet une ing\u00e9nieuse casquette Poppers Booster XTRM Double Small Black LEAK PROOF anti-fuite et facile d&rsquo;utilisation avec bouton-pression. Tu visses le sniffer anti-fuite sur le flacon comme d&rsquo;habitude. Ce n&rsquo;est que lorsque tu appuies sur le bouton-poussoir situ\u00e9 sur le c\u00f4t\u00e9 du couvercle que le poppers s&rsquo;\u00e9coule de le flacon par le canal de kick. Lorsque tu rel\u00e2ches le bouton-poussoir, le sniffer est \u00e0 nouveau \u00e9tanche \u00e0 100% et le poppers reste dans le flacon, m\u00eame si celle-ci se renverse parce qu&rsquo;elle est en train de chauffer.<\/li>\n<li><a href=\"https:\/\/dev.poppers-online.ch\/fr\/produit\/poppers-depot-de-garde-pour-4-flacons-noir-rouge\/\"><strong>D\u00e9p\u00f4t de rangement Poppers pour 4 flacons noir-rouge<\/strong><\/a><strong>:<\/strong> Le d\u00e9p\u00f4t r\u00e9volutionnaire pour poppers r\u00e9sout un probl\u00e8me bien connu : les flacons tra\u00eenent jusqu&rsquo;\u00e0 la prochaine utilisation, sont dans le tiroir ou dans l&rsquo;armoire \u00e0 f\u00e9tiches. Avec le d\u00e9p\u00f4t de stockage de poppers, les flacons sont garanties de rester debout et de ne pas tomber pendant le stockage. De plus, ce produit pratique pour le rangement donne aux poppers une place fixe et s\u00fbre dans ton tiroir, sur ton bureau, dans ton armoire f\u00e9tiche ou sur ta table de nuit. Cr\u00e9e de l&rsquo;ordre et donne \u00e0 tes flacons une place s\u00fbre et fixe. Ce mod\u00e8le peut accueillir <strong>3 petits flacons ronds<\/strong> ou <strong>XTRM Booster Cap<\/strong> et <strong>un flacon ovale de Shelbora ou Oxymoron<\/strong>.<\/li>\n<\/ul>\n","protected":false},"featured_media":67006,"comment_status":"open","ping_status":"closed","template":"","meta":{"_acf_changed":false,"_glsr_average":0,"_glsr_ranking":0,"_glsr_reviews":0},"product_brand":[],"product_cat":[1046,76,77,78,149,1297,1303],"product_tag":[1881],"class_list":{"0":"post-69409","1":"product","2":"type-product","3":"status-publish","4":"has-post-thumbnail","6":"product_cat-poppers","7":"product_cat-paquets-economiques","8":"product_cat-grands-flacons","9":"product_cat-petits-flacons","10":"product_cat-accessoires-poppers","11":"product_cat-deopts-de-rangement","12":"product_cat-booster-caps","13":"product_tag-boite-cadeau-poppers-noir-rouge-avec-3-flacons-et-sniffer-anti-fuite","14":"pa_flaschenform-rond-petit","15":"pa_flaschenform-ovale","16":"pa_gewindegroesse-small","17":"pa_inhalt-combo","18":"pa_inhalt-24ml","19":"pa_inhalt-10ml","20":"pa_inhaltsstoffe-nitrite-de-pentyle","21":"pa_staerke-91","23":"first","24":"instock","25":"sale","26":"taxable","27":"shipping-taxable","28":"purchasable","29":"product-type-simple"},"acf":[],"_links":{"self":[{"href":"https:\/\/dev.poppers-online.ch\/fr\/wp-json\/wp\/v2\/product\/69409","targetHints":{"allow":["GET"]}}],"collection":[{"href":"https:\/\/dev.poppers-online.ch\/fr\/wp-json\/wp\/v2\/product"}],"about":[{"href":"https:\/\/dev.poppers-online.ch\/fr\/wp-json\/wp\/v2\/types\/product"}],"replies":[{"embeddable":true,"href":"https:\/\/dev.poppers-online.ch\/fr\/wp-json\/wp\/v2\/comments?post=69409"}],"wp:featuredmedia":[{"embeddable":true,"href":"https:\/\/dev.poppers-online.ch\/fr\/wp-json\/wp\/v2\/media\/67006"}],"wp:attachment":[{"href":"https:\/\/dev.poppers-online.ch\/fr\/wp-json\/wp\/v2\/media?parent=69409"}],"wp:term":[{"taxonomy":"product_brand","embeddable":true,"href":"https:\/\/dev.poppers-online.ch\/fr\/wp-json\/wp\/v2\/product_brand?post=69409"},{"taxonomy":"product_cat","embeddable":true,"href":"https:\/\/dev.poppers-online.ch\/fr\/wp-json\/wp\/v2\/product_cat?post=69409"},{"taxonomy":"product_tag","embeddable":true,"href":"https:\/\/dev.poppers-online.ch\/fr\/wp-json\/wp\/v2\/product_tag?post=69409"}],"curies":[{"name":"wp","href":"https:\/\/api.w.org\/{rel}","templated":true}]}}