{"id":71526,"date":"2023-10-03T15:43:07","date_gmt":"2023-10-03T13:43:07","guid":{"rendered":"https:\/\/poppers-online.ch\/?post_type=product&#038;p=71526"},"modified":"2024-10-15T23:40:47","modified_gmt":"2024-10-15T21:40:47","slug":"beginner-combo-pack-3-x-10ml-poppers","status":"publish","type":"product","link":"https:\/\/dev.poppers-online.ch\/fr\/produit\/beginner-combo-pack-3-x-10ml-poppers\/","title":{"rendered":"Beginner Combo Pack 3 x 10ml Poppers"},"content":{"rendered":"","protected":false},"excerpt":{"rendered":"<p><strong>Beginner Combo Pack 3 x 10ml Poppers<\/strong> contient : 1x Basic Bitch for Beginners Poppers 10ml, 1x Kinky Monster Poppers Original 10ml et Dirty PIG 10ml Poppers.<\/p>\n<p><a href=\"https:\/\/dev.poppers-online.ch\/fr\/produit\/basic-bitch-for-beginners-poppers-10ml\/\"><strong>BASIC BITCH FOR BEGINNERS Poppers 10ml<\/strong><\/a> est sur le march\u00e9 depuis 2023 et contient l&rsquo;ancien vrai nitrite de pentyle. Ce poppers est destin\u00e9 aux hommes et aux femmes qui veulent s&rsquo;initier au monde du poppers. Ce poppers l\u00e8ve tes inhibitions et fait de toi une simple salope au lit ou en soir\u00e9e. Si tu n&rsquo;as jamais consomm\u00e9 de poppers, consulte nos conseils dans la section FAQ de ce site. Le poppers BASIC BITCH FOR BEGINNERS est \u00e9galement disponible en flacons de 24 ml.<\/p>\n<p>Le <a href=\"https:\/\/dev.poppers-online.ch\/fr\/produit\/kinky-monster-original-poppers-10ml\/\"><strong>Kinky Monster Original Poppers 10ml<\/strong><\/a> s&rsquo;adresse \u00e0 tous les kinksters et est synonyme de poppers encore plus forts et qui durent encore plus longtemps. Les flacons de Kinky Monster Poppers contiennent en outre du pentyl nitrite particuli\u00e8rement pur et hautement concentr\u00e9. Les poppers Kinky Monster sont disponibles en 8 vari\u00e9t\u00e9s diff\u00e9rentes. Kinky Monster Original est la formule de base de tous les produits Kinky Monster Poppers.<\/p>\n<p><a href=\"https:\/\/dev.poppers-online.ch\/fr\/produit\/dirty-pig-poppers-10ml\/\"><strong>Dirty PIG Poppers 10ml<\/strong><\/a> est sur le march\u00e9 depuis 2023 et contient l&rsquo;ancien vrai nitrite de pentyle. Ce poppers ne doit en aucun cas manquer lors de ta prochaine session coquine. La force 5 de ce flacon te permettra de profiter pleinement de tes aventures sexuelles sulfureuses. Dirty PIG Poppers fera de toi une vraie truie au lit. Dirty PIG Poppers est \u00e9galement disponible dans un flacon de 24 ml.<\/p>\n","protected":false},"featured_media":71530,"comment_status":"open","ping_status":"closed","template":"","meta":{"_acf_changed":false,"_glsr_average":0,"_glsr_ranking":0,"_glsr_reviews":0},"product_brand":[],"product_cat":[1046,76,78],"product_tag":[1259],"class_list":{"0":"post-71526","1":"product","2":"type-product","3":"status-publish","4":"has-post-thumbnail","6":"product_cat-poppers","7":"product_cat-paquets-economiques","8":"product_cat-petits-flacons","9":"product_tag-swiss-edition-poppers-combo-3-x-10ml-poppers-fr","10":"pa_flaschenform-rond-petit","11":"pa_gewindegroesse-small","12":"pa_inhalt-combo","13":"pa_inhalt-10ml","14":"pa_inhaltsstoffe-nitrite-de-pentyle","15":"pa_marke-kinky-monster-poppers","16":"pa_marke-edition-oxy","17":"pa_staerke-90","19":"first","20":"instock","21":"sale","22":"taxable","23":"shipping-taxable","24":"purchasable","25":"product-type-simple"},"acf":[],"_links":{"self":[{"href":"https:\/\/dev.poppers-online.ch\/fr\/wp-json\/wp\/v2\/product\/71526","targetHints":{"allow":["GET"]}}],"collection":[{"href":"https:\/\/dev.poppers-online.ch\/fr\/wp-json\/wp\/v2\/product"}],"about":[{"href":"https:\/\/dev.poppers-online.ch\/fr\/wp-json\/wp\/v2\/types\/product"}],"replies":[{"embeddable":true,"href":"https:\/\/dev.poppers-online.ch\/fr\/wp-json\/wp\/v2\/comments?post=71526"}],"wp:featuredmedia":[{"embeddable":true,"href":"https:\/\/dev.poppers-online.ch\/fr\/wp-json\/wp\/v2\/media\/71530"}],"wp:attachment":[{"href":"https:\/\/dev.poppers-online.ch\/fr\/wp-json\/wp\/v2\/media?parent=71526"}],"wp:term":[{"taxonomy":"product_brand","embeddable":true,"href":"https:\/\/dev.poppers-online.ch\/fr\/wp-json\/wp\/v2\/product_brand?post=71526"},{"taxonomy":"product_cat","embeddable":true,"href":"https:\/\/dev.poppers-online.ch\/fr\/wp-json\/wp\/v2\/product_cat?post=71526"},{"taxonomy":"product_tag","embeddable":true,"href":"https:\/\/dev.poppers-online.ch\/fr\/wp-json\/wp\/v2\/product_tag?post=71526"}],"curies":[{"name":"wp","href":"https:\/\/api.w.org\/{rel}","templated":true}]}}