{"id":71547,"date":"2023-10-03T16:32:19","date_gmt":"2023-10-03T14:32:19","guid":{"rendered":"https:\/\/poppers-online.ch\/?post_type=product&#038;p=71547"},"modified":"2025-10-27T15:27:36","modified_gmt":"2025-10-27T14:27:36","slug":"extreme-play-hard-poppers-combo-3-x-24ml-poppers","status":"publish","type":"product","link":"https:\/\/dev.poppers-online.ch\/fr\/produit\/extreme-play-hard-poppers-combo-3-x-24ml-poppers\/","title":{"rendered":"Extreme Play Hard Poppers Combo 3 x 24ml Poppers"},"content":{"rendered":"","protected":false},"excerpt":{"rendered":"<p><span style=\"font-weight: 400;\"><strong>Extreme Play Hard Poppers Combo 3 x 24ml Poppers<\/strong> comprend : 1x BDSM ULTRA Poppers 24ml, GLORY HOLE Poppers 24ml et Booster Poppers 24ml. <\/span><\/p>\n<p><a href=\"https:\/\/dev.poppers-online.ch\/fr\/produit\/bdsm-ultra-poppers-24ml\/\"><strong>BDSM ULTRA Poppers 24ml<\/strong><\/a> est sur le march\u00e9 depuis 2023 et contient l&rsquo;ancien vrai pentyl nitrite. Ce poppers pour les pros ne doit en aucun cas manquer \u00e0 ta prochaine session BDSM bien hard. Gr\u00e2ce \u00e0 <strong>la intensit\u00e9 6<\/strong> de ce flacon, toi et chaque esclave soumis en aurez pour votre argent. Le poppers BDSM ULTRA est ultra dur, ultra fort et ultra durable. Il est \u00e9galement dispo en flacon de 10 ml.<\/p>\n<p><a href=\"https:\/\/dev.poppers-online.ch\/fr\/produit\/glory-hole-poppers-24ml\/\"><strong>GLORY HOLE Poppers 24ml<\/strong><\/a> est sur le march\u00e9 depuis 2023 et contient l&rsquo;ancien vrai pentyl nitrite. Ce poppers est destin\u00e9 \u00e0 tous les fans d&rsquo;oral dont la bouche n&rsquo;en a jamais assez. Gr\u00e2ce \u00e0 la <strong>force 6 de<\/strong> ce flacon, tu en veux toujours plus, que tu sois fan de Gloryhole ou expert en mati\u00e8re d&rsquo;hygi\u00e8ne buccale. GLORY HOLE Poppers est \u00e9galement disponible en flacon de 10 ml.<\/p>\n<p><a href=\"https:\/\/dev.poppers-online.ch\/fr\/produit\/booster-poppers-24ml\/\"><strong>BOOSTER Poppers 24ml<\/strong><\/a>est sur le march\u00e9 depuis 2023 et contient l&rsquo;ancien vrai pentyl nitrite. La <strong>force 5 de<\/strong> ce flacon te fait oublier tout ce qui t&rsquo;entoure pour que tu puisses t&rsquo;abandonner pleinement \u00e0 tes sensations de plaisir. Booster te pr\u00e9pare \u00e0 des parties prolong\u00e9es et \u00e0 des gros calibres de toutes sortes. BOOSTER Poppers est aussi dispo en flacon de 10 ml.<\/p>\n","protected":false},"featured_media":71551,"comment_status":"open","ping_status":"closed","template":"","meta":{"_acf_changed":false,"_glsr_average":0,"_glsr_ranking":0,"_glsr_reviews":0},"product_brand":[],"product_cat":[1046,76,77],"product_tag":[1270],"class_list":{"0":"post-71547","1":"product","2":"type-product","3":"status-publish","4":"has-post-thumbnail","6":"product_cat-poppers","7":"product_cat-paquets-economiques","8":"product_cat-grands-flacons","9":"product_tag-extreme-play-hard-poppers-combo-3-x-24ml-poppers-fr","10":"pa_flaschenform-ovale","11":"pa_gewindegroesse-small","12":"pa_inhalt-combo","13":"pa_inhalt-24ml","14":"pa_inhaltsstoffe-nitrite-de-pentyle","15":"pa_marke-edition-oxy","16":"pa_staerke-91","18":"first","19":"instock","20":"sale","21":"taxable","22":"shipping-taxable","23":"purchasable","24":"product-type-simple"},"acf":[],"_links":{"self":[{"href":"https:\/\/dev.poppers-online.ch\/fr\/wp-json\/wp\/v2\/product\/71547","targetHints":{"allow":["GET"]}}],"collection":[{"href":"https:\/\/dev.poppers-online.ch\/fr\/wp-json\/wp\/v2\/product"}],"about":[{"href":"https:\/\/dev.poppers-online.ch\/fr\/wp-json\/wp\/v2\/types\/product"}],"replies":[{"embeddable":true,"href":"https:\/\/dev.poppers-online.ch\/fr\/wp-json\/wp\/v2\/comments?post=71547"}],"wp:featuredmedia":[{"embeddable":true,"href":"https:\/\/dev.poppers-online.ch\/fr\/wp-json\/wp\/v2\/media\/71551"}],"wp:attachment":[{"href":"https:\/\/dev.poppers-online.ch\/fr\/wp-json\/wp\/v2\/media?parent=71547"}],"wp:term":[{"taxonomy":"product_brand","embeddable":true,"href":"https:\/\/dev.poppers-online.ch\/fr\/wp-json\/wp\/v2\/product_brand?post=71547"},{"taxonomy":"product_cat","embeddable":true,"href":"https:\/\/dev.poppers-online.ch\/fr\/wp-json\/wp\/v2\/product_cat?post=71547"},{"taxonomy":"product_tag","embeddable":true,"href":"https:\/\/dev.poppers-online.ch\/fr\/wp-json\/wp\/v2\/product_tag?post=71547"}],"curies":[{"name":"wp","href":"https:\/\/api.w.org\/{rel}","templated":true}]}}