{"id":73808,"date":"2023-10-25T16:05:19","date_gmt":"2023-10-25T14:05:20","guid":{"rendered":"https:\/\/poppers-online.ch\/?post_type=product&#038;p=73808"},"modified":"2024-10-15T23:40:39","modified_gmt":"2024-10-15T21:40:39","slug":"solo-sex-poppers-combo-tenga-premium-masturbator-vacuum-cup-strong-kinky-monster-poppers-10ml-ultra-strong","status":"publish","type":"product","link":"https:\/\/dev.poppers-online.ch\/fr\/produit\/solo-sex-poppers-combo-tenga-premium-masturbator-vacuum-cup-strong-kinky-monster-poppers-10ml-ultra-strong\/","title":{"rendered":"Solo Sex Poppers Combo Tenga Premium Masturbator Vacuum Cup Strong Kinky Monster Poppers 10ml Ultra Strong"},"content":{"rendered":"","protected":false},"excerpt":{"rendered":"<p><strong>Le Combo Solo Sex Poppers<\/strong> se compose de deux produits : <strong>1x <a href=\"https:\/\/dev.poppers-online.ch\/fr\/produit\/tenga-premium-original-vacuum-cup-strong\/\">Tenga Premium Original Vacuum Cup Strong<\/a><\/strong> et <strong>1x <a href=\"https:\/\/dev.poppers-online.ch\/fr\/produit\/kinky-monster-black-poppers-10ml\/\">Kinky Monster Ultra Strong 10ml Poppers<\/a><\/strong>. La combinaison parfaite de deux produits de haute qualit\u00e9 pour ceux qui souhaitent prendre un moment pour eux et appr\u00e9cier.<\/p>\n<p><a href=\"https:\/\/dev.poppers-online.ch\/fr\/produit\/kinky-monster-black-poppers-10ml\/\"><strong>Kinky Monster Black Poppers 10 ml<\/strong><\/a> s&rsquo;adresse \u00e0 tous les adeptes du f\u00e9tichisme et repr\u00e9sente des poppers encore plus forts et durables. Ces flacons de Kinky Monster Poppers contiennent du nitrite de pentyle exceptionnellement pur et \u00e0 forte concentration. Les Kinky Monster Poppers sont disponibles en 8 vari\u00e9t\u00e9s diff\u00e9rentes. Les Kinky Monster Black Poppers sont parmi les poppers les plus puissants. Nous avons sp\u00e9cialement d\u00e9velopp\u00e9 ce poppers pour tous les amateurs de latex et les gar\u00e7ons f\u00e9tichistes du latex. Aimez-vous \u00eatre habill\u00e9 de la t\u00eate aux pieds en latex ou m\u00eame \u00eatre \u00e0 la merci de votre ma\u00eetre en tant que gimp en latex ? Alors, les Kinky Monster Black Poppers devraient absolument faire partie de votre prochaine s\u00e9ance de f\u00e9tichisme en latex.<\/p>\n<p>Le <a href=\"https:\/\/dev.poppers-online.ch\/fr\/produit\/tenga-premium-original-vacuum-cup-strong\/\"><strong>Tenga Premium Original Vacuum Cup Strong<\/strong><\/a> offre des am\u00e9liorations exquises au standard d&rsquo;or du plaisir, soutenues par 15 ans d&rsquo;exp\u00e9rience et de technologie accumul\u00e9es. Cette version premium du c\u00e9l\u00e8bre Original Vacuum CUP de TENGA est \u00e9quip\u00e9e d&rsquo;une manche en \u00e9lastom\u00e8re 1,5 fois plus \u00e9paisse, offrant une sensation encore plus intense de l&rsquo;insertion \u00e0 la fin.<\/p>\n<p>La manche en \u00e9lastom\u00e8re est 1,5 fois plus \u00e9paisse que celle de la s\u00e9rie CUP standard, avec des d\u00e9tails complexes \u00e0 l&rsquo;int\u00e9rieur, pr\u00e9-lubrifi\u00e9e avec notre lotion interne premium pour l&rsquo;exp\u00e9rience ultime du TENGA CUP.<\/p>\n<p><strong>Achetez maintenant le Combo Solo Sex Poppers Tenga Premium Masturbator Vacuum Cup Strong avec les Kinky Monster Poppers 10ml Ultra Strong et profitez de votre temps en solitaire !<\/strong><\/p>\n","protected":false},"featured_media":89591,"comment_status":"open","ping_status":"closed","template":"","meta":{"_acf_changed":false,"_glsr_average":0,"_glsr_ranking":0,"_glsr_reviews":0},"product_brand":[],"product_cat":[1046,76,78],"product_tag":[647,1396,646,1253],"class_list":{"0":"post-73808","1":"product","2":"type-product","3":"status-publish","4":"has-post-thumbnail","6":"product_cat-poppers","7":"product_cat-paquets-economiques","8":"product_cat-petits-flacons","9":"product_tag-masturbateur","10":"product_tag-solo-sex-poppers-combo-tenga-premium-masturbator-vacuum-cup-strong-kinky-monster-poppers-10ml-ultra-strong-fr","11":"product_tag-tenga-fr","12":"product_tag-tenga-premium-original-vacuum-cup-strong-fr","13":"pa_inhalt-combo","14":"pa_staerke-91","16":"first","17":"instock","18":"taxable","19":"shipping-taxable","20":"purchasable","21":"product-type-simple"},"acf":[],"_links":{"self":[{"href":"https:\/\/dev.poppers-online.ch\/fr\/wp-json\/wp\/v2\/product\/73808","targetHints":{"allow":["GET"]}}],"collection":[{"href":"https:\/\/dev.poppers-online.ch\/fr\/wp-json\/wp\/v2\/product"}],"about":[{"href":"https:\/\/dev.poppers-online.ch\/fr\/wp-json\/wp\/v2\/types\/product"}],"replies":[{"embeddable":true,"href":"https:\/\/dev.poppers-online.ch\/fr\/wp-json\/wp\/v2\/comments?post=73808"}],"wp:featuredmedia":[{"embeddable":true,"href":"https:\/\/dev.poppers-online.ch\/fr\/wp-json\/wp\/v2\/media\/89591"}],"wp:attachment":[{"href":"https:\/\/dev.poppers-online.ch\/fr\/wp-json\/wp\/v2\/media?parent=73808"}],"wp:term":[{"taxonomy":"product_brand","embeddable":true,"href":"https:\/\/dev.poppers-online.ch\/fr\/wp-json\/wp\/v2\/product_brand?post=73808"},{"taxonomy":"product_cat","embeddable":true,"href":"https:\/\/dev.poppers-online.ch\/fr\/wp-json\/wp\/v2\/product_cat?post=73808"},{"taxonomy":"product_tag","embeddable":true,"href":"https:\/\/dev.poppers-online.ch\/fr\/wp-json\/wp\/v2\/product_tag?post=73808"}],"curies":[{"name":"wp","href":"https:\/\/api.w.org\/{rel}","templated":true}]}}