{"id":73816,"date":"2023-10-25T16:11:21","date_gmt":"2023-10-25T14:11:21","guid":{"rendered":"https:\/\/poppers-online.ch\/?post_type=product&#038;p=73816"},"modified":"2024-10-15T23:40:38","modified_gmt":"2024-10-15T21:40:38","slug":"hit-hold-release-livre-de-poche-a-gay-adult-poppers-fantasy-edition-anglaise-vol-1","status":"publish","type":"product","link":"https:\/\/dev.poppers-online.ch\/fr\/produit\/hit-hold-release-livre-de-poche-a-gay-adult-poppers-fantasy-edition-anglaise-vol-1\/","title":{"rendered":"Hit Hold Release &#8211; Livre de poche &#8211; A Gay Adult Poppers Fantasy &#8211; \u00c9dition anglaise Vol.1"},"content":{"rendered":"","protected":false},"excerpt":{"rendered":"<p>Il est enfin l\u00e0 &#8211; le premier livre porno d&rsquo;histoires de sexe pour tous ceux qui aiment le poppers et le sexe entre hommes ! Tim Willems a \u00e9crit en d\u00e9tail ses exp\u00e9riences sexuelles les plus excitantes pour la premi\u00e8re partie, qui feront bander ta queue et t&rsquo;inciteront \u00e0 sniffer des poppers. Pour la deuxi\u00e8me partie du livre \u00e9rotique gay, les poppersbators du monde entier ont pu soumettre leurs histoires, qui te serviront \u00e9galement de mod\u00e8le de branlette ! Le point fort est l&rsquo;entra\u00eenement aux poppers, que tu as peut-\u00eatre d\u00e9j\u00e0 vu dans diff\u00e9rentes vid\u00e9os. Ici aussi, tu suis les instructions HIT &#8211; HOLD &#8211; RELEASE et tu as en t\u00eate le porno le plus chaud. Porno : celui que ton imagination et les images que Tim te met dans la t\u00eate cr\u00e9ent ensemble. Et ne t&rsquo;inqui\u00e8te pas, plus tu sniff de poppers lors de l&rsquo;entra\u00eenement, plus l&rsquo;\u00e9criture sera grande, Tim a pens\u00e9 \u00e0 tout ! Tu es ainsi assur\u00e9 de passer des heures de plaisir ind\u00e9pendamment d&rsquo;Internet ! Maintenant, prends ton poppers et vas-y !<br \/>\nHIT !<br \/>\nHOLD !<br \/>\nRELEASE !<\/p>\n","protected":false},"featured_media":73827,"comment_status":"open","ping_status":"closed","template":"","meta":{"_acf_changed":false,"_glsr_average":0,"_glsr_ranking":0,"_glsr_reviews":0},"product_brand":[],"product_cat":[149],"product_tag":[],"class_list":{"0":"post-73816","1":"product","2":"type-product","3":"status-publish","4":"has-post-thumbnail","6":"product_cat-accessoires-poppers","8":"first","9":"instock","10":"taxable","11":"shipping-taxable","12":"purchasable","13":"product-type-simple"},"acf":[],"_links":{"self":[{"href":"https:\/\/dev.poppers-online.ch\/fr\/wp-json\/wp\/v2\/product\/73816","targetHints":{"allow":["GET"]}}],"collection":[{"href":"https:\/\/dev.poppers-online.ch\/fr\/wp-json\/wp\/v2\/product"}],"about":[{"href":"https:\/\/dev.poppers-online.ch\/fr\/wp-json\/wp\/v2\/types\/product"}],"replies":[{"embeddable":true,"href":"https:\/\/dev.poppers-online.ch\/fr\/wp-json\/wp\/v2\/comments?post=73816"}],"wp:featuredmedia":[{"embeddable":true,"href":"https:\/\/dev.poppers-online.ch\/fr\/wp-json\/wp\/v2\/media\/73827"}],"wp:attachment":[{"href":"https:\/\/dev.poppers-online.ch\/fr\/wp-json\/wp\/v2\/media?parent=73816"}],"wp:term":[{"taxonomy":"product_brand","embeddable":true,"href":"https:\/\/dev.poppers-online.ch\/fr\/wp-json\/wp\/v2\/product_brand?post=73816"},{"taxonomy":"product_cat","embeddable":true,"href":"https:\/\/dev.poppers-online.ch\/fr\/wp-json\/wp\/v2\/product_cat?post=73816"},{"taxonomy":"product_tag","embeddable":true,"href":"https:\/\/dev.poppers-online.ch\/fr\/wp-json\/wp\/v2\/product_tag?post=73816"}],"curies":[{"name":"wp","href":"https:\/\/api.w.org\/{rel}","templated":true}]}}